{"id":11565,"date":"2022-10-21T18:00:22","date_gmt":"2022-10-21T15:00:22","guid":{"rendered":"https:\/\/homeemotion.lt\/?post_type=product&#038;p=11565"},"modified":"2026-04-17T22:11:19","modified_gmt":"2026-04-17T19:11:19","slug":"praepann-vipiteno-28cm","status":"publish","type":"product","link":"https:\/\/homeemotion.lt\/lt\/toode\/praepann-vipiteno-28cm\/","title":{"rendered":"Praepann Vipiteno 28cm"},"content":{"rendered":"","protected":false},"excerpt":{"rendered":"<p>Panni suurus 28 cm. Sobib k\u00f5ikidele pliitidele, sh induktsioonpliitidele. Kriimustuse kindel, mittenakkuv Nerolite kate. THERMOTION indikaator nupp panni k\u00e4epidemel n\u00e4itab kas pann on valmis k\u00fcpsetamiseks. Rohkem ohutust: patenteeritud nupp THERMOTION annab m\u00e4rku, kui pann on jahtunud. Patenteeritud induktsioonp\u00f5hi tagab maksimaalse j\u00f5udluse ja suurep\u00e4rase stabiilsuse. Ergonoomiline BALLARINI plastikust k\u00e4epide ei l\u00e4he kuumaks panni kasutades<\/p>","protected":false},"featured_media":16584,"template":"","meta":{"om_disable_all_campaigns":false,"_uf_show_specific_survey":0,"_uf_disable_surveys":false},"product_brand":[1081],"product_cat":[955],"product_tag":[518],"class_list":{"0":"post-11565","1":"product","2":"type-product","3":"status-publish","4":"has-post-thumbnail","6":"product_brand-ballarini","7":"product_cat-kodu","8":"product_tag-ballarini","10":"first","11":"instock","12":"taxable","13":"shipping-taxable","14":"purchasable","15":"product-type-simple"},"aioseo_notices":[],"_links":{"self":[{"href":"https:\/\/homeemotion.lt\/lt\/wp-json\/wp\/v2\/product\/11565","targetHints":{"allow":["GET"]}}],"collection":[{"href":"https:\/\/homeemotion.lt\/lt\/wp-json\/wp\/v2\/product"}],"about":[{"href":"https:\/\/homeemotion.lt\/lt\/wp-json\/wp\/v2\/types\/product"}],"wp:featuredmedia":[{"embeddable":true,"href":"https:\/\/homeemotion.lt\/lt\/wp-json\/wp\/v2\/media\/16584"}],"wp:attachment":[{"href":"https:\/\/homeemotion.lt\/lt\/wp-json\/wp\/v2\/media?parent=11565"}],"wp:term":[{"taxonomy":"product_brand","embeddable":true,"href":"https:\/\/homeemotion.lt\/lt\/wp-json\/wp\/v2\/product_brand?post=11565"},{"taxonomy":"product_cat","embeddable":true,"href":"https:\/\/homeemotion.lt\/lt\/wp-json\/wp\/v2\/product_cat?post=11565"},{"taxonomy":"product_tag","embeddable":true,"href":"https:\/\/homeemotion.lt\/lt\/wp-json\/wp\/v2\/product_tag?post=11565"}],"curies":[{"name":"wp","href":"https:\/\/api.w.org\/{rel}","templated":true}]}}