{"id":11549,"date":"2022-10-21T17:04:53","date_gmt":"2022-10-21T14:04:53","guid":{"rendered":"https:\/\/homeemotion.lt\/?post_type=product&#038;p=11549"},"modified":"2026-04-17T20:36:06","modified_gmt":"2026-04-17T17:36:06","slug":"pott-cortina-granitum-eco-16-cm","status":"publish","type":"product","link":"https:\/\/homeemotion.lt\/lt\/toode\/pott-cortina-granitum-eco-16-cm\/","title":{"rendered":"Puodas \"Cortina Granitum Eco\" 16 cm"},"content":{"rendered":"","protected":false},"excerpt":{"rendered":"<p>Poti suurus 16 cm. 5-kihiline mittenakkuv GRANITIUM EXTREME materjal, tugevdatud mineraalosakestega. Kriimustuskindel, kulumiskindel. Suurep\u00e4rane stabiilsus: patenteeritud induktsioonp\u00f5hi. K\u00f5rge soojustakistusega v\u00e4liskate, pikk kasutusiga. N\u00f5udepesumasinas pestav<\/p>","protected":false},"featured_media":16576,"template":"","meta":{"om_disable_all_campaigns":false,"_uf_show_specific_survey":0,"_uf_disable_surveys":false},"product_brand":[1081],"product_cat":[955],"product_tag":[518],"class_list":{"0":"post-11549","1":"product","2":"type-product","3":"status-publish","4":"has-post-thumbnail","6":"product_brand-ballarini","7":"product_cat-kodu","8":"product_tag-ballarini","10":"first","11":"instock","12":"taxable","13":"shipping-taxable","14":"purchasable","15":"product-type-simple"},"aioseo_notices":[],"_links":{"self":[{"href":"https:\/\/homeemotion.lt\/lt\/wp-json\/wp\/v2\/product\/11549","targetHints":{"allow":["GET"]}}],"collection":[{"href":"https:\/\/homeemotion.lt\/lt\/wp-json\/wp\/v2\/product"}],"about":[{"href":"https:\/\/homeemotion.lt\/lt\/wp-json\/wp\/v2\/types\/product"}],"wp:featuredmedia":[{"embeddable":true,"href":"https:\/\/homeemotion.lt\/lt\/wp-json\/wp\/v2\/media\/16576"}],"wp:attachment":[{"href":"https:\/\/homeemotion.lt\/lt\/wp-json\/wp\/v2\/media?parent=11549"}],"wp:term":[{"taxonomy":"product_brand","embeddable":true,"href":"https:\/\/homeemotion.lt\/lt\/wp-json\/wp\/v2\/product_brand?post=11549"},{"taxonomy":"product_cat","embeddable":true,"href":"https:\/\/homeemotion.lt\/lt\/wp-json\/wp\/v2\/product_cat?post=11549"},{"taxonomy":"product_tag","embeddable":true,"href":"https:\/\/homeemotion.lt\/lt\/wp-json\/wp\/v2\/product_tag?post=11549"}],"curies":[{"name":"wp","href":"https:\/\/api.w.org\/{rel}","templated":true}]}}