{"id":11545,"date":"2022-10-21T16:35:44","date_gmt":"2022-10-21T13:35:44","guid":{"rendered":"https:\/\/homeemotion.lt\/?post_type=product&#038;p=11545"},"modified":"2026-04-17T20:36:06","modified_gmt":"2026-04-17T17:36:06","slug":"praepann-cortina-granitum-eco-28-cm","status":"publish","type":"product","link":"https:\/\/homeemotion.lt\/lt\/toode\/praepann-cortina-granitum-eco-28-cm\/","title":{"rendered":"Keptuv\u0117 Cortina Granitum Eco 28cm"},"content":{"rendered":"","protected":false},"excerpt":{"rendered":"<p>Panni suurus 28 cm. 5-kihiline mittenakkuv GRANITIUM EXTREME materjal, tugevdatud mineraalosakestega. Kriimustuskindel, kulumiskindel. THERMOPOINT \u2013 energias\u00e4\u00e4stlik ja termo\u0161okivastane seade (olemas pannidel, 1 k\u00e4epidemega pannil ja grillpannil). PUNANE: kuum, k\u00fcpsetamiseks valmis, saate kuumust alandada ja energiat s\u00e4\u00e4sta! ROHELINE: ohutu puudutada ja pesta, v\u00e4ltige p\u00f5letusi ja termilist \u0161okki pannile, mis v\u00f5ib mittenakkuvat materjali kahjustada.. Suurep\u00e4rane stabiilsus: patenteeritud induktsioonp\u00f5hi. Vastupidav k\u00e4epide &#8211; ahjus kuni 160\u00b0C. K\u00f5rge soojustakistusega v\u00e4liskate, pikk kasutusiga. N\u00f5udepesumasinas pestav<\/p>","protected":false},"featured_media":16571,"template":"","meta":{"om_disable_all_campaigns":false,"_uf_show_specific_survey":0,"_uf_disable_surveys":false},"product_brand":[1081],"product_cat":[955],"product_tag":[518],"class_list":{"0":"post-11545","1":"product","2":"type-product","3":"status-publish","4":"has-post-thumbnail","6":"product_brand-ballarini","7":"product_cat-kodu","8":"product_tag-ballarini","10":"first","11":"instock","12":"taxable","13":"shipping-taxable","14":"purchasable","15":"product-type-simple"},"aioseo_notices":[],"_links":{"self":[{"href":"https:\/\/homeemotion.lt\/lt\/wp-json\/wp\/v2\/product\/11545","targetHints":{"allow":["GET"]}}],"collection":[{"href":"https:\/\/homeemotion.lt\/lt\/wp-json\/wp\/v2\/product"}],"about":[{"href":"https:\/\/homeemotion.lt\/lt\/wp-json\/wp\/v2\/types\/product"}],"wp:featuredmedia":[{"embeddable":true,"href":"https:\/\/homeemotion.lt\/lt\/wp-json\/wp\/v2\/media\/16571"}],"wp:attachment":[{"href":"https:\/\/homeemotion.lt\/lt\/wp-json\/wp\/v2\/media?parent=11545"}],"wp:term":[{"taxonomy":"product_brand","embeddable":true,"href":"https:\/\/homeemotion.lt\/lt\/wp-json\/wp\/v2\/product_brand?post=11545"},{"taxonomy":"product_cat","embeddable":true,"href":"https:\/\/homeemotion.lt\/lt\/wp-json\/wp\/v2\/product_cat?post=11545"},{"taxonomy":"product_tag","embeddable":true,"href":"https:\/\/homeemotion.lt\/lt\/wp-json\/wp\/v2\/product_tag?post=11545"}],"curies":[{"name":"wp","href":"https:\/\/api.w.org\/{rel}","templated":true}]}}