{"id":11540,"date":"2022-10-21T16:09:31","date_gmt":"2022-10-21T13:09:31","guid":{"rendered":"https:\/\/homeemotion.lt\/?post_type=product&#038;p=11540"},"modified":"2026-04-17T22:11:18","modified_gmt":"2026-04-17T19:11:18","slug":"wok-pann-siena-28-cm","status":"publish","type":"product","link":"https:\/\/homeemotion.lt\/lt\/toode\/wok-pann-siena-28-cm\/","title":{"rendered":"Wok keptuv\u0117 Siena 28cm"},"content":{"rendered":"","protected":false},"excerpt":{"rendered":"<p>Panni suurus 28 cm. Matt must Quartz Plus mittenakkuv kate kolmes kihis \u2013 ideaalne sagedaseks kasutamiseks ja peaaegu rasvavabaks k\u00fcpsetamiseks. Ergonoomiline, soojusisolatsiooniga k\u00e4epide libisemiskindla kummikattega \u2013 temperatuurikindel kuni 160 \u00b0C. Alumiiniumist alus soojuse kiireks ja \u00fchtlaseks jaotamiseks &#8211; igat t\u00fc\u00fcpi pliitidele, v\u00e4lja arvatud induktsioon. N\u00f5udepesumasinas pestav. Kate ei sisalda PFOA-d<\/p>","protected":false},"featured_media":16565,"template":"","meta":{"om_disable_all_campaigns":false,"_uf_show_specific_survey":0,"_uf_disable_surveys":false},"product_brand":[1081],"product_cat":[955,956,995],"product_tag":[518],"class_list":{"0":"post-11540","1":"product","2":"type-product","3":"status-publish","4":"has-post-thumbnail","6":"product_brand-ballarini","7":"product_cat-kodu","8":"product_cat-koogitarvikud","9":"product_cat-pannid","10":"product_tag-ballarini","12":"first","13":"instock","14":"taxable","15":"shipping-taxable","16":"purchasable","17":"product-type-simple"},"aioseo_notices":[],"_links":{"self":[{"href":"https:\/\/homeemotion.lt\/lt\/wp-json\/wp\/v2\/product\/11540","targetHints":{"allow":["GET"]}}],"collection":[{"href":"https:\/\/homeemotion.lt\/lt\/wp-json\/wp\/v2\/product"}],"about":[{"href":"https:\/\/homeemotion.lt\/lt\/wp-json\/wp\/v2\/types\/product"}],"wp:featuredmedia":[{"embeddable":true,"href":"https:\/\/homeemotion.lt\/lt\/wp-json\/wp\/v2\/media\/16565"}],"wp:attachment":[{"href":"https:\/\/homeemotion.lt\/lt\/wp-json\/wp\/v2\/media?parent=11540"}],"wp:term":[{"taxonomy":"product_brand","embeddable":true,"href":"https:\/\/homeemotion.lt\/lt\/wp-json\/wp\/v2\/product_brand?post=11540"},{"taxonomy":"product_cat","embeddable":true,"href":"https:\/\/homeemotion.lt\/lt\/wp-json\/wp\/v2\/product_cat?post=11540"},{"taxonomy":"product_tag","embeddable":true,"href":"https:\/\/homeemotion.lt\/lt\/wp-json\/wp\/v2\/product_tag?post=11540"}],"curies":[{"name":"wp","href":"https:\/\/api.w.org\/{rel}","templated":true}]}}