{"id":11499,"date":"2022-10-21T13:51:38","date_gmt":"2022-10-21T10:51:38","guid":{"rendered":"https:\/\/homeemotion.lt\/?post_type=product&#038;p=11499"},"modified":"2026-04-17T20:36:06","modified_gmt":"2026-04-17T17:36:06","slug":"pitsapann-32-cm-patisserie","status":"publish","type":"product","link":"https:\/\/homeemotion.lt\/lt\/toode\/pitsapann-32-cm-patisserie\/","title":{"rendered":"Pitsapann 32cm Patisserie"},"content":{"rendered":"","protected":false},"excerpt":{"rendered":"<p>Vormi suurus 32 cm. Vastupidav CORTAN mittenakkuv kate. Kannatab k\u00f5rgeid temperatuure. Mitmekihiline CORTAN mittenakkuv kate on PFOA-, raskemetalli- ja niklivaba. Eelkaetud terasest kate tagab t\u00e4iuslikult pruunistunud toidu ja \u00fchtlase kuumutamise k\u00fcpsetamise ajal. V\u00f5ib pesta n\u00f5udepesumasinas, kuid toote omaduste s\u00e4ilitamiseks soovitatav k\u00e4sipesu.<\/p>","protected":false},"featured_media":16564,"template":"","meta":{"om_disable_all_campaigns":false,"_uf_show_specific_survey":0,"_uf_disable_surveys":false},"product_brand":[1081],"product_cat":[955,956,957],"product_tag":[518],"class_list":{"0":"post-11499","1":"product","2":"type-product","3":"status-publish","4":"has-post-thumbnail","6":"product_brand-ballarini","7":"product_cat-kodu","8":"product_cat-koogitarvikud","9":"product_cat-kupsetustarvikud","10":"product_tag-ballarini","12":"first","13":"instock","14":"taxable","15":"shipping-taxable","16":"purchasable","17":"product-type-simple"},"aioseo_notices":[],"_links":{"self":[{"href":"https:\/\/homeemotion.lt\/lt\/wp-json\/wp\/v2\/product\/11499","targetHints":{"allow":["GET"]}}],"collection":[{"href":"https:\/\/homeemotion.lt\/lt\/wp-json\/wp\/v2\/product"}],"about":[{"href":"https:\/\/homeemotion.lt\/lt\/wp-json\/wp\/v2\/types\/product"}],"wp:featuredmedia":[{"embeddable":true,"href":"https:\/\/homeemotion.lt\/lt\/wp-json\/wp\/v2\/media\/16564"}],"wp:attachment":[{"href":"https:\/\/homeemotion.lt\/lt\/wp-json\/wp\/v2\/media?parent=11499"}],"wp:term":[{"taxonomy":"product_brand","embeddable":true,"href":"https:\/\/homeemotion.lt\/lt\/wp-json\/wp\/v2\/product_brand?post=11499"},{"taxonomy":"product_cat","embeddable":true,"href":"https:\/\/homeemotion.lt\/lt\/wp-json\/wp\/v2\/product_cat?post=11499"},{"taxonomy":"product_tag","embeddable":true,"href":"https:\/\/homeemotion.lt\/lt\/wp-json\/wp\/v2\/product_tag?post=11499"}],"curies":[{"name":"wp","href":"https:\/\/api.w.org\/{rel}","templated":true}]}}