{"id":11485,"date":"2022-10-21T13:33:06","date_gmt":"2022-10-21T10:33:06","guid":{"rendered":"https:\/\/homeemotion.lt\/?post_type=product&#038;p=11485"},"modified":"2026-04-17T20:36:06","modified_gmt":"2026-04-17T17:36:06","slug":"koogivorm-lahtikaiv-2-pohjaga-28-cm-patisserie","status":"publish","type":"product","link":"https:\/\/homeemotion.lt\/lt\/toode\/koogivorm-lahtikaiv-2-pohjaga-28-cm-patisserie\/","title":{"rendered":"Torto forma su 2 i\u0161imamais dugnais 28 cm Patisserie"},"content":{"rendered":"","protected":false},"excerpt":{"rendered":"<p>Vormi suurus 28 cm. Sisaldab lamedat alust ja torup\u00f5hja. Vastupidav CORTAN mittenakkuv kate. Kannatab k\u00f5rgeid temperatuure. Mitmekihiline CORTAN mittenakkuv kate on PFOA-, raskemetalli- ja niklivaba. Eelkaetud terasest kate tagab t\u00e4iuslikult pruunistunud toidu ja \u00fchtlase kuumutamise k\u00fcpsetamise ajal. V\u00f5ib pesta n\u00f5udepesumasinas, kuid toote omaduste s\u00e4ilitamiseks soovitatav k\u00e4sipesu.<\/p>","protected":false},"featured_media":16563,"template":"","meta":{"om_disable_all_campaigns":false,"_uf_show_specific_survey":0,"_uf_disable_surveys":false},"product_brand":[1081],"product_cat":[955],"product_tag":[518],"class_list":{"0":"post-11485","1":"product","2":"type-product","3":"status-publish","4":"has-post-thumbnail","6":"product_brand-ballarini","7":"product_cat-kodu","8":"product_tag-ballarini","10":"first","11":"instock","12":"taxable","13":"shipping-taxable","14":"purchasable","15":"product-type-simple"},"aioseo_notices":[],"_links":{"self":[{"href":"https:\/\/homeemotion.lt\/lt\/wp-json\/wp\/v2\/product\/11485","targetHints":{"allow":["GET"]}}],"collection":[{"href":"https:\/\/homeemotion.lt\/lt\/wp-json\/wp\/v2\/product"}],"about":[{"href":"https:\/\/homeemotion.lt\/lt\/wp-json\/wp\/v2\/types\/product"}],"wp:featuredmedia":[{"embeddable":true,"href":"https:\/\/homeemotion.lt\/lt\/wp-json\/wp\/v2\/media\/16563"}],"wp:attachment":[{"href":"https:\/\/homeemotion.lt\/lt\/wp-json\/wp\/v2\/media?parent=11485"}],"wp:term":[{"taxonomy":"product_brand","embeddable":true,"href":"https:\/\/homeemotion.lt\/lt\/wp-json\/wp\/v2\/product_brand?post=11485"},{"taxonomy":"product_cat","embeddable":true,"href":"https:\/\/homeemotion.lt\/lt\/wp-json\/wp\/v2\/product_cat?post=11485"},{"taxonomy":"product_tag","embeddable":true,"href":"https:\/\/homeemotion.lt\/lt\/wp-json\/wp\/v2\/product_tag?post=11485"}],"curies":[{"name":"wp","href":"https:\/\/api.w.org\/{rel}","templated":true}]}}