{"id":11466,"date":"2022-10-20T11:35:44","date_gmt":"2022-10-20T08:35:44","guid":{"rendered":"https:\/\/homeemotion.lt\/?post_type=product&#038;p=11466"},"modified":"2026-04-17T22:12:15","modified_gmt":"2026-04-17T19:12:15","slug":"veekeetja-philips-viva-collection-3","status":"publish","type":"product","link":"https:\/\/homeemotion.lt\/lt\/toode\/veekeetja-philips-viva-collection-3\/","title":{"rendered":"Veekeetja Philips Viva Collection 2200W"},"content":{"rendered":"<p><strong>Nautige sooja jooki mis tahes ajal<\/strong><\/p>\n<p class=\"p-body-copy-02\">Vastupidav ja ohutust toiduainetega kasutamiseks sobivast t\u00e4isroostevabast terasest usaldusv\u00e4\u00e4rne veekeetja pikaaegseks ja t\u00f6\u00f6kindlaks igap\u00e4evaseks kasutamiseks. Seadmel on mugav soojendusfunktsioon, mist\u00f5ttu on vesi alati kasutusvalmis. See elegantne ja vastupidav veekeetja on valminud Philipsi 60-aastase usaldusv\u00e4\u00e4rsuse ja kogemuste tulemusena.<\/p>\n<div class=\"productFeatures s12-product-features component-base\">\n<section class=\"p-complete p-s12-product-features\" data-close-popup-label=\"Tagasi\">\n<div class=\"p-row-gutter p-comp-spacing-bottom\">\n<div class=\"p-s12__feature-list\">\n<div class=\"p-s12__more-features p-s12__toggle-item\">\n<div class=\"p-s12__more-features--inner\">\n<div class=\"p-s12__row\">\n<div class=\"p-s12__feature-item p-spacing-bottom-c\">\n<div class=\"p-s12__feature-description p-spacing-bottom-a\">\n<div id=\"see-all-benefits\" class=\"p-s01__pdp-overview-wraper\">\n<div class=\"s01highlight s01-highlights-banner component-base\">\n<section class=\"p-s01-highlights\">\n<div class=\"p-row-gutter p-comp-spacing-bottom\">\n<h3 class=\"p-heading-03 p-heading-medium p-s01__highlights-subtitle\">Soojana hoidmise funktsiooniga<\/h3>\n<ul class=\"p-bullets p-large p-s01__bullets p-heading-medium\">\n<li class=\"p-s01__bullet\">Metall\/ Vaskne<\/li>\n<li class=\"p-s01__bullet\">Vedrukaas<\/li>\n<li class=\"p-s01__bullet\">M\u00e4rgutuli<\/li>\n<li class=\"p-s01__bullet\">1,7 l<\/li>\n<\/ul>\n<\/div>\n<\/section>\n<\/div>\n<\/div>\n<div class=\"productFeatures s12-product-features component-base\">\n<section class=\"p-complete p-s12-product-features\" data-close-popup-label=\"Tagasi\">\n<div class=\"p-row-gutter p-comp-spacing-bottom\">\n<div class=\"p-s12__feature-list\">\n<div class=\"p-s12__row\">\n<div class=\"p-s12__feature-item p-spacing-bottom-c\">\n<div class=\"p-s12__feature-image p-spacing-bottom-a\"><img decoding=\"async\" class=\"\" src=\"https:\/\/images.philips.com\/is\/image\/philipsconsumer\/8b11a999606a4bfea13dad1600c11235?wid=305&amp;hei=173&amp;$jpglarge$\" alt=\"Mikrokiudfilter p\u00fc\u00fcab v\u00e4ikesed katlakiviosakesed kinni\" \/><\/div>\n<div class=\"p-s12__feature-description p-spacing-bottom-a\">\n<h3 class=\"p-heading-04-large p-heading-bold p-feature-title\">Mikrokiudfilter p\u00fc\u00fcab v\u00e4ikesed katlakiviosakesed kinni<\/h3>\n<p class=\"p-body-copy-02\">Tilas olev mikrokiudfilter p\u00fc\u00fcab puhta vee saamiseks kinni katlakivi osakesed suurusega alates 200 mikronist.<\/p>\n<\/div>\n<\/div>\n<div class=\"p-s12__feature-item p-spacing-bottom-c\">\n<div class=\"p-s12__feature-image p-spacing-bottom-a\"><img decoding=\"async\" class=\"\" src=\"https:\/\/images.philips.com\/is\/image\/philipsconsumer\/4177912c4f424d949ef0ad160091b54a?wid=305&amp;hei=173&amp;$jpglarge$\" alt=\"Lame k\u00fcttekeha kiire keetmise jaoks\" \/><\/div>\n<div class=\"p-s12__feature-description p-spacing-bottom-a\">\n<h3 class=\"p-heading-04-large p-heading-bold p-feature-title\">Lame k\u00fcttekeha kiire keetmise jaoks<\/h3>\n<p class=\"p-body-copy-02\">Roostevabast terasest varjatud k\u00fcttekeha tagab kiire keetmise ning lihtsa puhastamise.<\/p>\n<\/div>\n<\/div>\n<div class=\"p-s12__feature-item p-spacing-bottom-c\">\n<div class=\"p-s12__feature-image p-spacing-bottom-a\"><img decoding=\"async\" class=\"\" src=\"https:\/\/images.philips.com\/is\/image\/philipsconsumer\/493f6cda5f554083bc70ad1e007a22f6?wid=305&amp;hei=173&amp;$jpglarge$\" alt=\"Mitmeosaline ohutuss\u00fcsteem ennetab kuivalt keetmist\" \/><\/div>\n<div class=\"p-s12__feature-description p-spacing-bottom-a\">\n<h3 class=\"p-heading-04-large p-heading-bold p-feature-title\">Mitmeosaline ohutuss\u00fcsteem ennetab kuivalt keetmist<\/h3>\n<p class=\"p-body-copy-02\">Mitmeosaline ohutuss\u00fcsteem kaitseb kuivalt sissel\u00fclitamise eest ja vee keema minekul tuleb appi automaatne v\u00e4ljal\u00fclitus.<\/p>\n<\/div>\n<\/div>\n<\/div>\n<div class=\"p-s12__more-features p-s12__toggle-item\">\n<div class=\"p-s12__more-features--inner\">\n<div class=\"p-s12__row\">\n<div class=\"p-s12__feature-item p-spacing-bottom-c\">\n<div class=\"p-s12__feature-image p-spacing-bottom-a\"><img decoding=\"async\" class=\"\" src=\"https:\/\/images.philips.com\/is\/image\/philipsconsumer\/a83e29f57697465197aaad16016272e2?wid=305&amp;hei=173&amp;$jpglarge$\" alt=\"M\u00e4rgutuli p\u00f5leb, kui veekeetja on sisse l\u00fclitatud\" \/><\/div>\n<div class=\"p-s12__feature-description p-spacing-bottom-a\">\n<h3 class=\"p-heading-04-large p-heading-bold p-feature-title\">M\u00e4rgutuli p\u00f5leb, kui veekeetja on sisse l\u00fclitatud<\/h3>\n<p class=\"p-body-copy-02\">Toitel\u00fclitisse ehitatud elegantne m\u00e4rgutuli n\u00e4itab, kas veekeetja on sisse l\u00fclitatud.<\/p>\n<\/div>\n<\/div>\n<div class=\"p-s12__feature-item p-spacing-bottom-c\">\n<div class=\"p-s12__feature-image p-spacing-bottom-a\"><img decoding=\"async\" class=\"\" src=\"https:\/\/images.philips.com\/is\/image\/philipsconsumer\/6f199cb5421542f599cbad16015cd75e?wid=305&amp;hei=173&amp;$jpglarge$\" alt=\"Kergesti loetav veetaseme n\u00e4idik\" \/><\/div>\n<div class=\"p-s12__feature-description p-spacing-bottom-a\">\n<h3 class=\"p-heading-04-large p-heading-bold p-feature-title\">Kergesti loetav veetaseme n\u00e4idik<\/h3>\n<p class=\"p-body-copy-02\">K\u00e4epideme all olevalt n\u00e4idikult on veetaset lihtne j\u00e4lgida.<\/p>\n<\/div>\n<\/div>\n<div class=\"p-s12__feature-item p-spacing-bottom-c\">\n<div class=\"p-s12__feature-image p-spacing-bottom-a\"><img decoding=\"async\" class=\"\" src=\"https:\/\/images.philips.com\/is\/image\/philipsconsumer\/0c965980097844528f82ad2501018abd?wid=305&amp;hei=173&amp;$jpglarge$\" alt=\"Suure avaga vedrukaas lihtsustab puhastamist\" \/><\/div>\n<div class=\"p-s12__feature-description p-spacing-bottom-a\">\n<h3 class=\"p-heading-04-large p-heading-bold p-feature-title\">Suure avaga vedrukaas lihtsustab puhastamist<\/h3>\n<p class=\"p-body-copy-02\">Vajutusega avatav kaas avaneb vajutamisel aeglaselt, ennetades kokkupuudet auruga. Suur ava lihtsustab puhastamist.<\/p>\n<\/div>\n<\/div>\n<\/div>\n<div class=\"p-s12__row\">\n<div class=\"p-s12__feature-item p-spacing-bottom-c\">\n<div class=\"p-s12__feature-image p-spacing-bottom-a\"><img decoding=\"async\" class=\"\" src=\"https:\/\/images.philips.com\/is\/image\/philipsconsumer\/859c184efb7d4bc998e7ad160115dfda?wid=305&amp;hei=173&amp;$jpglarge$\" alt=\"Lihtne t\u00e4ita l\u00e4bi kaane v\u00f5i tila\" \/><\/div>\n<div class=\"p-s12__feature-description p-spacing-bottom-a\">\n<h3 class=\"p-heading-04-large p-heading-bold p-feature-title\">Lihtne t\u00e4ita l\u00e4bi kaane v\u00f5i tila<\/h3>\n<p class=\"p-body-copy-02\">Vett saab kannu valada tila kaudu v\u00f5i vedrukaane avamise teel.<\/p>\n<\/div>\n<\/div>\n<div class=\"p-s12__feature-item p-spacing-bottom-c\">\n<div class=\"p-s12__feature-image p-spacing-bottom-a\"><img decoding=\"async\" class=\"\" src=\"https:\/\/images.philips.com\/is\/image\/philipsconsumer\/66c7fba8143c4cd3b34aad2501047a1e?wid=305&amp;hei=173&amp;$jpglarge$\" alt=\"Juhtmevaba veekeetja koos + 360\u00b0 p\u00f6\u00f6ratava \u00fcmmarguse alusega\" \/><\/div>\n<div class=\"p-s12__feature-description p-spacing-bottom-a\">\n<h3 class=\"p-heading-04-large p-heading-bold p-feature-title\">Juhtmevaba veekeetja koos + 360\u00b0 p\u00f6\u00f6ratava \u00fcmmarguse alusega<\/h3>\n<p class=\"p-body-copy-02\">Juhtmevaba veekeetja asetatakse 360\u00b0 p\u00f6\u00f6ratavale \u00fcmmargusele alusele, mis lihtsustab t\u00f5stmist ja kohale asetamist.<\/p>\n<\/div>\n<\/div>\n<div class=\"p-s12__feature-item p-spacing-bottom-c\">\n<div class=\"p-s12__feature-image p-spacing-bottom-a\"><img decoding=\"async\" class=\"\" src=\"https:\/\/images.philips.com\/is\/image\/philipsconsumer\/7df3d6d20ed847f282fead1601589b43?wid=305&amp;hei=173&amp;$jpglarge$\" alt=\"Juhtmekerija lihtsustab reguleerimist ja hoiulepanekut\" \/><\/div>\n<div class=\"p-s12__feature-description p-spacing-bottom-a\">\n<h3 class=\"p-heading-04-large p-heading-bold p-feature-title\">Juhtmekerija lihtsustab reguleerimist ja hoiulepanekut<\/h3>\n<p class=\"p-body-copy-02\">Juhtme saab kerida aluse alla, et juhtme pikkus sobiks vastavas k\u00f6\u00f6gis kasutamiseks ja kannu oleks lihtne hoiule panna.<\/p>\n<\/div>\n<\/div>\n<\/div>\n<div class=\"p-s12__row\">\n<div class=\"p-s12__feature-item p-spacing-bottom-c\">\n<div class=\"p-s12__feature-description p-spacing-bottom-a\">\n<h3 class=\"p-heading-04-large p-heading-bold p-feature-title\">Soojendusfunktsioon ilma uuesti keetmiseta<\/h3>\n<p class=\"p-body-copy-02\">Soojendusfunktsioon hoiab veekannus olevat vett valitud temperatuuril, mist\u00f5ttu ei ole vaja vett uuesti keeta.<\/p>\n<\/div>\n<\/div>\n<div class=\"p-s12__feature-item p-spacing-bottom-c\">\n<div class=\"p-s12__feature-description p-spacing-bottom-a\">\n<h3 class=\"p-heading-04-large p-heading-bold p-feature-title\">Vastupidav t\u00e4isroostevabast terasest korpus<\/h3>\n<p class=\"p-body-copy-02\">Vastupidav ja t\u00f6\u00f6kindel t\u00e4ismetallist disain toiduainetaga kasutamiseks sobivast harjatud roostevabast terast korpuses.<\/p>\n<\/div>\n<\/div>\n<\/div>\n<\/div>\n<\/div>\n<\/div>\n<\/div>\n<\/section>\n<\/div>\n<\/div>\n<\/div>\n<\/div>\n<\/div>\n<\/div>\n<\/div>\n<\/div>\n<\/section>\n<\/div>","protected":false},"excerpt":{"rendered":"<p>Daily Collection, v\u00e4rv vaskne. . Soojendusfunktsioon ilma uuesti keetmiseta. . Maht 1,7 L, suure avaga metall vedrukaas. . Mitmeosaline ohutuss\u00fcsteem kaitseb kuivalt sissel\u00fclitamise eest ja vee keema minekul tuleb appi automaatne v\u00e4ljal\u00fclitus. . Kaetud k\u00fctteelement<\/p>\n<p>V\u00f5imsus 2200W<\/p>","protected":false},"featured_media":17087,"template":"","meta":{"om_disable_all_campaigns":false,"_uf_show_specific_survey":0,"_uf_disable_surveys":false},"product_brand":[1101],"product_cat":[1001],"product_tag":[606],"class_list":{"0":"post-11466","1":"product","2":"type-product","3":"status-publish","4":"has-post-thumbnail","6":"product_brand-philips-da","7":"product_cat-tehnika","8":"product_tag-philips-da","10":"first","11":"instock","12":"taxable","13":"shipping-taxable","14":"purchasable","15":"product-type-simple"},"aioseo_notices":[],"_links":{"self":[{"href":"https:\/\/homeemotion.lt\/lt\/wp-json\/wp\/v2\/product\/11466","targetHints":{"allow":["GET"]}}],"collection":[{"href":"https:\/\/homeemotion.lt\/lt\/wp-json\/wp\/v2\/product"}],"about":[{"href":"https:\/\/homeemotion.lt\/lt\/wp-json\/wp\/v2\/types\/product"}],"wp:featuredmedia":[{"embeddable":true,"href":"https:\/\/homeemotion.lt\/lt\/wp-json\/wp\/v2\/media\/17087"}],"wp:attachment":[{"href":"https:\/\/homeemotion.lt\/lt\/wp-json\/wp\/v2\/media?parent=11466"}],"wp:term":[{"taxonomy":"product_brand","embeddable":true,"href":"https:\/\/homeemotion.lt\/lt\/wp-json\/wp\/v2\/product_brand?post=11466"},{"taxonomy":"product_cat","embeddable":true,"href":"https:\/\/homeemotion.lt\/lt\/wp-json\/wp\/v2\/product_cat?post=11466"},{"taxonomy":"product_tag","embeddable":true,"href":"https:\/\/homeemotion.lt\/lt\/wp-json\/wp\/v2\/product_tag?post=11466"}],"curies":[{"name":"wp","href":"https:\/\/api.w.org\/{rel}","templated":true}]}}