{"id":11411,"date":"2022-10-19T12:02:53","date_gmt":"2022-10-19T09:02:53","guid":{"rendered":"https:\/\/homeemotion.lt\/?post_type=product&#038;p=11411"},"modified":"2026-04-17T20:36:29","modified_gmt":"2026-04-17T17:36:29","slug":"roivaste-auruti-philips-8000-seeria","status":"publish","type":"product","link":"https:\/\/homeemotion.lt\/lt\/toode\/roivaste-auruti-philips-8000-seeria\/","title":{"rendered":"Drabu\u017ei\u0173 garintuvas \"Philips\" 8000 serijos 1600 W"},"content":{"rendered":"<p><strong>V\u00f5imas ja mugav, et saavutaksite iga p\u00e4ev kiired tulemused<\/strong><\/p>\n<p class=\"p-body-copy-02\">Uus Philips 8000 Series tagab kiire ja h\u00f5lpsa kortsude eemaldamise. Kasutage korraga kuni 5 r\u00f5ivaesemel ja ilma triikimislauata. Seda on turvaline kasutada mis tahes kangastel, isegi \u00f5rnadel kangastel; ei tekita l\u00e4iget ega p\u00f5letusj\u00e4lgi.<\/p>\n<div id=\"see-all-benefits\" class=\"p-s01__pdp-overview-wraper\">\n<div class=\"s01highlight s01-highlights-banner component-base\">\n<section class=\"p-s01-highlights\">\n<div class=\"p-row-gutter p-comp-spacing-bottom\">\n<h3 class=\"p-heading-03 p-heading-medium p-s01__highlights-subtitle\">Triikimislauda ei ole vaja!<\/h3>\n<ul class=\"p-bullets p-large p-s01__bullets p-heading-medium\">\n<li class=\"p-s01__bullet\">Horisontaalne ja vertikaalne aurutamine<\/li>\n<li class=\"p-s01__bullet\">Auruvoog kuni 32\u00a0g\/min<\/li>\n<li class=\"p-s01__bullet\">De-Calci tehnoloogia<\/li>\n<li class=\"p-s01__bullet\">P\u00f5letusj\u00e4lgede tekkimine v\u00e4listatud<\/li>\n<\/ul>\n<\/div>\n<\/section>\n<\/div>\n<\/div>\n<div class=\"productFeatures s12-product-features component-base\">\n<section class=\"p-complete p-s12-product-features\" data-close-popup-label=\"Tagasi\">\n<div class=\"p-row-gutter p-comp-spacing-bottom\">\n<div class=\"p-s12__feature-list\">\n<div class=\"p-s12__row\">\n<div class=\"p-s12__feature-item p-spacing-bottom-c\">\n<div class=\"p-s12__feature-image p-spacing-bottom-a\"><img decoding=\"async\" class=\"\" src=\"https:\/\/images.philips.com\/is\/image\/philipsconsumer\/55f2c7d2bbe64f9ab245ad160092054f?wid=305&amp;hei=173&amp;$jpglarge$\" alt=\"32\u00a0g\/min v\u00f5imas aur tagab kiired tulemused\" \/><\/div>\n<div class=\"p-s12__feature-description p-spacing-bottom-a\">\n<h3 class=\"p-heading-04-large p-heading-bold p-feature-title\">32\u00a0g\/min v\u00f5imas aur tagab kiired tulemused<\/h3>\n<p class=\"p-body-copy-02\">Kuni 32\u00a0g\/min v\u00f5imas aur tagab kiired tulemused iga p\u00e4ev.<\/p>\n<\/div>\n<\/div>\n<div class=\"p-s12__feature-item p-spacing-bottom-c\">\n<div class=\"p-s12__feature-image p-spacing-bottom-a\"><img decoding=\"async\" class=\"\" src=\"https:\/\/images.philips.com\/is\/image\/philipsconsumer\/afd33d12192042ba81a9ad250102d9d8?wid=305&amp;hei=173&amp;$jpglarge$\" alt=\"Kasutusvalmis 60 sekundiga\" \/><\/div>\n<div class=\"p-s12__feature-description p-spacing-bottom-a\">\n<h3 class=\"p-heading-04-large p-heading-bold p-feature-title\">Kasutusvalmis 60 sekundiga<\/h3>\n<p class=\"p-body-copy-02\">Kasutusvalmis vaid 60\u00a0sekundiga.<\/p>\n<\/div>\n<\/div>\n<div class=\"p-s12__feature-item p-spacing-bottom-c\">\n<div class=\"p-s12__feature-image p-spacing-bottom-a\"><img decoding=\"async\" class=\"\" src=\"https:\/\/images.philips.com\/is\/image\/philipsconsumer\/f89a54c3828f42b69430ad250101fd07?wid=305&amp;hei=173&amp;$jpglarge$\" alt=\"Kuumutusplaat kiire tulemuse jaoks\" \/><\/div>\n<div class=\"p-s12__feature-description p-spacing-bottom-a\">\n<h3 class=\"p-heading-04-large p-heading-bold p-feature-title\">Kuumutusplaat kiire tulemuse jaoks<\/h3>\n<p class=\"p-body-copy-02\">Aurutage oma r\u00f5ivaid k\u00f5igest 3\u00a0minutiga**. Kuumutusplaat ennetab r\u00f5ivastel kondenseerumisest tekitatud piiskade esinemist ja tagab seel\u00e4bi kiire tulemuse.<\/p>\n<\/div>\n<\/div>\n<\/div>\n<div class=\"p-s12__more-features p-s12__toggle-item\">\n<div class=\"p-s12__more-features--inner\">\n<div class=\"p-s12__row\">\n<div class=\"p-s12__feature-item p-spacing-bottom-c\">\n<div class=\"p-s12__feature-image p-spacing-bottom-a\"><img decoding=\"async\" class=\"\" src=\"https:\/\/images.philips.com\/is\/image\/philipsconsumer\/54aa40e2cb03445dbcc0ad1601107566?wid=305&amp;hei=173&amp;$jpglarge$\" alt=\"Riputage oma riided aurutamiseks riidepuule v\u00f5i asetage need pikali\" \/><\/div>\n<div class=\"p-s12__feature-description p-spacing-bottom-a\">\n<h3 class=\"p-heading-04-large p-heading-bold p-feature-title\">Riputage oma riided aurutamiseks riidepuule v\u00f5i asetage need pikali<\/h3>\n<p class=\"p-body-copy-02\">Riputage oma riided aurutamiseks riidepuule v\u00f5i asetage need meie kuumutusplaadile. Triikimisrauda teil vaja ei l\u00e4he!<\/p>\n<\/div>\n<\/div>\n<div class=\"p-s12__feature-item p-spacing-bottom-c\">\n<div class=\"p-s12__feature-image p-spacing-bottom-a\"><img decoding=\"async\" class=\"\" src=\"https:\/\/images.philips.com\/is\/image\/philipsconsumer\/a34333c9b91d45a28897ad16015d1bf4?wid=305&amp;hei=173&amp;$jpglarge$\" alt=\"Ainulaadne De-Calci tehnoloogia\" \/><\/div>\n<div class=\"p-s12__feature-description p-spacing-bottom-a\">\n<h3 class=\"p-heading-04-large p-heading-bold p-feature-title\">Ainulaadne De-Calci tehnoloogia<\/h3>\n<p class=\"p-body-copy-02\">T\u00e4nu patenteeritud ja ainulaadsele katlakivi eemaldamise tehnoloogiale suudab seade pikemalt samas koguses auru genereerida.<\/p>\n<\/div>\n<\/div>\n<div class=\"p-s12__feature-item p-spacing-bottom-c\">\n<div class=\"p-s12__feature-image p-spacing-bottom-a\"><img decoding=\"async\" class=\"\" src=\"https:\/\/images.philips.com\/is\/image\/philipsconsumer\/822e957a394d4921abe0ad160108cb53?wid=305&amp;hei=173&amp;$jpglarge$\" alt=\"230\u00a0ml veepaak\" \/><\/div>\n<div class=\"p-s12__feature-description p-spacing-bottom-a\">\n<h3 class=\"p-heading-04-large p-heading-bold p-feature-title\">230\u00a0ml veepaak<\/h3>\n<p class=\"p-body-copy-02\">12\u00a0minutit pidevat aurutamist! 230\u00a0ml veepaak v\u00f5imaldab teil aurutada kuni viis riideeset v\u00f5i kaks r\u00f5ivakomplekti paaki vahepeal t\u00e4itmata. See on rohkem kui piisav, kui soovite oma r\u00f5ivaid enne kodust lahkumist kiiresti v\u00e4rskendada.<\/p>\n<\/div>\n<\/div>\n<\/div>\n<div class=\"p-s12__row\">\n<div class=\"p-s12__feature-item p-spacing-bottom-c\">\n<div class=\"p-s12__feature-image p-spacing-bottom-a\"><img decoding=\"async\" class=\"\" src=\"https:\/\/images.philips.com\/is\/image\/philipsconsumer\/19eb9ad7c74041229893ad1600abbaa6?wid=305&amp;hei=173&amp;$jpglarge$\" alt=\"Aur h\u00e4vitab kuni 99,9% bakteritest*\" \/><\/div>\n<div class=\"p-s12__feature-description p-spacing-bottom-a\">\n<h3 class=\"p-heading-04-large p-heading-bold p-feature-title\">Aur h\u00e4vitab kuni 99,9% bakteritest*<\/h3>\n<p class=\"p-body-copy-02\">Viimased kuud on pannud meid otsima tervislikumaid ja h\u00fcgieenilisemaid lahendusi. Meie k\u00e4eshoitav r\u00f5ivaauruti h\u00e4vitab kuni 99,9% bakteritest*. Saate aurutada isegi oma kardinaid ja voodilinu.<\/p>\n<\/div>\n<\/div>\n<div class=\"p-s12__feature-item p-spacing-bottom-c\">\n<div class=\"p-s12__feature-image p-spacing-bottom-a\"><img decoding=\"async\" class=\"\" src=\"https:\/\/images.philips.com\/is\/image\/philipsconsumer\/67f052fa92f64c8d85cead1601090d25?wid=305&amp;hei=173&amp;$jpglarge$\" alt=\"T\u00e4nu OptimalTempi tehnoloogiale on p\u00f5letusj\u00e4lgede tekkimine v\u00e4listatud\" \/><\/div>\n<div class=\"p-s12__feature-description p-spacing-bottom-a\">\n<h3 class=\"p-heading-04-large p-heading-bold p-feature-title\">T\u00e4nu OptimalTempi tehnoloogiale on p\u00f5letusj\u00e4lgede tekkimine v\u00e4listatud<\/h3>\n<p class=\"p-body-copy-02\">T\u00e4nu OptimalTempi tehnoloogiale on p\u00f5letusj\u00e4lgede tekkimine v\u00e4listatud. Auruti on ohutu k\u00f5igil kangastel. See on suurep\u00e4rane lahendus \u00f5rnadele kangastele, n\u00e4iteks siidile ja ka\u0161miirile.<\/p>\n<\/div>\n<\/div>\n<\/div>\n<\/div>\n<\/div>\n<\/div>\n<\/div>\n<\/section>\n<\/div>","protected":false},"excerpt":{"rendered":"<p>Vertikaalne ja horisontaalne aur, valge \/ roosa. Ainulaadne De-Calci &#8211; patenteeritud ja ainulaadne katlakivi eemaldamise tehnoloogia. OptimalTEMP-i tehnoloogia &#8211; auruti on ohutu k\u00f5igil kangastel. Kuumutusplaat ennetab r\u00f5ivastel kondenseerumisest tekitatud piiskade esinemist ja tagab seel\u00e4bi kiire tulemuse. Tugev auruvoog 32 g\/min, 2 v\u00f5imusust, eemaldatav suur veepaak, 230 ml ( jagub 5 riideeseme sirgendamiseks, 12 minutit pidevat auru). L\u00fchike kuumenemisaeg 60 sek, komplektis harjatarvik( paksematele kangastele). Juhtme pikkus 3 m, v\u00f5imsus 1600 W<\/p>\n<p>V\u00f5imsus 1600 W<\/p>","protected":false},"featured_media":17041,"template":"","meta":{"om_disable_all_campaigns":false,"_uf_show_specific_survey":0,"_uf_disable_surveys":false},"product_brand":[1101],"product_cat":[1001],"product_tag":[606],"class_list":{"0":"post-11411","1":"product","2":"type-product","3":"status-publish","4":"has-post-thumbnail","6":"product_brand-philips-da","7":"product_cat-tehnika","8":"product_tag-philips-da","10":"first","11":"instock","12":"taxable","13":"shipping-taxable","14":"purchasable","15":"product-type-simple"},"aioseo_notices":[],"_links":{"self":[{"href":"https:\/\/homeemotion.lt\/lt\/wp-json\/wp\/v2\/product\/11411","targetHints":{"allow":["GET"]}}],"collection":[{"href":"https:\/\/homeemotion.lt\/lt\/wp-json\/wp\/v2\/product"}],"about":[{"href":"https:\/\/homeemotion.lt\/lt\/wp-json\/wp\/v2\/types\/product"}],"wp:featuredmedia":[{"embeddable":true,"href":"https:\/\/homeemotion.lt\/lt\/wp-json\/wp\/v2\/media\/17041"}],"wp:attachment":[{"href":"https:\/\/homeemotion.lt\/lt\/wp-json\/wp\/v2\/media?parent=11411"}],"wp:term":[{"taxonomy":"product_brand","embeddable":true,"href":"https:\/\/homeemotion.lt\/lt\/wp-json\/wp\/v2\/product_brand?post=11411"},{"taxonomy":"product_cat","embeddable":true,"href":"https:\/\/homeemotion.lt\/lt\/wp-json\/wp\/v2\/product_cat?post=11411"},{"taxonomy":"product_tag","embeddable":true,"href":"https:\/\/homeemotion.lt\/lt\/wp-json\/wp\/v2\/product_tag?post=11411"}],"curies":[{"name":"wp","href":"https:\/\/api.w.org\/{rel}","templated":true}]}}