{"id":11406,"date":"2022-10-19T11:17:48","date_gmt":"2022-10-19T08:17:48","guid":{"rendered":"https:\/\/homeemotion.lt\/?post_type=product&#038;p=11406"},"modified":"2026-04-17T22:12:09","modified_gmt":"2026-04-17T19:12:09","slug":"aurutriikraud-philips-8000-seeria-2","status":"publish","type":"product","link":"https:\/\/homeemotion.lt\/lt\/toode\/aurutriikraud-philips-8000-seeria-2\/","title":{"rendered":"Garinis lygintuvas \"Philips\" 8000 serijos"},"content":{"rendered":"<p><strong>T\u00e4iuslikud tulemused \u00fchekorraga<\/strong><\/p>\n<p class=\"p-body-copy-02\">V\u00f5imas triikimine meie uue Philipsi Azur 8000 seeria abil. 260 g \u00fcliv\u00f5imsa auruvoo abil saate korraga eemaldada ka k\u00f5ige jonnakamad kortsud. 3000 W v\u00f5imsuse abil saate kohe alustada ja saavutada t\u00e4iuslikud tulemused tugeva pideva aurujoaga.<\/p>\n<div id=\"see-all-benefits\" class=\"p-s01__pdp-overview-wraper\">\n<div class=\"s01highlight s01-highlights-banner component-base\">\n<section class=\"p-s01-highlights\">\n<div class=\"p-row-gutter p-comp-spacing-bottom\">\n<h3 class=\"p-heading-03 p-heading-medium p-s01__highlights-subtitle\">Tugevaim aur nutika v\u00f5imsusega<\/h3>\n<ul class=\"p-bullets p-large p-s01__bullets p-heading-medium\">\n<li class=\"p-s01__bullet\">V\u00f5imsus 3000 W<\/li>\n<li class=\"p-s01__bullet\">70 g\/min pidev auruvoog<\/li>\n<li class=\"p-s01__bullet\">240 g turbo-aurujuga<\/li>\n<li class=\"p-s01__bullet\">P\u00f5letusj\u00e4lgede tekkimine v\u00e4listatud<\/li>\n<\/ul>\n<\/div>\n<\/section>\n<\/div>\n<\/div>\n<div class=\"productFeatures s12-product-features component-base\">\n<section class=\"p-complete p-s12-product-features\" data-close-popup-label=\"Tagasi\">\n<div class=\"p-row-gutter p-comp-spacing-bottom\">\n<div class=\"p-s12__feature-list\">\n<div class=\"p-s12__row\">\n<div class=\"p-s12__feature-item p-spacing-bottom-c\">\n<div class=\"p-s12__feature-image p-spacing-bottom-a\"><img decoding=\"async\" class=\"\" src=\"https:\/\/images.philips.com\/is\/image\/philipsconsumer\/792bc4de16a54446854eaea5009ce6d3?wid=305&amp;hei=173&amp;$jpglarge$\" alt=\"3000 W kiireks kuumenemiseks ja t\u00f5husaks triikimiseks\" \/><\/div>\n<div class=\"p-s12__feature-description p-spacing-bottom-a\">\n<h3 class=\"p-heading-04-large p-heading-bold p-feature-title\">3000 W kiireks kuumenemiseks ja t\u00f5husaks triikimiseks<\/h3>\n<p class=\"p-body-copy-02\">Rohkem v\u00f5imsust kiireks kuumenemiseks v\u00f5imaldab alustada triikimist l\u00fchikese ajaga.<\/p>\n<\/div>\n<\/div>\n<div class=\"p-s12__feature-item p-spacing-bottom-c\">\n<div class=\"p-s12__feature-image p-spacing-bottom-a\"><img decoding=\"async\" class=\"\" src=\"https:\/\/images.philips.com\/is\/image\/philipsconsumer\/f5aa238e540e4be1b555aea5009f1491?wid=305&amp;hei=173&amp;$jpglarge$\" alt=\"240 g auruvoog v\u00e4ga tugevate kortsude eemaldamiseks\" \/><\/div>\n<div class=\"p-s12__feature-description p-spacing-bottom-a\">\n<h3 class=\"p-heading-04-large p-heading-bold p-feature-title\">240 g auruvoog v\u00e4ga tugevate kortsude eemaldamiseks<\/h3>\n<p class=\"p-body-copy-02\">240 g v\u00f5imas auruvoog eemaldab tugevad kortsud k\u00f5ikidelt r\u00f5ivastelt.<\/p>\n<\/div>\n<\/div>\n<div class=\"p-s12__feature-item p-spacing-bottom-c\">\n<div class=\"p-s12__feature-image p-spacing-bottom-a\"><img decoding=\"async\" class=\"\" src=\"https:\/\/images.philips.com\/is\/image\/philipsconsumer\/f913bb7dc9a14bd199e4aea500a28386?wid=305&amp;hei=173&amp;$jpglarge$\" alt=\"Vertikaalne aurutamine rippuvate kangaste jaoks\" \/><\/div>\n<div class=\"p-s12__feature-description p-spacing-bottom-a\">\n<h3 class=\"p-heading-04-large p-heading-bold p-feature-title\">Vertikaalne aurutamine rippuvate kangaste jaoks<\/h3>\n<p class=\"p-body-copy-02\">Vertikaalselt aurutades saate riidepuul rippuvaid r\u00f5ivaesemeid v\u00e4rskendada ja akna ees rippuvatelt kardinatelt kortse eemaldada. Triikimislauda ei ole vaja.<\/p>\n<\/div>\n<\/div>\n<\/div>\n<div class=\"p-s12__more-features p-s12__toggle-item\">\n<div class=\"p-s12__more-features--inner\">\n<div class=\"p-s12__row\">\n<div class=\"p-s12__feature-item p-spacing-bottom-c\">\n<div class=\"p-s12__feature-image p-spacing-bottom-a\"><img decoding=\"async\" class=\"\" src=\"https:\/\/images.philips.com\/is\/image\/philipsconsumer\/8d4d3665391a47988286aea500a1900b?wid=305&amp;hei=173&amp;$jpglarge$\" alt=\"Automaatne v\u00e4ljal\u00fclitus 8 minuti p\u00e4rast\" \/><\/div>\n<div class=\"p-s12__feature-description p-spacing-bottom-a\">\n<h3 class=\"p-heading-04-large p-heading-bold p-feature-title\">Automaatne v\u00e4ljal\u00fclitus 8 minuti p\u00e4rast<\/h3>\n<p class=\"p-body-copy-02\">Teile meelerahu tagamiseks l\u00fclitub aurutriikraud 8 minuti p\u00e4rast automaatselt v\u00e4lja.<\/p>\n<\/div>\n<\/div>\n<div class=\"p-s12__feature-item p-spacing-bottom-c\">\n<div class=\"p-s12__feature-image p-spacing-bottom-a\"><img decoding=\"async\" class=\"\" src=\"https:\/\/images.philips.com\/is\/image\/philipsconsumer\/54d7dacbdb8b49f8861aaea500a0703d?wid=305&amp;hei=173&amp;$jpglarge$\" alt=\"T\u00e4nu 350 ml veepaagile saab korraga rohkem triikida\" \/><\/div>\n<div class=\"p-s12__feature-description p-spacing-bottom-a\">\n<h3 class=\"p-heading-04-large p-heading-bold p-feature-title\">T\u00e4nu 350 ml veepaagile saab korraga rohkem triikida<\/h3>\n<p class=\"p-body-copy-02\">Suurt 350ml veepaaki peab harvemini t\u00e4itma, nii saate korraga rohkem riideid triikida.<\/p>\n<\/div>\n<\/div>\n<div class=\"p-s12__feature-item p-spacing-bottom-c\">\n<div class=\"p-s12__feature-image p-spacing-bottom-a\"><img decoding=\"async\" class=\"\" src=\"https:\/\/images.philips.com\/is\/image\/philipsconsumer\/1d15d077a42a4e8e8c29aea5009dde70?wid=305&amp;hei=173&amp;$jpglarge$\" alt=\"Kuni 70 g\/min tugev pidev auruvoog\" \/><\/div>\n<div class=\"p-s12__feature-description p-spacing-bottom-a\">\n<h3 class=\"p-heading-04-large p-heading-bold p-feature-title\">Kuni 70 g\/min tugev pidev auruvoog<\/h3>\n<p class=\"p-body-copy-02\">Pideva, 70 g\/min aurujoaga ei l\u00e4he \u00fckski r\u00f5ivastel tehtud triikimisliigutus raisku, nii et saate kortsud kiiremini eemaldada.<\/p>\n<\/div>\n<\/div>\n<\/div>\n<div class=\"p-s12__row\">\n<div class=\"p-s12__feature-item p-spacing-bottom-c\">\n<div class=\"p-s12__feature-image p-spacing-bottom-a\"><img decoding=\"async\" class=\"\" src=\"https:\/\/images.philips.com\/is\/image\/philipsconsumer\/1f42ed4736364ae1aaf6ae1c00b9969f?wid=305&amp;hei=173&amp;$jpglarge$\" alt=\"\u00dcks optimaalne temperatuuriseade, et ei tekiks p\u00f5letusj\u00e4lgi\" \/><\/div>\n<div class=\"p-s12__feature-description p-spacing-bottom-a\">\n<h3 class=\"p-heading-04-large p-heading-bold p-feature-title\">\u00dcks optimaalne temperatuuriseade, et ei tekiks p\u00f5letusj\u00e4lgi<\/h3>\n<p class=\"p-body-copy-02\">\u00dcks optimaalne seade k\u00f5ikide triigitavate kangaste jaoks. P\u00f5letusj\u00e4lgede \u00e4rahoidmine on garanteeritud. T\u00e4nu OptimalTEMP-i tehnoloogiale tagame, et see triikraud ei p\u00f5hjusta kunagi \u00fchelegi triigitavale kangale p\u00f5letusj\u00e4lgi ja te saate triikida k\u00f5ike teksadest siidini, linasest ka\u0161miirini ohutult mis tahes j\u00e4rjestuses, ilma et oleks vaja oodata \u00f5iget temperatuuri v\u00f5i riideid enne triikimist sorteerida.<\/p>\n<\/div>\n<\/div>\n<div class=\"p-s12__feature-item p-spacing-bottom-c\">\n<div class=\"p-s12__feature-image p-spacing-bottom-a\"><img decoding=\"async\" class=\"\" src=\"https:\/\/images.philips.com\/is\/image\/philipsconsumer\/a49cbcdf3377411db098ae1c00bf4bb7?wid=305&amp;hei=173&amp;$jpglarge$\" alt=\"Tald SteamGlide Elite tagab \u00fclihea libisemise ja vastupidavuse\" \/><\/div>\n<div class=\"p-s12__feature-description p-spacing-bottom-a\">\n<h3 class=\"p-heading-04-large p-heading-bold p-feature-title\">Tald SteamGlide Elite tagab \u00fclihea libisemise ja vastupidavuse<\/h3>\n<p class=\"p-body-copy-02\">\u00dclisile tald SteamGlide Elite libiseb sujuvalt \u00fcle kortsude ja on teie riiete vastu \u00f5rn. \u00dclisile tald SteamGlide Elite on vastupidav, kriimustuskindel ja kergesti puhastatav.<\/p>\n<\/div>\n<\/div>\n<div class=\"p-s12__feature-item p-spacing-bottom-c\">\n<div class=\"p-s12__feature-image p-spacing-bottom-a\"><img decoding=\"async\" class=\"\" src=\"https:\/\/images.philips.com\/is\/image\/philipsconsumer\/0961ba209c3b41818e14ae7800c44bb5?wid=305&amp;hei=173&amp;$jpglarge$\" alt=\"Triikige mugavalt nutika automaatse aurt\u00f6\u00f6tlusega\" \/><\/div>\n<div class=\"p-s12__feature-description p-spacing-bottom-a\">\n<h3 class=\"p-heading-04-large p-heading-bold p-feature-title\">Triikige mugavalt nutika automaatse aurt\u00f6\u00f6tlusega<\/h3>\n<p class=\"p-body-copy-02\">T\u00e4nu uuele liikumisanduri tehnoloogiale, mis tuvastab triikraua liigutamise ja v\u00e4ljastab seej\u00e4rel automaatselt auru, saate triikida kiiresti ja minimaalse j\u00f5upingutusega.<\/p>\n<\/div>\n<\/div>\n<\/div>\n<div class=\"p-s12__row\">\n<div class=\"p-s12__feature-item p-spacing-bottom-c\">\n<div class=\"p-s12__feature-image p-spacing-bottom-a\"><img decoding=\"async\" class=\"\" src=\"https:\/\/images.philips.com\/is\/image\/philipsconsumer\/d12f26e9637644a7a0dfae1c00b8f6d9?wid=305&amp;hei=173&amp;$jpglarge$\" alt=\"Kiire katlakivi eraldamine tagab vastupidavuse\" \/><\/div>\n<div class=\"p-s12__feature-description p-spacing-bottom-a\">\n<h3 class=\"p-heading-04-large p-heading-bold p-feature-title\">Kiire katlakivi eraldamine tagab vastupidavuse<\/h3>\n<p class=\"p-body-copy-02\">Kiire katlakivi eraldamine aitab s\u00e4ilitada parima j\u00f5udluse, eemaldades kogunenud kaltsiumi ehk katlakivi.<\/p>\n<\/div>\n<\/div>\n<\/div>\n<\/div>\n<\/div>\n<\/div>\n<\/div>\n<\/section>\n<\/div>","protected":false},"excerpt":{"rendered":"<p>V\u00f5imas auruvoog kuni 240 g. 70 g\/min pidev auruvoog. OptimalTEMP-i tehnoloogia. P\u00f5letusj\u00e4lgede tekkimine v\u00e4listatud. SteamGlide Elite tald. Automaatne v\u00e4ljal\u00fclitus<\/p>\n<p>V\u00f5imsus 3000 W<\/p>","protected":false},"featured_media":16985,"template":"","meta":{"om_disable_all_campaigns":false,"_uf_show_specific_survey":0,"_uf_disable_surveys":false},"product_brand":[1101],"product_cat":[1001],"product_tag":[606],"class_list":{"0":"post-11406","1":"product","2":"type-product","3":"status-publish","4":"has-post-thumbnail","6":"product_brand-philips-da","7":"product_cat-tehnika","8":"product_tag-philips-da","10":"first","11":"instock","12":"taxable","13":"shipping-taxable","14":"purchasable","15":"product-type-simple"},"aioseo_notices":[],"_links":{"self":[{"href":"https:\/\/homeemotion.lt\/lt\/wp-json\/wp\/v2\/product\/11406","targetHints":{"allow":["GET"]}}],"collection":[{"href":"https:\/\/homeemotion.lt\/lt\/wp-json\/wp\/v2\/product"}],"about":[{"href":"https:\/\/homeemotion.lt\/lt\/wp-json\/wp\/v2\/types\/product"}],"wp:featuredmedia":[{"embeddable":true,"href":"https:\/\/homeemotion.lt\/lt\/wp-json\/wp\/v2\/media\/16985"}],"wp:attachment":[{"href":"https:\/\/homeemotion.lt\/lt\/wp-json\/wp\/v2\/media?parent=11406"}],"wp:term":[{"taxonomy":"product_brand","embeddable":true,"href":"https:\/\/homeemotion.lt\/lt\/wp-json\/wp\/v2\/product_brand?post=11406"},{"taxonomy":"product_cat","embeddable":true,"href":"https:\/\/homeemotion.lt\/lt\/wp-json\/wp\/v2\/product_cat?post=11406"},{"taxonomy":"product_tag","embeddable":true,"href":"https:\/\/homeemotion.lt\/lt\/wp-json\/wp\/v2\/product_tag?post=11406"}],"curies":[{"name":"wp","href":"https:\/\/api.w.org\/{rel}","templated":true}]}}