{"id":11384,"date":"2022-10-05T15:54:27","date_gmt":"2022-10-05T12:54:27","guid":{"rendered":"https:\/\/homeemotion.lt\/?post_type=product&#038;p=11384"},"modified":"2026-04-17T19:10:36","modified_gmt":"2026-04-17T16:10:36","slug":"ballarini-alba-praepann-28-cm","status":"publish","type":"product","link":"https:\/\/homeemotion.lt\/lt\/toode\/ballarini-alba-praepann-28-cm\/","title":{"rendered":"Ballarini Alba keptuv\u0117 28cm"},"content":{"rendered":"","protected":false},"excerpt":{"rendered":"<p>L\u00e4bim\u00f5\u00f5t 28 cm. Tervislik toiduvalmistamine v\u00e4hese \u00f5li v\u00f5i rasvaga. KERAVIS TI-X 5-kihiline mittenakkuv, tugevdatud titaanist k\u00f5vap\u00f5hjaline pann: suurep\u00e4rane kriimustuskindlus, kulumiskindlus ja vastupidavus.. Itaalias valmistatud toode. Kauakestev. Ballarini v\u00e4lja t\u00f6\u00f6tatud spetsiaalne induktsioonalus jaotab soojust kiiresti ja \u00fchtlaselt. Sobib suurep\u00e4raselt k\u00f5ikidele pliitidele. Roostevabast terasest k\u00e4epide j\u00e4\u00e4b toiduvalmistamise ajal jahedaks. N\u00f5udepesumasinas pestav<\/p>","protected":false},"featured_media":17232,"template":"","meta":{"om_disable_all_campaigns":false,"_uf_show_specific_survey":0,"_uf_disable_surveys":false},"product_brand":[1081],"product_cat":[955,956,995],"product_tag":[518],"class_list":{"0":"post-11384","1":"product","2":"type-product","3":"status-publish","4":"has-post-thumbnail","6":"product_brand-ballarini","7":"product_cat-kodu","8":"product_cat-koogitarvikud","9":"product_cat-pannid","10":"product_tag-ballarini","12":"first","13":"instock","14":"taxable","15":"shipping-taxable","16":"purchasable","17":"product-type-simple"},"aioseo_notices":[],"_links":{"self":[{"href":"https:\/\/homeemotion.lt\/lt\/wp-json\/wp\/v2\/product\/11384","targetHints":{"allow":["GET"]}}],"collection":[{"href":"https:\/\/homeemotion.lt\/lt\/wp-json\/wp\/v2\/product"}],"about":[{"href":"https:\/\/homeemotion.lt\/lt\/wp-json\/wp\/v2\/types\/product"}],"wp:featuredmedia":[{"embeddable":true,"href":"https:\/\/homeemotion.lt\/lt\/wp-json\/wp\/v2\/media\/17232"}],"wp:attachment":[{"href":"https:\/\/homeemotion.lt\/lt\/wp-json\/wp\/v2\/media?parent=11384"}],"wp:term":[{"taxonomy":"product_brand","embeddable":true,"href":"https:\/\/homeemotion.lt\/lt\/wp-json\/wp\/v2\/product_brand?post=11384"},{"taxonomy":"product_cat","embeddable":true,"href":"https:\/\/homeemotion.lt\/lt\/wp-json\/wp\/v2\/product_cat?post=11384"},{"taxonomy":"product_tag","embeddable":true,"href":"https:\/\/homeemotion.lt\/lt\/wp-json\/wp\/v2\/product_tag?post=11384"}],"curies":[{"name":"wp","href":"https:\/\/api.w.org\/{rel}","templated":true}]}}