{"id":11338,"date":"2022-10-05T13:05:27","date_gmt":"2022-10-05T10:05:27","guid":{"rendered":"https:\/\/homeemotion.lt\/?post_type=product&#038;p=11338"},"modified":"2026-04-17T20:36:30","modified_gmt":"2026-04-17T17:36:30","slug":"saumikseri-komplekt-philips-promix","status":"publish","type":"product","link":"https:\/\/homeemotion.lt\/lt\/toode\/saumikseri-komplekt-philips-promix\/","title":{"rendered":"Maisto mai\u0161ytuv\u0173 rinkinys \"Philips ProMix"},"content":{"rendered":"<p><strong>Kiire ja t\u00f5hus segamine vaid \u00fche nupuvajutusega<\/strong><\/p>\n<p class=\"p-body-copy-02\">V\u00f5imsa mootori ja ainulaadse ergonoomilise disainiga saumikser pakub kiiret ja t\u00f5husat segamist vaid \u00fche nupuvajutusega. Valmistage igap\u00e4evaselt tervislikke ja koduseid toite.<\/p>\n<div id=\"see-all-benefits\" class=\"p-s01__pdp-overview-wraper\">\n<div class=\"s01highlight s01-highlights-banner component-base\">\n<section class=\"p-s01-highlights\">\n<div class=\"p-row-gutter p-comp-spacing-bottom\">\n<h3 class=\"p-heading-03 p-heading-medium p-s01__highlights-subtitle\">Nautige iga p\u00e4ev lihtsasti valmistatavaid tervislikke toite<\/h3>\n<\/div>\n<\/section>\n<\/div>\n<\/div>\n<div class=\"productFeatures s12-product-features component-base\">\n<section class=\"p-complete p-s12-product-features\" data-close-popup-label=\"Tagasi\">\n<div class=\"p-row-gutter p-comp-spacing-bottom\">\n<div class=\"p-s12__feature-list\">\n<div class=\"p-s12__row\">\n<div class=\"p-s12__feature-item p-spacing-bottom-c\">\n<div class=\"p-s12__feature-image p-spacing-bottom-a\"><img decoding=\"async\" class=\"\" src=\"https:\/\/images.philips.com\/is\/image\/philipsconsumer\/4de45d77c83046659e33ad1600c42302?wid=305&amp;hei=173&amp;$jpglarge$\" alt=\"Pritsmekaitsega l\u00f5iketera\" \/><\/div>\n<div class=\"p-s12__feature-description p-spacing-bottom-a\">\n<h3 class=\"p-heading-04-large p-heading-bold p-feature-title\">Pritsmekaitsega l\u00f5iketera<\/h3>\n<p class=\"p-body-copy-02\">Saumikseri alumise osa laineline kuju tagab selle, et mikserdamise ajal ei tekiks pritsmeid ega segadust<\/p>\n<\/div>\n<\/div>\n<div class=\"p-s12__feature-item p-spacing-bottom-c\">\n<div class=\"p-s12__feature-image p-spacing-bottom-a\"><img decoding=\"async\" class=\"\" src=\"https:\/\/images.philips.com\/is\/image\/philipsconsumer\/04a17a6f607a43e4b289ad16010b7c68?wid=305&amp;hei=173&amp;$jpglarge$\" alt=\"Ergonoomiline disain\" \/><\/div>\n<div class=\"p-s12__feature-description p-spacing-bottom-a\">\n<h3 class=\"p-heading-04-large p-heading-bold p-feature-title\">Ergonoomiline disain<\/h3>\n<p class=\"p-body-copy-02\">Vastupidav ja ergonoomiline disain tagab mugava ja lihtsa kasutamise<\/p>\n<\/div>\n<\/div>\n<div class=\"p-s12__feature-item p-spacing-bottom-c\">\n<div class=\"p-s12__feature-image p-spacing-bottom-a\"><img decoding=\"async\" class=\"\" src=\"https:\/\/images.philips.com\/is\/image\/philipsconsumer\/89445810c2644e588397ad1e00868d08?wid=305&amp;hei=173&amp;$jpglarge$\" alt=\"T\u00e4iustatud Promixi tehnoloogia\" \/><\/div>\n<div class=\"p-s12__feature-description p-spacing-bottom-a\">\n<h3 class=\"p-heading-04-large p-heading-bold p-feature-title\">T\u00e4iustatud Promixi tehnoloogia<\/h3>\n<p class=\"p-body-copy-02\">Tunnustatud Stuttgarti \u00fclikooliga koost\u00f6\u00f6s loodud Philips ProMix on ainulaadne tehnoloogia, mis kasutab toidu optimaalseks segamiseks ja maksimaalse j\u00f5udluse tagamiseks kolmnurkset kuju, tagades kiirema ja \u00fchtlasema segamise.<\/p>\n<\/div>\n<\/div>\n<\/div>\n<div class=\"p-s12__more-features p-s12__toggle-item\">\n<div class=\"p-s12__more-features--inner\">\n<div class=\"p-s12__row\">\n<div class=\"p-s12__feature-item p-spacing-bottom-c\">\n<div class=\"p-s12__feature-image p-spacing-bottom-a\"><img decoding=\"async\" class=\"\" src=\"https:\/\/images.philips.com\/is\/image\/philipsconsumer\/6a46a642ba0d4e8fa828ad16015da808?wid=305&amp;hei=173&amp;$jpglarge$\" alt=\"\u00dche nupuga vabastuss\u00fcsteem\" \/><\/div>\n<div class=\"p-s12__feature-description p-spacing-bottom-a\">\n<h3 class=\"p-heading-04-large p-heading-bold p-feature-title\">\u00dche nupuga vabastuss\u00fcsteem<\/h3>\n<p class=\"p-body-copy-02\">Kinnitage ja vabastage erinevate funktsioonidega tarvikuid vaid \u00fche nupuvajutusega.<\/p>\n<\/div>\n<\/div>\n<div class=\"p-s12__feature-item p-spacing-bottom-c\">\n<div class=\"p-s12__feature-image p-spacing-bottom-a\"><img decoding=\"async\" class=\"\" src=\"https:\/\/images.philips.com\/is\/image\/philipsconsumer\/b9b592feacf34ff996ccad160108ee28?wid=305&amp;hei=173&amp;$jpglarge$\" alt=\"Vispel\" \/><\/div>\n<div class=\"p-s12__feature-description p-spacing-bottom-a\">\n<h3 class=\"p-heading-04-large p-heading-bold p-feature-title\">Vispel<\/h3>\n<p class=\"p-body-copy-02\">Philipsi saumikseri vispel on m\u00f5eldud koore, majoneesi, pannkoogitaigna ja palju muu vahustamiseks.<\/p>\n<\/div>\n<\/div>\n<div class=\"p-s12__feature-item p-spacing-bottom-c\">\n<div class=\"p-s12__feature-image p-spacing-bottom-a\"><img decoding=\"async\" class=\"\" src=\"https:\/\/images.philips.com\/is\/image\/philipsconsumer\/11b259f21b9e42d0a282ad16015b94d5?wid=305&amp;hei=173&amp;$jpglarge$\" alt=\"Lisaj\u00f5udlust lisav turbore\u017eiim\" \/><\/div>\n<div class=\"p-s12__feature-description p-spacing-bottom-a\">\n<h3 class=\"p-heading-04-large p-heading-bold p-feature-title\">Lisaj\u00f5udlust lisav turbore\u017eiim<\/h3>\n<p class=\"p-body-copy-02\">Philipsi saumikseri turbore\u017eiimiga saate t\u00fckeldada isegi k\u00f5ige k\u00f5vemaid toiduaineid.<\/p>\n<\/div>\n<\/div>\n<\/div>\n<div class=\"p-s12__row\">\n<div class=\"p-s12__feature-item p-spacing-bottom-c\">\n<div class=\"p-s12__feature-description p-spacing-bottom-a\">\n<h3 class=\"p-heading-04-large p-heading-bold p-feature-title\">Kompaktne hakkija<\/h3>\n<p class=\"p-body-copy-02\">Kompaktse hakkijaga saate h\u00f5lpsalt hakkida maitserohelist, p\u00e4hkleid, juustu, \u0161okolaadi ja sibulaid.<\/p>\n<\/div>\n<\/div>\n<\/div>\n<\/div>\n<\/div>\n<\/div>\n<\/div>\n<\/section>\n<\/div>","protected":false},"excerpt":{"rendered":"<p>Saumikser. V\u00e4rv: must. ProMix tehnoloogia. . Metallist segamisotsak. Roostevaba terasest nuga. Kann. Vispel. Kompaktne hakkija<\/p>\n<p>V\u00f5imsus: 700 W | V\u00e4rv: must<\/p>","protected":false},"featured_media":17098,"template":"","meta":{"om_disable_all_campaigns":false,"_uf_show_specific_survey":0,"_uf_disable_surveys":false},"product_brand":[1101],"product_cat":[1001],"product_tag":[606],"class_list":{"0":"post-11338","1":"product","2":"type-product","3":"status-publish","4":"has-post-thumbnail","6":"product_brand-philips-da","7":"product_cat-tehnika","8":"product_tag-philips-da","10":"first","11":"instock","12":"taxable","13":"shipping-taxable","14":"purchasable","15":"product-type-simple"},"aioseo_notices":[],"_links":{"self":[{"href":"https:\/\/homeemotion.lt\/lt\/wp-json\/wp\/v2\/product\/11338","targetHints":{"allow":["GET"]}}],"collection":[{"href":"https:\/\/homeemotion.lt\/lt\/wp-json\/wp\/v2\/product"}],"about":[{"href":"https:\/\/homeemotion.lt\/lt\/wp-json\/wp\/v2\/types\/product"}],"wp:featuredmedia":[{"embeddable":true,"href":"https:\/\/homeemotion.lt\/lt\/wp-json\/wp\/v2\/media\/17098"}],"wp:attachment":[{"href":"https:\/\/homeemotion.lt\/lt\/wp-json\/wp\/v2\/media?parent=11338"}],"wp:term":[{"taxonomy":"product_brand","embeddable":true,"href":"https:\/\/homeemotion.lt\/lt\/wp-json\/wp\/v2\/product_brand?post=11338"},{"taxonomy":"product_cat","embeddable":true,"href":"https:\/\/homeemotion.lt\/lt\/wp-json\/wp\/v2\/product_cat?post=11338"},{"taxonomy":"product_tag","embeddable":true,"href":"https:\/\/homeemotion.lt\/lt\/wp-json\/wp\/v2\/product_tag?post=11338"}],"curies":[{"name":"wp","href":"https:\/\/api.w.org\/{rel}","templated":true}]}}