{"id":11183,"date":"2022-05-31T15:31:30","date_gmt":"2022-05-31T12:31:30","guid":{"rendered":"https:\/\/homeemotion.lt\/?post_type=product&#038;p=11183"},"modified":"2026-04-18T12:11:41","modified_gmt":"2026-04-18T09:11:41","slug":"saase-ja-putuka-puudja-domo-800v-uv-lamp","status":"publish","type":"product","link":"https:\/\/homeemotion.lt\/lt\/toode\/saase-ja-putuka-puudja-domo-800v-uv-lamp\/","title":{"rendered":"*S\u00e4\u00e4se- ja putuka p\u00fc\u00fcdja Domo, 800V, UV lamp"},"content":{"rendered":"","protected":false},"excerpt":{"rendered":"<p>v\u00f5imsus 800 V. L\u00e4bipaistev kuumakindlast materjalist kate. Sobib magamistubadesse. Sobib allergikutele. Lihtne kasutada. Kaasas puhastushari seadme lihtsaks puhastamiseks<\/p>\n<p>v\u00f5imsus 800 V<\/p>","protected":false},"featured_media":17144,"template":"","meta":{"om_disable_all_campaigns":false,"_uf_show_specific_survey":0,"_uf_disable_surveys":false},"product_brand":[933],"product_cat":[1154],"product_tag":[116],"class_list":{"0":"post-11183","1":"product","2":"type-product","3":"status-publish","4":"has-post-thumbnail","6":"product_brand-domo","7":"product_cat-kodutehnika-2","8":"product_tag-domo","10":"first","11":"instock","12":"taxable","13":"shipping-taxable","14":"purchasable","15":"product-type-simple"},"aioseo_notices":[],"_links":{"self":[{"href":"https:\/\/homeemotion.lt\/lt\/wp-json\/wp\/v2\/product\/11183","targetHints":{"allow":["GET"]}}],"collection":[{"href":"https:\/\/homeemotion.lt\/lt\/wp-json\/wp\/v2\/product"}],"about":[{"href":"https:\/\/homeemotion.lt\/lt\/wp-json\/wp\/v2\/types\/product"}],"wp:featuredmedia":[{"embeddable":true,"href":"https:\/\/homeemotion.lt\/lt\/wp-json\/wp\/v2\/media\/17144"}],"wp:attachment":[{"href":"https:\/\/homeemotion.lt\/lt\/wp-json\/wp\/v2\/media?parent=11183"}],"wp:term":[{"taxonomy":"product_brand","embeddable":true,"href":"https:\/\/homeemotion.lt\/lt\/wp-json\/wp\/v2\/product_brand?post=11183"},{"taxonomy":"product_cat","embeddable":true,"href":"https:\/\/homeemotion.lt\/lt\/wp-json\/wp\/v2\/product_cat?post=11183"},{"taxonomy":"product_tag","embeddable":true,"href":"https:\/\/homeemotion.lt\/lt\/wp-json\/wp\/v2\/product_tag?post=11183"}],"curies":[{"name":"wp","href":"https:\/\/api.w.org\/{rel}","templated":true}]}}