{"id":11175,"date":"2022-05-31T15:31:20","date_gmt":"2022-05-31T12:31:20","guid":{"rendered":"https:\/\/homeemotion.lt\/?post_type=product&#038;p=11175"},"modified":"2026-04-17T22:12:18","modified_gmt":"2026-04-17T19:12:18","slug":"saase-ja-putuka-puudja-domo-2000v-uv-lamp","status":"publish","type":"product","link":"https:\/\/homeemotion.lt\/lt\/toode\/saase-ja-putuka-puudja-domo-2000v-uv-lamp\/","title":{"rendered":"*S\u00e4\u00e4se- ja putuka p\u00fc\u00fcdja Domo, 2000V, UV lamp"},"content":{"rendered":"","protected":false},"excerpt":{"rendered":"<p>Putukate p\u00fc\u00fcdja ultraviolettvalgusega. L\u00f5hnatu, m\u00fcravaba ja ohutu. L\u00e4bipaistev korpus. Eemaldatav alus. K\u00f5rgepinge: 2000 V. UV-luminofoorlamp: 11 W. Sisse\/v\u00e4lja l\u00fclitiga. Toitejuhe: 1,5 m. Sobib kasutamiseks ainult siseruumides. Saab kasutada riputades \u00fcles v\u00f5i tasasel pinnal seisma pannes<\/p>","protected":false},"featured_media":17143,"template":"","meta":{"om_disable_all_campaigns":false,"_uf_show_specific_survey":0,"_uf_disable_surveys":false},"product_brand":[933],"product_cat":[955,1015],"product_tag":[116],"class_list":{"0":"post-11175","1":"product","2":"type-product","3":"status-publish","4":"has-post-thumbnail","6":"product_brand-domo","7":"product_cat-kodu","8":"product_cat-kodutehnika-kodu","9":"product_tag-domo","11":"first","12":"instock","13":"taxable","14":"shipping-taxable","15":"purchasable","16":"product-type-simple"},"aioseo_notices":[],"_links":{"self":[{"href":"https:\/\/homeemotion.lt\/lt\/wp-json\/wp\/v2\/product\/11175","targetHints":{"allow":["GET"]}}],"collection":[{"href":"https:\/\/homeemotion.lt\/lt\/wp-json\/wp\/v2\/product"}],"about":[{"href":"https:\/\/homeemotion.lt\/lt\/wp-json\/wp\/v2\/types\/product"}],"wp:featuredmedia":[{"embeddable":true,"href":"https:\/\/homeemotion.lt\/lt\/wp-json\/wp\/v2\/media\/17143"}],"wp:attachment":[{"href":"https:\/\/homeemotion.lt\/lt\/wp-json\/wp\/v2\/media?parent=11175"}],"wp:term":[{"taxonomy":"product_brand","embeddable":true,"href":"https:\/\/homeemotion.lt\/lt\/wp-json\/wp\/v2\/product_brand?post=11175"},{"taxonomy":"product_cat","embeddable":true,"href":"https:\/\/homeemotion.lt\/lt\/wp-json\/wp\/v2\/product_cat?post=11175"},{"taxonomy":"product_tag","embeddable":true,"href":"https:\/\/homeemotion.lt\/lt\/wp-json\/wp\/v2\/product_tag?post=11175"}],"curies":[{"name":"wp","href":"https:\/\/api.w.org\/{rel}","templated":true}]}}