{"id":11156,"date":"2022-05-31T14:52:09","date_gmt":"2022-05-31T11:52:09","guid":{"rendered":"https:\/\/homeemotion.lt\/?post_type=product&#038;p=11156"},"modified":"2026-04-21T14:13:21","modified_gmt":"2026-04-21T11:13:21","slug":"voileivagrill-domo-5in1","status":"publish","type":"product","link":"https:\/\/homeemotion.lt\/lt\/toode\/voileivagrill-domo-5in1\/","title":{"rendered":"Domo 5in1 sumu\u0161tini\u0173 kepsnin\u0117"},"content":{"rendered":"","protected":false},"excerpt":{"rendered":"<p>5 komplekti erinevaid vahetatavaid plaate: v\u00f5ileivad, vahvlid, s\u00f5\u00f5rikud, loomade kujundid v\u00f5i vahvli pulgad.. Toite ja valmisoleku m\u00e4rgutuled. Turvaklamber k\u00e4epideme k\u00fcljes. Saab hoiustada p\u00fcstises asendis, s\u00e4\u00e4stes ruumi.. Libisemisvastased jalad ja juhtmehoidik.<\/p>","protected":false},"featured_media":16975,"template":"","meta":{"om_disable_all_campaigns":false,"_uf_show_specific_survey":0,"_uf_disable_surveys":false},"product_brand":[933],"product_cat":[1006,1001,1029],"product_tag":[116],"class_list":{"0":"post-11156","1":"product","2":"type-product","3":"status-publish","4":"has-post-thumbnail","6":"product_brand-domo","7":"product_cat-koogitehnika-tehnika","8":"product_cat-tehnika","9":"product_cat-voileivagrillid","10":"product_tag-domo","12":"first","13":"instock","14":"taxable","15":"shipping-taxable","16":"purchasable","17":"product-type-simple"},"aioseo_notices":[],"_links":{"self":[{"href":"https:\/\/homeemotion.lt\/lt\/wp-json\/wp\/v2\/product\/11156","targetHints":{"allow":["GET"]}}],"collection":[{"href":"https:\/\/homeemotion.lt\/lt\/wp-json\/wp\/v2\/product"}],"about":[{"href":"https:\/\/homeemotion.lt\/lt\/wp-json\/wp\/v2\/types\/product"}],"wp:featuredmedia":[{"embeddable":true,"href":"https:\/\/homeemotion.lt\/lt\/wp-json\/wp\/v2\/media\/16975"}],"wp:attachment":[{"href":"https:\/\/homeemotion.lt\/lt\/wp-json\/wp\/v2\/media?parent=11156"}],"wp:term":[{"taxonomy":"product_brand","embeddable":true,"href":"https:\/\/homeemotion.lt\/lt\/wp-json\/wp\/v2\/product_brand?post=11156"},{"taxonomy":"product_cat","embeddable":true,"href":"https:\/\/homeemotion.lt\/lt\/wp-json\/wp\/v2\/product_cat?post=11156"},{"taxonomy":"product_tag","embeddable":true,"href":"https:\/\/homeemotion.lt\/lt\/wp-json\/wp\/v2\/product_tag?post=11156"}],"curies":[{"name":"wp","href":"https:\/\/api.w.org\/{rel}","templated":true}]}}