{"id":11148,"date":"2022-05-31T14:41:46","date_gmt":"2022-05-31T11:41:46","guid":{"rendered":"https:\/\/homeemotion.lt\/?post_type=product&#038;p=11148"},"modified":"2026-04-18T12:11:32","modified_gmt":"2026-04-18T09:11:32","slug":"pannkoogi-valmistaja-domo-1500w","status":"publish","type":"product","link":"https:\/\/homeemotion.lt\/lt\/toode\/pannkoogi-valmistaja-domo-1500w\/","title":{"rendered":"*Pannkoogi valmistaja Domo 1500W"},"content":{"rendered":"","protected":false},"excerpt":{"rendered":"<p>2 eemaldatava k\u00fcpsetusplaadiga: \u00fcks lame plaat \u00d8 37,5 cm ja \u00fcks plaat, mis sobib 5 v\u00e4ikesele pannkoogile. Reguleeritav temperatuur m\u00e4rgutulega. Kvaliteetne mittenakkuv kate. komplektis spaatel ja taignalaotaja. 1500 W<\/p>","protected":false},"featured_media":16972,"template":"","meta":{"om_disable_all_campaigns":false,"_uf_show_specific_survey":0,"_uf_disable_surveys":false},"product_brand":[933],"product_cat":[955,973],"product_tag":[116],"class_list":{"0":"post-11148","1":"product","2":"type-product","3":"status-publish","4":"has-post-thumbnail","6":"product_brand-domo","7":"product_cat-kodu","8":"product_cat-koogitehnika","9":"product_tag-domo","11":"first","12":"instock","13":"taxable","14":"shipping-taxable","15":"purchasable","16":"product-type-simple"},"aioseo_notices":[],"_links":{"self":[{"href":"https:\/\/homeemotion.lt\/lt\/wp-json\/wp\/v2\/product\/11148","targetHints":{"allow":["GET"]}}],"collection":[{"href":"https:\/\/homeemotion.lt\/lt\/wp-json\/wp\/v2\/product"}],"about":[{"href":"https:\/\/homeemotion.lt\/lt\/wp-json\/wp\/v2\/types\/product"}],"wp:featuredmedia":[{"embeddable":true,"href":"https:\/\/homeemotion.lt\/lt\/wp-json\/wp\/v2\/media\/16972"}],"wp:attachment":[{"href":"https:\/\/homeemotion.lt\/lt\/wp-json\/wp\/v2\/media?parent=11148"}],"wp:term":[{"taxonomy":"product_brand","embeddable":true,"href":"https:\/\/homeemotion.lt\/lt\/wp-json\/wp\/v2\/product_brand?post=11148"},{"taxonomy":"product_cat","embeddable":true,"href":"https:\/\/homeemotion.lt\/lt\/wp-json\/wp\/v2\/product_cat?post=11148"},{"taxonomy":"product_tag","embeddable":true,"href":"https:\/\/homeemotion.lt\/lt\/wp-json\/wp\/v2\/product_tag?post=11148"}],"curies":[{"name":"wp","href":"https:\/\/api.w.org\/{rel}","templated":true}]}}