{"id":11131,"date":"2022-05-31T14:16:41","date_gmt":"2022-05-31T11:16:41","guid":{"rendered":"https:\/\/homeemotion.lt\/?post_type=product&#038;p=11131"},"modified":"2026-04-21T14:13:20","modified_gmt":"2026-04-21T11:13:20","slug":"konvektor-domo-2500w","status":"publish","type":"product","link":"https:\/\/homeemotion.lt\/lt\/toode\/konvektor-domo-2500w\/","title":{"rendered":"Konvektor Domo 2500W"},"content":{"rendered":"","protected":false},"excerpt":{"rendered":"<p>3 v\u00f5imsuse seadistust: 750 W \u2013 1250 W \u2013 2000 W. Reguleeritav temperatuur. Turbofunktsiooniga, mis jaotab t\u00f5husalt soojust ruumis. Turvaanduriga, mis l\u00fclitab seadme automaatselt v\u00e4lja, kui see on kaetud. \u00dclekuumenemise kaitse. Integreeritud k\u00e4epide seadme lihtsaks liigutamiseks. M\u00f5\u00f5dud: 52,5 x 38,8 x 19,5 cm<\/p>\n<p>V\u00f5imsus  750 W \u2013 1250 W \u2013 2000 W<\/p>","protected":false},"featured_media":16949,"template":"","meta":{"om_disable_all_campaigns":false,"_uf_show_specific_survey":0,"_uf_disable_surveys":false},"product_brand":[933],"product_cat":[1002,1028,1001],"product_tag":[116],"class_list":{"0":"post-11131","1":"product","2":"type-product","3":"status-publish","4":"has-post-thumbnail","6":"product_brand-domo","7":"product_cat-kodutehnika","8":"product_cat-soojapuhurid","9":"product_cat-tehnika","10":"product_tag-domo","12":"first","13":"instock","14":"taxable","15":"shipping-taxable","16":"purchasable","17":"product-type-simple"},"aioseo_notices":[],"_links":{"self":[{"href":"https:\/\/homeemotion.lt\/lt\/wp-json\/wp\/v2\/product\/11131","targetHints":{"allow":["GET"]}}],"collection":[{"href":"https:\/\/homeemotion.lt\/lt\/wp-json\/wp\/v2\/product"}],"about":[{"href":"https:\/\/homeemotion.lt\/lt\/wp-json\/wp\/v2\/types\/product"}],"wp:featuredmedia":[{"embeddable":true,"href":"https:\/\/homeemotion.lt\/lt\/wp-json\/wp\/v2\/media\/16949"}],"wp:attachment":[{"href":"https:\/\/homeemotion.lt\/lt\/wp-json\/wp\/v2\/media?parent=11131"}],"wp:term":[{"taxonomy":"product_brand","embeddable":true,"href":"https:\/\/homeemotion.lt\/lt\/wp-json\/wp\/v2\/product_brand?post=11131"},{"taxonomy":"product_cat","embeddable":true,"href":"https:\/\/homeemotion.lt\/lt\/wp-json\/wp\/v2\/product_cat?post=11131"},{"taxonomy":"product_tag","embeddable":true,"href":"https:\/\/homeemotion.lt\/lt\/wp-json\/wp\/v2\/product_tag?post=11131"}],"curies":[{"name":"wp","href":"https:\/\/api.w.org\/{rel}","templated":true}]}}