{"id":11093,"date":"2022-05-31T12:05:07","date_gmt":"2022-05-31T09:05:07","guid":{"rendered":"https:\/\/homeemotion.lt\/?post_type=product&#038;p=11093"},"modified":"2026-04-17T22:12:07","modified_gmt":"2026-04-17T19:12:07","slug":"kasitolmuimeja-domo","status":"publish","type":"product","link":"https:\/\/homeemotion.lt\/lt\/toode\/kasitolmuimeja-domo\/","title":{"rendered":"*K\u00e4sitolmuimeja Domo"},"content":{"rendered":"","protected":false},"excerpt":{"rendered":"<p>Puikiai tinka biure arba automobilyje. Lengva pasiimti su savimi ir laikyti. 7,2 V li\u010dio jon\u0173 akumuliatorius. Naudojimas be laid\u0173. \u012ekrovimo laikas: 2,5 valandos - autonominio naudojimo laikas: +\/- 12 min. Skaidrus dulki\u0173 skyrius: 0,1 l. HEPA H10 filtravimo sistema. Nuimami filtrai lengvam valymui. Komplekte yra 2 in 1 dulki\u0173 \u0161epetys, USB laidas ir adapteris.<\/p>","protected":false},"featured_media":16911,"template":"","meta":{"om_disable_all_campaigns":false,"_uf_show_specific_survey":0,"_uf_disable_surveys":false},"product_brand":[933],"product_cat":[1002,1001,1014],"product_tag":[116],"class_list":{"0":"post-11093","1":"product","2":"type-product","3":"status-publish","4":"has-post-thumbnail","6":"product_brand-domo","7":"product_cat-kodutehnika","8":"product_cat-tehnika","9":"product_cat-varstolmuimeja","10":"product_tag-domo","12":"first","13":"instock","14":"taxable","15":"shipping-taxable","16":"purchasable","17":"product-type-simple"},"aioseo_notices":[],"_links":{"self":[{"href":"https:\/\/homeemotion.lt\/lt\/wp-json\/wp\/v2\/product\/11093","targetHints":{"allow":["GET"]}}],"collection":[{"href":"https:\/\/homeemotion.lt\/lt\/wp-json\/wp\/v2\/product"}],"about":[{"href":"https:\/\/homeemotion.lt\/lt\/wp-json\/wp\/v2\/types\/product"}],"wp:featuredmedia":[{"embeddable":true,"href":"https:\/\/homeemotion.lt\/lt\/wp-json\/wp\/v2\/media\/16911"}],"wp:attachment":[{"href":"https:\/\/homeemotion.lt\/lt\/wp-json\/wp\/v2\/media?parent=11093"}],"wp:term":[{"taxonomy":"product_brand","embeddable":true,"href":"https:\/\/homeemotion.lt\/lt\/wp-json\/wp\/v2\/product_brand?post=11093"},{"taxonomy":"product_cat","embeddable":true,"href":"https:\/\/homeemotion.lt\/lt\/wp-json\/wp\/v2\/product_cat?post=11093"},{"taxonomy":"product_tag","embeddable":true,"href":"https:\/\/homeemotion.lt\/lt\/wp-json\/wp\/v2\/product_tag?post=11093"}],"curies":[{"name":"wp","href":"https:\/\/api.w.org\/{rel}","templated":true}]}}