{"id":11044,"date":"2022-05-31T10:52:02","date_gmt":"2022-05-31T07:52:02","guid":{"rendered":"https:\/\/homeemotion.lt\/?post_type=product&#038;p=11044"},"modified":"2026-04-18T12:11:29","modified_gmt":"2026-04-18T09:11:29","slug":"ohujahuti-domo-6w","status":"publish","type":"product","link":"https:\/\/homeemotion.lt\/lt\/toode\/ohujahuti-domo-6w\/","title":{"rendered":"*\u00d5hujahuti Domo 6W"},"content":{"rendered":"","protected":false},"excerpt":{"rendered":"<p>efektiivne kiire jahutus t\u00e4nu. k\u00e4rje kujulisele jahutusmembraanile. 2 kiirust. Kompaktne, lihtne hoiustada. Mehaaniline juhtpaneel. Eemaldatav veepaak: 750 ml. Vaikne: 56 dB. M\u00f5\u00f5dud: P 16 x P 21 x K 21cm<\/p>","protected":false},"featured_media":16903,"template":"","meta":{"om_disable_all_campaigns":false,"_uf_show_specific_survey":0,"_uf_disable_surveys":false},"product_brand":[933],"product_cat":[1002,1001],"product_tag":[116],"class_list":{"0":"post-11044","1":"product","2":"type-product","3":"status-publish","4":"has-post-thumbnail","6":"product_brand-domo","7":"product_cat-kodutehnika","8":"product_cat-tehnika","9":"product_tag-domo","11":"first","12":"instock","13":"taxable","14":"shipping-taxable","15":"purchasable","16":"product-type-simple"},"aioseo_notices":[],"_links":{"self":[{"href":"https:\/\/homeemotion.lt\/lt\/wp-json\/wp\/v2\/product\/11044","targetHints":{"allow":["GET"]}}],"collection":[{"href":"https:\/\/homeemotion.lt\/lt\/wp-json\/wp\/v2\/product"}],"about":[{"href":"https:\/\/homeemotion.lt\/lt\/wp-json\/wp\/v2\/types\/product"}],"wp:featuredmedia":[{"embeddable":true,"href":"https:\/\/homeemotion.lt\/lt\/wp-json\/wp\/v2\/media\/16903"}],"wp:attachment":[{"href":"https:\/\/homeemotion.lt\/lt\/wp-json\/wp\/v2\/media?parent=11044"}],"wp:term":[{"taxonomy":"product_brand","embeddable":true,"href":"https:\/\/homeemotion.lt\/lt\/wp-json\/wp\/v2\/product_brand?post=11044"},{"taxonomy":"product_cat","embeddable":true,"href":"https:\/\/homeemotion.lt\/lt\/wp-json\/wp\/v2\/product_cat?post=11044"},{"taxonomy":"product_tag","embeddable":true,"href":"https:\/\/homeemotion.lt\/lt\/wp-json\/wp\/v2\/product_tag?post=11044"}],"curies":[{"name":"wp","href":"https:\/\/api.w.org\/{rel}","templated":true}]}}