{"id":11016,"date":"2022-05-09T16:10:06","date_gmt":"2022-05-09T13:10:06","guid":{"rendered":"https:\/\/homeemotion.lt\/?post_type=product&#038;p=11016"},"modified":"2026-04-19T12:37:16","modified_gmt":"2026-04-19T09:37:16","slug":"foon-domo","status":"publish","type":"product","link":"https:\/\/homeemotion.lt\/lt\/toode\/foon-domo\/","title":{"rendered":"F\u00f6\u00f6n Domo 2100W,must"},"content":{"rendered":"","protected":false},"excerpt":{"rendered":"<p>V\u00f5imas ja professionaalne vahelduvvoolu mootor. 2 kiirust ja 3 temperatuuri seadistust. Coolshot funktsioon k\u00fclma \u00f5hu intensiivseks vooluks. Eemaldatav filter. Riputusaas. Kaasas professionaalne \u00f5husuunamise otsik<\/p>\n<p>V\u00f5imsus: 2100 W<\/p>","protected":false},"featured_media":16899,"template":"","meta":{"om_disable_all_campaigns":false,"_uf_show_specific_survey":0,"_uf_disable_surveys":false},"product_brand":[933],"product_cat":[989,985,986],"product_tag":[116],"class_list":{"0":"post-11016","1":"product","2":"type-product","3":"status-publish","4":"has-post-thumbnail","6":"product_brand-domo","7":"product_cat-foonid","8":"product_cat-ilu","9":"product_cat-ilutooted","10":"product_tag-domo","12":"first","13":"instock","14":"taxable","15":"shipping-taxable","16":"purchasable","17":"product-type-simple"},"aioseo_notices":[],"_links":{"self":[{"href":"https:\/\/homeemotion.lt\/lt\/wp-json\/wp\/v2\/product\/11016","targetHints":{"allow":["GET"]}}],"collection":[{"href":"https:\/\/homeemotion.lt\/lt\/wp-json\/wp\/v2\/product"}],"about":[{"href":"https:\/\/homeemotion.lt\/lt\/wp-json\/wp\/v2\/types\/product"}],"wp:featuredmedia":[{"embeddable":true,"href":"https:\/\/homeemotion.lt\/lt\/wp-json\/wp\/v2\/media\/16899"}],"wp:attachment":[{"href":"https:\/\/homeemotion.lt\/lt\/wp-json\/wp\/v2\/media?parent=11016"}],"wp:term":[{"taxonomy":"product_brand","embeddable":true,"href":"https:\/\/homeemotion.lt\/lt\/wp-json\/wp\/v2\/product_brand?post=11016"},{"taxonomy":"product_cat","embeddable":true,"href":"https:\/\/homeemotion.lt\/lt\/wp-json\/wp\/v2\/product_cat?post=11016"},{"taxonomy":"product_tag","embeddable":true,"href":"https:\/\/homeemotion.lt\/lt\/wp-json\/wp\/v2\/product_tag?post=11016"}],"curies":[{"name":"wp","href":"https:\/\/api.w.org\/{rel}","templated":true}]}}