{"id":11003,"date":"2022-05-09T16:00:49","date_gmt":"2022-05-09T13:00:49","guid":{"rendered":"https:\/\/homeemotion.lt\/?post_type=product&#038;p=11003"},"modified":"2026-04-17T20:36:25","modified_gmt":"2026-04-17T17:36:25","slug":"juuksesirgendaja-domo","status":"publish","type":"product","link":"https:\/\/homeemotion.lt\/lt\/toode\/juuksesirgendaja-domo\/","title":{"rendered":"Plauk\u0173 tiesintuvas Domo"},"content":{"rendered":"","protected":false},"excerpt":{"rendered":"<p>Keramin\u0117s plytel\u0117s: 38 x 110 mm. \u012ejungimo\/i\u0161jungimo mygtukas ir tikslios temperat\u016bros reguliavimo ranken\u0117l\u0117s. Reguliuojama temperat\u016bra nuo 130 \u00b0C iki 230 \u00b0C. Skaitmeninis ekranas su 11 temperat\u016bros nustatym\u0173. Greitas kaitinimas: iki 160 \u00b0C vos per 30 sekund\u017ei\u0173. Automatinis i\u0161sijungimas po 1 valandos. 360\u00b0 kampu pasukamas maitinimo laidas. Apsauginis u\u017eraktas. Matmenys: 305 x 43 x 35 mm.<\/p>","protected":false},"featured_media":16898,"template":"","meta":{"om_disable_all_campaigns":false,"_uf_show_specific_survey":0,"_uf_disable_surveys":false},"product_brand":[933],"product_cat":[985,986,1067],"product_tag":[116],"class_list":{"0":"post-11003","1":"product","2":"type-product","3":"status-publish","4":"has-post-thumbnail","6":"product_brand-domo","7":"product_cat-ilu","8":"product_cat-ilutooted","9":"product_cat-juuksesirgendaja","10":"product_tag-domo","12":"first","13":"instock","14":"taxable","15":"shipping-taxable","16":"purchasable","17":"product-type-simple"},"aioseo_notices":[],"_links":{"self":[{"href":"https:\/\/homeemotion.lt\/lt\/wp-json\/wp\/v2\/product\/11003","targetHints":{"allow":["GET"]}}],"collection":[{"href":"https:\/\/homeemotion.lt\/lt\/wp-json\/wp\/v2\/product"}],"about":[{"href":"https:\/\/homeemotion.lt\/lt\/wp-json\/wp\/v2\/types\/product"}],"wp:featuredmedia":[{"embeddable":true,"href":"https:\/\/homeemotion.lt\/lt\/wp-json\/wp\/v2\/media\/16898"}],"wp:attachment":[{"href":"https:\/\/homeemotion.lt\/lt\/wp-json\/wp\/v2\/media?parent=11003"}],"wp:term":[{"taxonomy":"product_brand","embeddable":true,"href":"https:\/\/homeemotion.lt\/lt\/wp-json\/wp\/v2\/product_brand?post=11003"},{"taxonomy":"product_cat","embeddable":true,"href":"https:\/\/homeemotion.lt\/lt\/wp-json\/wp\/v2\/product_cat?post=11003"},{"taxonomy":"product_tag","embeddable":true,"href":"https:\/\/homeemotion.lt\/lt\/wp-json\/wp\/v2\/product_tag?post=11003"}],"curies":[{"name":"wp","href":"https:\/\/api.w.org\/{rel}","templated":true}]}}