{"id":10984,"date":"2022-05-09T14:52:21","date_gmt":"2022-05-09T11:52:21","guid":{"rendered":"https:\/\/homeemotion.lt\/?post_type=product&#038;p=10984"},"modified":"2026-04-21T14:12:39","modified_gmt":"2026-04-21T11:12:39","slug":"malmpott-emailitud-20cm-2l-punane-sola","status":"publish","type":"product","link":"https:\/\/homeemotion.lt\/lt\/toode\/malmpott-emailitud-20cm-2l-punane-sola\/","title":{"rendered":"Emaliuotas 20cm\/2l raudonasis salyklo \u0105sotis Sola"},"content":{"rendered":"","protected":false},"excerpt":{"rendered":"<p>Materjal: Malm. . . V\u00e4rv: Punane. . . L\u00e4bim\u00f5\u00f5t: 20 cm. . . K\u00f5rgus: 11 cm. . . Kaas on kaasas. . . N\u00f5udepesumasinas pestav. . . Sobib k\u00f5ikidele soojusallikatele<\/p>\n<p>V\u00e4rv: Punane<\/p>","protected":false},"featured_media":16682,"template":"","meta":{"om_disable_all_campaigns":false,"_uf_show_specific_survey":0,"_uf_disable_surveys":false},"product_brand":[1086],"product_cat":[955],"product_tag":[378],"class_list":{"0":"post-10984","1":"product","2":"type-product","3":"status-publish","4":"has-post-thumbnail","6":"product_brand-sola","7":"product_cat-kodu","8":"product_tag-sola","10":"first","11":"instock","12":"taxable","13":"shipping-taxable","14":"purchasable","15":"product-type-simple"},"aioseo_notices":[],"_links":{"self":[{"href":"https:\/\/homeemotion.lt\/lt\/wp-json\/wp\/v2\/product\/10984","targetHints":{"allow":["GET"]}}],"collection":[{"href":"https:\/\/homeemotion.lt\/lt\/wp-json\/wp\/v2\/product"}],"about":[{"href":"https:\/\/homeemotion.lt\/lt\/wp-json\/wp\/v2\/types\/product"}],"wp:featuredmedia":[{"embeddable":true,"href":"https:\/\/homeemotion.lt\/lt\/wp-json\/wp\/v2\/media\/16682"}],"wp:attachment":[{"href":"https:\/\/homeemotion.lt\/lt\/wp-json\/wp\/v2\/media?parent=10984"}],"wp:term":[{"taxonomy":"product_brand","embeddable":true,"href":"https:\/\/homeemotion.lt\/lt\/wp-json\/wp\/v2\/product_brand?post=10984"},{"taxonomy":"product_cat","embeddable":true,"href":"https:\/\/homeemotion.lt\/lt\/wp-json\/wp\/v2\/product_cat?post=10984"},{"taxonomy":"product_tag","embeddable":true,"href":"https:\/\/homeemotion.lt\/lt\/wp-json\/wp\/v2\/product_tag?post=10984"}],"curies":[{"name":"wp","href":"https:\/\/api.w.org\/{rel}","templated":true}]}}