{"id":10968,"date":"2022-05-09T12:49:16","date_gmt":"2022-05-09T09:49:16","guid":{"rendered":"https:\/\/homeemotion.lt\/?post_type=product&#038;p=10968"},"modified":"2026-04-17T19:11:33","modified_gmt":"2026-04-17T16:11:33","slug":"mahlapress-philips-viva-collection","status":"publish","type":"product","link":"https:\/\/homeemotion.lt\/lt\/toode\/mahlapress-philips-viva-collection\/","title":{"rendered":"Mal\u016bn\u0117lis \"Philips Viva Collection\" 500W"},"content":{"rendered":"<p><strong>Rohkem mahla, v\u00e4hem askeldamist<\/strong><\/p>\n<p class=\"p-body-copy-02\">Suur mahlaeraldus ja puhastamine \u00fche minutiga \u2013 k\u00f5ik, mida te mahlapressilt ootate, kompaktses korpuses, mis on poole v\u00e4iksem!*. Nautige iga p\u00e4ev tervislikku kodus valmistatud mahla!<\/p>\n<div id=\"see-all-benefits\" class=\"p-s01__pdp-overview-wraper\">\n<div class=\"s01highlight s01-highlights-banner component-base\">\n<section class=\"p-s01-highlights\">\n<div class=\"p-row-gutter p-comp-spacing-bottom\">\n<h3 class=\"p-heading-03 p-heading-medium p-s01__highlights-subtitle\">K\u00f5ik \u00fches kompaktses kujunduses<\/h3>\n<ul class=\"p-bullets p-large p-s01__bullets p-heading-medium\">\n<li class=\"p-s01__bullet\">500 W<\/li>\n<li class=\"p-s01__bullet\">Kiirpuhastus<\/li>\n<li class=\"p-s01__bullet\">1,5 l<\/li>\n<li class=\"p-s01__bullet\">Tilgalukk<\/li>\n<\/ul>\n<\/div>\n<\/section>\n<\/div>\n<\/div>\n<div class=\"productFeatures s12-product-features component-base\">\n<section class=\"p-complete p-s12-product-features\" data-close-popup-label=\"Tagasi\">\n<div class=\"p-row-gutter p-comp-spacing-bottom\">\n<div class=\"p-s12__feature-list\">\n<div class=\"p-s12__row\">\n<div class=\"p-s12__feature-item p-spacing-bottom-c\">\n<div class=\"p-s12__feature-image p-spacing-bottom-a\"><img decoding=\"async\" class=\"\" src=\"https:\/\/images.philips.com\/is\/image\/philipsconsumer\/d2bf0fd1779349aaa8ccad1600ab0ad5?wid=305&amp;hei=173&amp;$jpglarge$\" alt=\"Kompaktne mahlapress on teie k\u00f6\u00f6gis alati k\u00e4ep\u00e4rast\" \/><\/div>\n<div class=\"p-s12__feature-description p-spacing-bottom-a\">\n<h3 class=\"p-heading-04-large p-heading-bold p-feature-title\">Kompaktne mahlapress on teie k\u00f6\u00f6gis alati k\u00e4ep\u00e4rast<\/h3>\n<p class=\"p-body-copy-02\">See poole v\u00e4iksem* mahlapress v\u00f5tab v\u00e4he ruumi. V\u00f5ite j\u00e4tta selle k\u00f6\u00f6gi t\u00f6\u00f6pinnale v\u00f5i h\u00f5lpsalt hoiundada.<\/p>\n<\/div>\n<\/div>\n<div class=\"p-s12__feature-item p-spacing-bottom-c\">\n<div class=\"p-s12__feature-image p-spacing-bottom-a\"><img decoding=\"async\" class=\"\" src=\"https:\/\/images.philips.com\/is\/image\/philipsconsumer\/9f4a8de5738a4ee5afc5ad16010893d2?wid=305&amp;hei=173&amp;$jpglarge$\" alt=\"Mahla pressimine otse klaasi\" \/><\/div>\n<div class=\"p-s12__feature-description p-spacing-bottom-a\">\n<h3 class=\"p-heading-04-large p-heading-bold p-feature-title\">Mahla pressimine otse klaasi<\/h3>\n<p class=\"p-body-copy-02\">See mahlapress v\u00f5imaldab teil kasutada oma klaasi (mille k\u00f5rgus on kuni 12 cm). Asetage see otse sisseehitatud kraani alla ja olete mahla valmistamiseks valmis.<\/p>\n<\/div>\n<\/div>\n<div class=\"p-s12__feature-item p-spacing-bottom-c\">\n<div class=\"p-s12__feature-image p-spacing-bottom-a\"><img decoding=\"async\" class=\"\" src=\"https:\/\/images.philips.com\/is\/image\/philipsconsumer\/208e437868bd46b39863ad1600e964a2?wid=305&amp;hei=173&amp;$jpglarge$\" alt=\"Pressige korraga kuni 1,5 l mahla\" \/><\/div>\n<div class=\"p-s12__feature-description p-spacing-bottom-a\">\n<h3 class=\"p-heading-04-large p-heading-bold p-feature-title\">Pressige korraga kuni 1,5 l mahla<\/h3>\n<p class=\"p-body-copy-02\">V\u00f5ite valmistada korraga kuni 1,5 l mahla, enne kui viljalihan\u00f5ud on vaja t\u00fchjendada.<\/p>\n<\/div>\n<\/div>\n<\/div>\n<div class=\"p-s12__more-features p-s12__toggle-item\">\n<div class=\"p-s12__more-features--inner\">\n<div class=\"p-s12__row\">\n<div class=\"p-s12__feature-item p-spacing-bottom-c\">\n<div class=\"p-s12__feature-image p-spacing-bottom-a\"><img decoding=\"async\" class=\"\" src=\"https:\/\/images.philips.com\/is\/image\/philipsconsumer\/478db389a5f74013b4dcad1601093beb?wid=305&amp;hei=173&amp;$jpglarge$\" alt=\"Tehnoloogia QuickClean\" \/><\/div>\n<div class=\"p-s12__feature-description p-spacing-bottom-a\">\n<h3 class=\"p-heading-04-large p-heading-bold p-feature-title\">Tehnoloogia QuickClean<\/h3>\n<p class=\"p-body-copy-02\">T\u00e4nu QuickCleani tehnoloogiale on Philipsi mahlapressi kerge puhastada. Selleks kulub n\u00fc\u00fcd vaid 1 minut \u2013 seda t\u00e4nu seadmesisesele viljalihan\u00f5ule ja siledatele pindadele.<\/p>\n<\/div>\n<\/div>\n<div class=\"p-s12__feature-item p-spacing-bottom-c\">\n<div class=\"p-s12__feature-image p-spacing-bottom-a\"><img decoding=\"async\" class=\"\" src=\"https:\/\/images.philips.com\/is\/image\/philipsconsumer\/260348cd3ab14f138819ad2501015dd1?wid=305&amp;hei=173&amp;$jpglarge$\" alt=\"Kiiresti puhastatav s\u00f5el\" \/><\/div>\n<div class=\"p-s12__feature-description p-spacing-bottom-a\">\n<h3 class=\"p-heading-04-large p-heading-bold p-feature-title\">Kiiresti puhastatav s\u00f5el<\/h3>\n<p class=\"p-body-copy-02\">S\u00f5ela k\u00fclge j\u00e4\u00e4b kinni palju viljaliha kiudusid, mist\u00f5ttu on seda v\u00e4ga raske puhastada. T\u00e4nu uuenduslikule QuickClean tehnoloogiale on k\u00f5ik s\u00f5ela pinnad siledad, ning seep\u00e4rast saab kiudusid eemaldada tavalise k\u00f6\u00f6gisvammi abil.<\/p>\n<\/div>\n<\/div>\n<div class=\"p-s12__feature-item p-spacing-bottom-c\">\n<div class=\"p-s12__feature-image p-spacing-bottom-a\"><img decoding=\"async\" class=\"\" src=\"https:\/\/images.philips.com\/is\/image\/philipsconsumer\/7ea8362dcf9f4b2f9824ad250104ae17?wid=305&amp;hei=173&amp;$jpglarge$\" alt=\"Viljaliha koguneb \u00fchte kohta ning seda on lihtne \u00e4ra visata\" \/><\/div>\n<div class=\"p-s12__feature-description p-spacing-bottom-a\">\n<h3 class=\"p-heading-04-large p-heading-bold p-feature-title\">Viljaliha koguneb \u00fchte kohta ning seda on lihtne \u00e4ra visata<\/h3>\n<p class=\"p-body-copy-02\">Kogu viljaliha kogutakse sinna, kus see peaks olema: Philipsi mahlapressi viljalihan\u00f5usse. Seega ei pea enam viljaliha eemaldama teistelt osadelt, n\u00e4iteks kaanelt. T\u00e4nu \u00fcmarale kujule ja nurkade ning pragudeta siledatele pindadele saab viljaliha kergelt k\u00e4tte ning n\u00f5ud on palju lihtsam puhastada.<\/p>\n<\/div>\n<\/div>\n<\/div>\n<div class=\"p-s12__row\">\n<div class=\"p-s12__feature-item p-spacing-bottom-c\">\n<div class=\"p-s12__feature-image p-spacing-bottom-a\"><img decoding=\"async\" class=\"\" src=\"https:\/\/images.philips.com\/is\/image\/philipsconsumer\/367327ff575c42c18853ad1f0121cd53?wid=305&amp;hei=173&amp;$jpglarge$\" alt=\"Viljaliha saab l\u00e4bipaistva viljaliha n\u00f5u abil lihtsalt kontrollida\" \/><\/div>\n<div class=\"p-s12__feature-description p-spacing-bottom-a\">\n<h3 class=\"p-heading-04-large p-heading-bold p-feature-title\">Viljaliha saab l\u00e4bipaistva viljaliha n\u00f5u abil lihtsalt kontrollida<\/h3>\n<p class=\"p-body-copy-02\">Nautige t\u00f5eliselt interaktiivset mahlapressimiselamust. Kaas ja viljalihan\u00f5u on l\u00e4bipaistvad, t\u00e4nu millele n\u00e4ete puu- ja k\u00f6\u00f6giviljade mahlaks pressimist. Samuti saate kohe n\u00e4ha, kui anum saab t\u00e4is ja on aeg seda t\u00fchjendada.<\/p>\n<\/div>\n<\/div>\n<div class=\"p-s12__feature-item p-spacing-bottom-c\">\n<div class=\"p-s12__feature-image p-spacing-bottom-a\"><img decoding=\"async\" class=\"\" src=\"https:\/\/images.philips.com\/is\/image\/philipsconsumer\/59df9b6aa6ab4930b9c3ad16010c1115?wid=305&amp;hei=173&amp;$jpglarge$\" alt=\"Tilgalukk hoiab \u00e4ra mahla tilkumise\" \/><\/div>\n<div class=\"p-s12__feature-description p-spacing-bottom-a\">\n<h3 class=\"p-heading-04-large p-heading-bold p-feature-title\">Tilgalukk hoiab \u00e4ra mahla tilkumise<\/h3>\n<p class=\"p-body-copy-02\">Aktiveerimisel ei lase tilgalukk mahlal maha tilkuda. Tilgalukusti on eemaldatav ja tehtud n\u00f5udepesumasinas pestavatest materjalidest ning on seega v\u00e4ga lihtsalt puhastatav. \u00dche lihtsa liigutusega takistate mahla tilkumist ja hoiate t\u00f6\u00f6pinna puhtana.<\/p>\n<\/div>\n<\/div>\n<div class=\"p-s12__feature-item p-spacing-bottom-c\">\n<div class=\"p-s12__feature-image p-spacing-bottom-a\"><img decoding=\"async\" class=\"\" src=\"https:\/\/images.philips.com\/is\/image\/philipsconsumer\/3c399d5c37704ff183baad16015a2e31?wid=305&amp;hei=173&amp;$jpglarge$\" alt=\"K\u00f5ik eemaldatavad osad on n\u00f5udepesumasinas pestavad\" \/><\/div>\n<div class=\"p-s12__feature-description p-spacing-bottom-a\">\n<h3 class=\"p-heading-04-large p-heading-bold p-feature-title\">K\u00f5ik eemaldatavad osad on n\u00f5udepesumasinas pestavad<\/h3>\n<p class=\"p-body-copy-02\">Et puhastamine oleks lihtsam ja kiirem, on k\u00f5iki eemaldatavaid osasid v\u00f5imalik pesta n\u00f5udepesumasinas.<\/p>\n<\/div>\n<\/div>\n<\/div>\n<div class=\"p-s12__row\">\n<div class=\"p-s12__feature-item p-spacing-bottom-c\">\n<div class=\"p-s12__feature-description p-spacing-bottom-a\">\n<h3 class=\"p-heading-04-large p-heading-bold p-feature-title\">Siledad ja lihtsalt puhastatavad pinnad<\/h3>\n<p class=\"p-body-copy-02\">Mahlapressil on \u00fcmar vorm ja siledad pinnad, et seda oleks kraani all lihtne loputada.<\/p>\n<\/div>\n<\/div>\n<div class=\"p-s12__feature-item\" aria-hidden=\"true\"><\/div>\n<\/div>\n<\/div>\n<\/div>\n<\/div>\n<\/div>\n<\/section>\n<\/div>","protected":false},"excerpt":{"rendered":"<p>Mahlapress Viva Collection, kompaktne disain, v\u00e4rv must. QuickClean tehnoloogia elektropoleeritud s\u00f5elaga, kiire puhastus. Mahlapress v\u00f5imaldab kasutada oma klaasi (mille k\u00f5rgus on kuni 12 cm). K\u00f5ik eemaldatavad osad on n\u00f5udepesumasinas pestavad. Suur mahlaeraldus ja puhastamine \u00fche minutiga. 1 kiirus, tilgalukk. XXL t\u00e4itetoru- 80 mm. Juhtme pikkus 0,8 m, viljalihan\u00f5u 1 l, mahlakann 1500 ml<\/p>\n<p>V\u00f5imsus 500 W<\/p>","protected":false},"featured_media":17090,"template":"","meta":{"om_disable_all_campaigns":false,"_uf_show_specific_survey":0,"_uf_disable_surveys":false},"product_brand":[1101],"product_cat":[955],"product_tag":[606],"class_list":{"0":"post-10968","1":"product","2":"type-product","3":"status-publish","4":"has-post-thumbnail","6":"product_brand-philips-da","7":"product_cat-kodu","8":"product_tag-philips-da","10":"first","11":"instock","12":"taxable","13":"shipping-taxable","14":"purchasable","15":"product-type-simple"},"aioseo_notices":[],"_links":{"self":[{"href":"https:\/\/homeemotion.lt\/lt\/wp-json\/wp\/v2\/product\/10968","targetHints":{"allow":["GET"]}}],"collection":[{"href":"https:\/\/homeemotion.lt\/lt\/wp-json\/wp\/v2\/product"}],"about":[{"href":"https:\/\/homeemotion.lt\/lt\/wp-json\/wp\/v2\/types\/product"}],"wp:featuredmedia":[{"embeddable":true,"href":"https:\/\/homeemotion.lt\/lt\/wp-json\/wp\/v2\/media\/17090"}],"wp:attachment":[{"href":"https:\/\/homeemotion.lt\/lt\/wp-json\/wp\/v2\/media?parent=10968"}],"wp:term":[{"taxonomy":"product_brand","embeddable":true,"href":"https:\/\/homeemotion.lt\/lt\/wp-json\/wp\/v2\/product_brand?post=10968"},{"taxonomy":"product_cat","embeddable":true,"href":"https:\/\/homeemotion.lt\/lt\/wp-json\/wp\/v2\/product_cat?post=10968"},{"taxonomy":"product_tag","embeddable":true,"href":"https:\/\/homeemotion.lt\/lt\/wp-json\/wp\/v2\/product_tag?post=10968"}],"curies":[{"name":"wp","href":"https:\/\/api.w.org\/{rel}","templated":true}]}}