{"id":10961,"date":"2022-05-09T12:34:06","date_gmt":"2022-05-09T09:34:06","guid":{"rendered":"https:\/\/homeemotion.lt\/?post_type=product&#038;p=10961"},"modified":"2026-04-17T20:36:30","modified_gmt":"2026-04-17T17:36:30","slug":"multikeetja-philips","status":"publish","type":"product","link":"https:\/\/homeemotion.lt\/lt\/toode\/multikeetja-philips\/","title":{"rendered":"\"Philips\" daugiafunkcin\u0117 keptuv\u0117 1000W"},"content":{"rendered":"<p><strong>\u012evair\u016bs skan\u016bs patiekalai per 30 minu\u010di\u0173<\/strong><\/p>\n<p class=\"p-body-copy-02\">Maitas namuose taps lengvesnis su m\u016bs\u0173 universaliu kepimo prietaisu. Maksimalus skonis \u2013 minimali pastangos.<\/p>\n<div id=\"see-all-benefits\" class=\"p-s01__pdp-overview-wraper\">\n<div class=\"s01highlight s01-highlights-banner component-base\">\n<section class=\"p-s01-highlights\">\n<div class=\"p-row-gutter p-comp-spacing-bottom\">\n<h3 class=\"p-heading-03 p-heading-medium p-s01__highlights-subtitle\">Greitas maisto gaminimas namuose su skonio reguliavimo sistema<\/h3>\n<ul class=\"p-bullets p-large p-s01__bullets p-heading-medium\">\n<li class=\"p-s01__bullet\">Spartaus sl\u0117gio i\u0161leidimo technologija<\/li>\n<li class=\"p-s01__bullet\">Skonio reguliavimo sistema<\/li>\n<li class=\"p-s01__bullet\">I\u0161 anksto nustatytos programos<\/li>\n<li class=\"p-s01__bullet\">\u017dingsnis po \u017eingsnio instrukcijos<\/li>\n<\/ul>\n<\/div>\n<\/section>\n<\/div>\n<\/div>\n<div class=\"productFeatures s12-product-features component-base\">\n<section class=\"p-complete p-s12-product-features\" data-close-popup-label=\"Tagasi\">\n<div class=\"p-row-gutter p-comp-spacing-bottom\">\n<div class=\"p-s12__feature-list\">\n<div class=\"p-s12__row\">\n<div class=\"p-s12__feature-item p-spacing-bottom-c\">\n<div class=\"p-s12__feature-image p-spacing-bottom-a\"><img decoding=\"async\" class=\"\" src=\"https:\/\/images.philips.com\/is\/image\/philipsconsumer\/a546334ed809434f8369ad8a00e1dba9?wid=305&amp;hei=173&amp;$jpglarge$\" alt=\"Greito sl\u0117gio atleidimo technologija\" \/><\/div>\n<div class=\"p-s12__feature-description p-spacing-bottom-a\">\n<h3 class=\"p-heading-04-large p-heading-bold p-feature-title\">Greito sl\u0117gio atleidimo technologija<\/h3>\n<p class=\"p-body-copy-02\">Greito sl\u0117gio atpalaidavimo technologija leid\u017eia automati\u0161kai atpalaiduoti sl\u0117g\u012f vos per 7 minutes \u2013 50% grei\u010diau nei gaminant ant virykl\u0117s.*<\/p>\n<\/div>\n<\/div>\n<div class=\"p-s12__feature-item p-spacing-bottom-c\">\n<div class=\"p-s12__feature-image p-spacing-bottom-a\"><img decoding=\"async\" class=\"\" src=\"https:\/\/images.philips.com\/is\/image\/philipsconsumer\/7eac3f4f391c41cc909fad9100d834e5?wid=305&amp;hei=173&amp;$jpglarge$\" alt=\"Skonio reguliavimo sistema\" \/><\/div>\n<div class=\"p-s12__feature-description p-spacing-bottom-a\">\n<h3 class=\"p-heading-04-large p-heading-bold p-feature-title\">Skonio reguliavimo sistema<\/h3>\n<p class=\"p-body-copy-02\">M\u016bs\u0173 nauja skonio reguliavimo sistema pad\u0117s pasiekti gardesni\u0173 rezultat\u0173 \u2013 tikslus sl\u0117gio ir temperat\u016bros reguliatorius padidina m\u0117sos mink\u0161tum\u0105 22%% ir sultingum\u0105 42%%.<\/p>\n<\/div>\n<\/div>\n<div class=\"p-s12__feature-item p-spacing-bottom-c\">\n<div class=\"p-s12__feature-image p-spacing-bottom-a\"><img decoding=\"async\" class=\"\" src=\"https:\/\/images.philips.com\/is\/image\/philipsconsumer\/1daaa219a5f14941958bad8a00e3ded1?wid=305&amp;hei=173&amp;$jpglarge$\" alt=\"Daugiafunkcionalios funkcijos gurmani\u0161kam pasirinkimui\" \/><\/div>\n<div class=\"p-s12__feature-description p-spacing-bottom-a\">\n<h3 class=\"p-heading-04-large p-heading-bold p-feature-title\">Daugiafunkcionalios funkcijos gurmani\u0161kam pasirinkimui<\/h3>\n<p class=\"p-body-copy-02\">Nuo virimo iki l\u0117to gaminimo, nuo apskrudinimo iki garuose, vienu mygtuko paspaudimu galite m\u0117gautis daugiau nei 35 i\u0161 anksto nustatytais meniu pasirinkimais.<\/p>\n<\/div>\n<\/div>\n<\/div>\n<div class=\"p-s12__more-features p-s12__toggle-item\">\n<div class=\"p-s12__more-features--inner\">\n<div class=\"p-s12__row\">\n<div class=\"p-s12__feature-item p-spacing-bottom-c\">\n<div class=\"p-s12__feature-image p-spacing-bottom-a\"><img decoding=\"async\" class=\"\" src=\"https:\/\/images.philips.com\/is\/image\/philipsconsumer\/4b30e108f8104badab74ad8d00fd37ae?wid=305&amp;hei=173&amp;$jpglarge$\" alt=\"\u017dingsnis po \u017eingsnio instrukcijos, kaip lengvai naudoti\" \/><\/div>\n<div class=\"p-s12__feature-description p-spacing-bottom-a\">\n<h3 class=\"p-heading-04-large p-heading-bold p-feature-title\">\u017dingsnis po \u017eingsnio instrukcijos, kaip lengvai naudoti<\/h3>\n<p class=\"p-body-copy-02\">Draugi\u0161ka s\u0105saja su nuosekliomis s\u0105rankos instrukcijomis palengvina maisto gaminim\u0105.<\/p>\n<\/div>\n<\/div>\n<div class=\"p-s12__feature-item p-spacing-bottom-c\">\n<div class=\"p-s12__feature-image p-spacing-bottom-a\"><img decoding=\"async\" class=\"\" src=\"https:\/\/images.philips.com\/is\/image\/philipsconsumer\/763ae1ed630b4dd7ba9eadb100e632d7?wid=305&amp;hei=173&amp;$jpglarge$\" alt=\"NutriU program\u0117l\u0117 padeda ruo\u0161iant kasdienius patiekalus\" \/><\/div>\n<div class=\"p-s12__feature-description p-spacing-bottom-a\">\n<h3 class=\"p-heading-04-large p-heading-bold p-feature-title\">NutriU program\u0117l\u0117 padeda ruo\u0161iant kasdienius patiekalus<\/h3>\n<p class=\"p-body-copy-02\">M\u016bs\u0173 specialioji \u201eNutriU\u201c program\u0117l\u0117 si\u016blo t\u016bkstan\u010dius recept\u0173, kurie \u012fkv\u0117ps jus gaminti.<\/p>\n<\/div>\n<\/div>\n<div class=\"p-s12__feature-item p-spacing-bottom-c\">\n<div class=\"p-s12__feature-image p-spacing-bottom-a\"><img decoding=\"async\" class=\"\" src=\"https:\/\/images.philips.com\/is\/image\/philipsconsumer\/195e5ab094d0459aa7eead9100cac7b6?wid=305&amp;hei=173&amp;$jpglarge$\" alt=\"18 saugos apsaugos sistema\" \/><\/div>\n<div class=\"p-s12__feature-description p-spacing-bottom-a\">\n<h3 class=\"p-heading-04-large p-heading-bold p-feature-title\">18 saugos apsaugos sistema<\/h3>\n<p class=\"p-body-copy-02\">Sukurta su 18 saugos apsaugos sistem\u0173, u\u017etikrinan\u010di\u0173 ner\u016bpesting\u0105 maisto gaminim\u0105.<\/p>\n<\/div>\n<\/div>\n<\/div>\n<div class=\"p-s12__row\">\n<div class=\"p-s12__feature-item p-spacing-bottom-c\">\n<div class=\"p-s12__feature-image p-spacing-bottom-a\"><img decoding=\"async\" class=\"\" src=\"https:\/\/images.philips.com\/is\/image\/philipsconsumer\/68680987ab9749008beaad8a00e7182f?wid=305&amp;hei=173&amp;$jpglarge$\" alt=\"Vaikyst\u0117s saugumo sistema u\u017etikrina nuolatin\u012f saugum\u0105\" \/><\/div>\n<div class=\"p-s12__feature-description p-spacing-bottom-a\">\n<h3 class=\"p-heading-04-large p-heading-bold p-feature-title\">Vaikyst\u0117s saugumo sistema u\u017etikrina nuolatin\u012f saugum\u0105<\/h3>\n<p class=\"p-body-copy-02\">Integruota vaik\u0173 saugos sistema leid\u017eia ruo\u0161ti maist\u0105 kartu su \u0161eima<\/p>\n<\/div>\n<\/div>\n<div class=\"p-s12__feature-item p-spacing-bottom-c\">\n<div class=\"p-s12__feature-image p-spacing-bottom-a\"><img decoding=\"async\" class=\"\" src=\"https:\/\/images.philips.com\/is\/image\/philipsconsumer\/43dc13fbed8245dd9e56ad9100ca516e?wid=305&amp;hei=173&amp;$jpglarge$\" alt=\"Ingredientai gali b\u016bti prid\u0117ti gamybos metu\" \/><\/div>\n<div class=\"p-s12__feature-description p-spacing-bottom-a\">\n<h3 class=\"p-heading-04-large p-heading-bold p-feature-title\">Ingredientai gali b\u016bti prid\u0117ti gamybos metu<\/h3>\n<p class=\"p-body-copy-02\">Jei norite prid\u0117ti papildom\u0173 ingredient\u0173 arba suprantate, kad jums tr\u016bksta ka\u017eko j\u016bs\u0173 recepte, tiesiog paspauskite mygtuk\u0105 \u201ePrid\u0117ti ingredient\u0173\u201c bet kuriuo maisto gaminimo metu, kad greitai juos prid\u0117tum\u0117te, ir ramiai i\u0161mai\u0161ykite.<\/p>\n<\/div>\n<\/div>\n<div class=\"p-s12__feature-item p-spacing-bottom-c\">\n<div class=\"p-s12__feature-image p-spacing-bottom-a\"><img decoding=\"async\" class=\"\" src=\"https:\/\/images.philips.com\/is\/image\/philipsconsumer\/3d80276e48a24efa965dad9100cac716?wid=305&amp;hei=173&amp;$jpglarge$\" alt=\"Pada sutra untuk menekankan tekstur dan rasa\" \/><\/div>\n<div class=\"p-s12__feature-description p-spacing-bottom-a\">\n<h3 class=\"p-heading-04-large p-heading-bold p-feature-title\">Pada sutra untuk menekankan tekstur dan rasa<\/h3>\n<p class=\"p-body-copy-02\">Paspauskite pada\u017e\u0173 sutir\u0161tinimo mygtuk\u0105, atleidus sl\u0117g\u012f \u2013 didelio galingumo virimo funkcija padarys j\u016bs\u0173 patiekalus tir\u0161tesnius, sodresnius ir u\u017efiksuos skon\u012f.<\/p>\n<\/div>\n<\/div>\n<\/div>\n<div class=\"p-s12__row\">\n<div class=\"p-s12__feature-item p-spacing-bottom-c\">\n<div class=\"p-s12__feature-image p-spacing-bottom-a\"><img decoding=\"async\" class=\"\" src=\"https:\/\/images.philips.com\/is\/image\/philipsconsumer\/4047054aa8ed4abbb597ad8a00e5a699?wid=305&amp;hei=173&amp;$jpglarge$\" alt=\"&quot;Mano m\u0117gstamiausi&quot; telpa iki 3 pasirinktini\u0173 gaminimo program\u0173\" \/><\/div>\n<div class=\"p-s12__feature-description p-spacing-bottom-a\">\n<h3 class=\"p-heading-04-large p-heading-bold p-feature-title\">\u201cMano parankiniai\u201d talpina iki 3 pasirinktinai sukurt\u0173 program\u0173<\/h3>\n<p class=\"p-body-copy-02\">Paruo\u0161kite savo m\u0117gstamiausius patiekalus vienu paspaudimu \u2013 tiesiog i\u0161saugokite iki 3 pasirinktini\u0173 gaminimo program\u0173 ir paspauskite spar\u010diuosius klavi\u0161us, kad prad\u0117tum\u0117te.<\/p>\n<\/div>\n<\/div>\n<div class=\"p-s12__feature-item p-spacing-bottom-c\">\n<div class=\"p-s12__feature-image p-spacing-bottom-a\"><img decoding=\"async\" class=\"\" src=\"https:\/\/images.philips.com\/is\/image\/philipsconsumer\/a546334ed809434f8369ad8a00e1dba9?wid=305&amp;hei=173&amp;$jpglarge$\" alt=\"Automatinis sl\u0117gio i\u0161leidimas\" \/><\/div>\n<div class=\"p-s12__feature-description p-spacing-bottom-a\">\n<h3 class=\"p-heading-04-large p-heading-bold p-feature-title\">Automatinis sl\u0117gio i\u0161leidimas<\/h3>\n<p class=\"p-body-copy-02\">Maisto gaminimo pabaigoje sl\u0117gis automati\u0161kai i\u0161leid\u017eiamas, tod\u0117l nereikia jo atleisti rankiniu b\u016bdu ar laukti, kol puodo temperat\u016bra savaime suma\u017e\u0117s.<\/p>\n<\/div>\n<\/div>\n<div class=\"p-s12__feature-item p-spacing-bottom-c\">\n<div class=\"p-s12__feature-image p-spacing-bottom-a\"><img decoding=\"async\" class=\"\" src=\"https:\/\/images.philips.com\/is\/image\/philipsconsumer\/a302d08fd1dd4165867aadb1008c7450?wid=305&amp;hei=173&amp;$jpglarge$\" alt=\"Reguliuojami gaminimo laikai ir virimo sl\u0117gio lygiai\" \/><\/div>\n<div class=\"p-s12__feature-description p-spacing-bottom-a\">\n<h3 class=\"p-heading-04-large p-heading-bold p-feature-title\">Reguliuojami gaminimo laikai ir virimo sl\u0117gio lygiai<\/h3>\n<p class=\"p-body-copy-02\">M\u0117gaukit\u0117s \u012fvairiais virimo laiko trukm\u0117mis ir sl\u0117gio lygiais, i\u0161 kuri\u0173 rasite tinkam\u0105 pagal ruo\u0161iam\u0105 patiekal\u0105.<\/p>\n<\/div>\n<\/div>\n<\/div>\n<div class=\"p-s12__row\">\n<div class=\"p-s12__feature-item p-spacing-bottom-c\">\n<div class=\"p-s12__feature-image p-spacing-bottom-a\"><img decoding=\"async\" class=\"\" src=\"https:\/\/images.philips.com\/is\/image\/philipsconsumer\/c580fca8892444159179ad8a00e24f01?wid=305&amp;hei=173&amp;$jpglarge$\" alt=\"Programuojamas laikmatis ir palaikymo \u0161iltai funkcija\" \/><\/div>\n<div class=\"p-s12__feature-description p-spacing-bottom-a\">\n<h3 class=\"p-heading-04-large p-heading-bold p-feature-title\">Programuojamas laikmatis ir palaikymo \u0161iltai funkcija<\/h3>\n<p class=\"p-body-copy-02\">M\u016bs\u0173 24 valand\u0173 lengvai programuojamu laikma\u010diu ir 12 valand\u0173 automatiniu palaikymo \u0161ilumos funkcija j\u016bs\u0173 patiekalai visada bus optimaliai su\u0161ildyti ir paruo\u0161ti valgyti j\u016bs\u0173 poreikiams.<\/p>\n<\/div>\n<\/div>\n<\/div>\n<\/div>\n<\/div>\n<\/div>\n<\/div>\n<\/section>\n<\/div>","protected":false},"excerpt":{"rendered":"<p>Greitpuodis sutrumpina gaminimo laik\u0105 daugiau nei perpus, leid\u017eia paruo\u0161ti skanius patiekalus net i\u0161 standesni\u0173 m\u0117sos gabal\u0173. Skonio reguliavimo sistema \u2013 tikslus sl\u0117gio ir temperat\u016bros reguliatorius padidina m\u0117sos \u0161velnum\u0105 22%ir sultingum\u0105 42% . Nuo gaminimo sl\u0117giu iki l\u0117to gaminimo, nuo apkepimo iki garuose virimo \u2013 vienu mygtuko paspaudimu. 35 i\u0161 anksto nustatyti meniu pasirinkimai, \"Mano m\u0117gstamiausi\" talpina iki 3 pasirinktini\u0173 gaminimo program\u0173, laikmatis. 18 saugumo apsaugos sistem\u0173, \u012fskaitant vaik\u0173 u\u017erakt\u0105. \u201eNutriU\u201c program\u0117l\u0117je rasite \u0161imtus recept\u0173! Funkcija \u201eLaikyti \u0161iltai\u201c \u2013 temperat\u016broje 60-80 \u00b0C, kai gaminimas baigtas. Talpa 5 l, 7 sl\u0117gio lygiai, sl\u0117gio diapazonas 20-80 kPa. Galia 1000 W.<\/p>\n<p>Galia 1000 W<\/p>","protected":false},"featured_media":17059,"template":"","meta":{"om_disable_all_campaigns":false,"_uf_show_specific_survey":0,"_uf_disable_surveys":false},"product_brand":[1101],"product_cat":[955],"product_tag":[606],"class_list":{"0":"post-10961","1":"product","2":"type-product","3":"status-publish","4":"has-post-thumbnail","6":"product_brand-philips-da","7":"product_cat-kodu","8":"product_tag-philips-da","10":"first","11":"instock","12":"taxable","13":"shipping-taxable","14":"purchasable","15":"product-type-simple"},"aioseo_notices":[],"_links":{"self":[{"href":"https:\/\/homeemotion.lt\/lt\/wp-json\/wp\/v2\/product\/10961","targetHints":{"allow":["GET"]}}],"collection":[{"href":"https:\/\/homeemotion.lt\/lt\/wp-json\/wp\/v2\/product"}],"about":[{"href":"https:\/\/homeemotion.lt\/lt\/wp-json\/wp\/v2\/types\/product"}],"wp:featuredmedia":[{"embeddable":true,"href":"https:\/\/homeemotion.lt\/lt\/wp-json\/wp\/v2\/media\/17059"}],"wp:attachment":[{"href":"https:\/\/homeemotion.lt\/lt\/wp-json\/wp\/v2\/media?parent=10961"}],"wp:term":[{"taxonomy":"product_brand","embeddable":true,"href":"https:\/\/homeemotion.lt\/lt\/wp-json\/wp\/v2\/product_brand?post=10961"},{"taxonomy":"product_cat","embeddable":true,"href":"https:\/\/homeemotion.lt\/lt\/wp-json\/wp\/v2\/product_cat?post=10961"},{"taxonomy":"product_tag","embeddable":true,"href":"https:\/\/homeemotion.lt\/lt\/wp-json\/wp\/v2\/product_tag?post=10961"}],"curies":[{"name":"wp","href":"https:\/\/api.w.org\/{rel}","templated":true}]}}