{"id":10954,"date":"2022-05-08T13:07:08","date_gmt":"2022-05-08T10:07:08","guid":{"rendered":"https:\/\/homeemotion.lt\/?post_type=product&#038;p=10954"},"modified":"2026-04-17T19:11:32","modified_gmt":"2026-04-17T16:11:32","slug":"kuumaohu-frituur-philips-essential-xl","status":"publish","type":"product","link":"https:\/\/homeemotion.lt\/lt\/toode\/kuumaohu-frituur-philips-essential-xl\/","title":{"rendered":"Kar\u0161to oro keptuv\u0117 \"Philips Essential XL 2000W"},"content":{"rendered":"<p><strong>Suurep\u00e4rase maitsega friikartulid, kuni 90% v\u00e4hem rasva!*<\/strong><\/p>\n<p class=\"p-body-copy-02\">Philips toob maailma parima \u00f5hufrit\u00fc\u00fcri iga\u00fche koju. Nautige tervislikku toitu, mis on t\u00e4nu kiire \u00f5hu tehnoloogiale v\u00e4ljast kr\u00f5be ja seest pehme. Laadige alla NutriU rakendus, et avastada iga p\u00e4ev sadu maitsvaid retsepte.<\/p>\n<div id=\"see-all-benefits\" class=\"p-s01__pdp-overview-wraper\">\n<div class=\"s01highlight s01-highlights-banner component-base\">\n<section class=\"p-s01-highlights\">\n<div class=\"p-row-gutter p-comp-spacing-bottom\">\n<h3 class=\"p-heading-03 p-heading-medium p-s01__highlights-subtitle\">T\u00e4nu kiire \u00f5hu tehnoloogiale<\/h3>\n<ul class=\"p-bullets p-large p-s01__bullets p-heading-medium\">\n<li class=\"p-s01__bullet\">Rapid Airi tehnoloogiaga<\/li>\n<li class=\"p-s01__bullet\">1,2 kg, 6,2 l<\/li>\n<li class=\"p-s01__bullet\">Mustad<\/li>\n<\/ul>\n<\/div>\n<\/section>\n<\/div>\n<\/div>\n<div class=\"productFeatures s12-product-features component-base\">\n<section class=\"p-complete p-s12-product-features\" data-close-popup-label=\"Tagasi\">\n<div class=\"p-row-gutter p-comp-spacing-bottom\">\n<div class=\"p-s12__feature-list\">\n<div class=\"p-s12__row\">\n<div class=\"p-s12__feature-item p-spacing-bottom-c\">\n<div class=\"p-s12__feature-image p-spacing-bottom-a\"><img decoding=\"async\" class=\"\" src=\"https:\/\/images.philips.com\/is\/image\/philipsconsumer\/7b24f11cd6694dcb9268ad2500f22e58?wid=305&amp;hei=173&amp;$jpglarge$\" alt=\"Tervislik frittimine Rapid Airi tehnoloogiaga\" \/><\/div>\n<div class=\"p-s12__feature-description p-spacing-bottom-a\">\n<h3 class=\"p-heading-04-large p-heading-bold p-feature-title\">Tervislik frittimine Rapid Airi tehnoloogiaga<\/h3>\n<p class=\"p-body-copy-02\">Ainulaadse \u201emerit\u00e4he\u201d disainiga Rapid Airi tehnoloogia keerutab kuuma \u00f5hku, et valmistada v\u00e4hese v\u00f5i ilma lisatud \u00f5lita h\u00f5rk toit, mis on v\u00e4ljast kr\u00f5be ja seest pehme.<\/p>\n<\/div>\n<\/div>\n<div class=\"p-s12__feature-item p-spacing-bottom-c\">\n<div class=\"p-s12__feature-image p-spacing-bottom-a\"><img decoding=\"async\" class=\"\" src=\"https:\/\/images.philips.com\/is\/image\/philipsconsumer\/2ef7b4f776774dd39f90ad2500f369e1?wid=305&amp;hei=173&amp;$jpglarge$\" alt=\"Frittimine kuni 90% v\u00e4hema rasvaga*\" \/><\/div>\n<div class=\"p-s12__feature-description p-spacing-bottom-a\">\n<h3 class=\"p-heading-04-large p-heading-bold p-feature-title\">Frittimine kuni 90% v\u00e4hema rasvaga*<\/h3>\n<p class=\"p-body-copy-02\">Philips Essential Airfryer kasutab kuuma \u00f5hku, et muuta teie lemmiktoit t\u00e4iuslikult kr\u00f5bedaks kuni 90% v\u00e4hema rasvaga.*<\/p>\n<\/div>\n<\/div>\n<div class=\"p-s12__feature-item p-spacing-bottom-c\">\n<div class=\"p-s12__feature-image p-spacing-bottom-a\"><img decoding=\"async\" class=\"\" src=\"https:\/\/images.philips.com\/is\/image\/philipsconsumer\/e4bdf9a77ad44b739f10ad1600c46c37?wid=305&amp;hei=173&amp;$jpglarge$\" alt=\"XL suurus. Kogu perele\" \/><\/div>\n<div class=\"p-s12__feature-description p-spacing-bottom-a\">\n<h3 class=\"p-heading-04-large p-heading-bold p-feature-title\">XL suurus. Kogu perele<\/h3>\n<p class=\"p-body-copy-02\">Philips Airfryer XL on loodud teie perekonna jaoks. 1,2 kg mahutavusega korv koos 6,2 l potiga aitab teil valmistada erinevaid toite. Valmistage oma pere ja s\u00f5prade jaoks kuni viis portsjonit korraga.<\/p>\n<\/div>\n<\/div>\n<\/div>\n<div class=\"p-s12__more-features p-s12__toggle-item\">\n<div class=\"p-s12__more-features--inner\">\n<div class=\"p-s12__row\">\n<div class=\"p-s12__feature-item p-spacing-bottom-c\">\n<div class=\"p-s12__feature-image p-spacing-bottom-a\"><img decoding=\"async\" class=\"\" src=\"https:\/\/images.philips.com\/is\/image\/philipsconsumer\/4695d4de02e14cb891fdad1600c23f6e?wid=305&amp;hei=173&amp;$jpglarge$\" alt=\"Seitsme eelseadistusega puuteekraan\" \/><\/div>\n<div class=\"p-s12__feature-description p-spacing-bottom-a\">\n<h3 class=\"p-heading-04-large p-heading-bold p-feature-title\">Seitsme eelseadistusega puuteekraan<\/h3>\n<p class=\"p-body-copy-02\">Puudutage nuppu ja k\u00fcpsetage. Eelm\u00e4\u00e4ratud programmid h\u00f5lmavad k\u00fclmutatud suupisteid, v\u00e4rskeid friikartuleid, liha, kala, kanapulki, torti ja isegi grillitud juurvilju.<\/p>\n<\/div>\n<\/div>\n<div class=\"p-s12__feature-item p-spacing-bottom-c\">\n<div class=\"p-s12__feature-image p-spacing-bottom-a\"><img decoding=\"async\" class=\"\" src=\"https:\/\/images.philips.com\/is\/image\/philipsconsumer\/8d6e19bafa304cfdb9b4ad160162566d?wid=305&amp;hei=173&amp;$jpglarge$\" alt=\"Soojas hoidmise funktsioon\" \/><\/div>\n<div class=\"p-s12__feature-description p-spacing-bottom-a\">\n<h3 class=\"p-heading-04-large p-heading-bold p-feature-title\">Soojas hoidmise funktsioon<\/h3>\n<p class=\"p-body-copy-02\">Nautige oma einet siis, kui olete valmis. L\u00fclitage sisse soojana hoidmise re\u017eiim ja teie toit p\u00fcsib kuni 30 minutit ideaalsel temperatuuril.<\/p>\n<\/div>\n<\/div>\n<div class=\"p-s12__feature-item p-spacing-bottom-c\">\n<div class=\"p-s12__feature-image p-spacing-bottom-a\"><img decoding=\"async\" class=\"\" src=\"https:\/\/images.philips.com\/is\/image\/philipsconsumer\/e46629ffd41141f5a874ad2501035d25?wid=305&amp;hei=173&amp;$jpglarge$\" alt=\"Frittige, k\u00fcpsetage, grillige, r\u00f6stige v\u00f5i isegi soojendage\" \/><\/div>\n<div class=\"p-s12__feature-description p-spacing-bottom-a\">\n<h3 class=\"p-heading-04-large p-heading-bold p-feature-title\">Frittige, k\u00fcpsetage, grillige, r\u00f6stige v\u00f5i isegi soojendage<\/h3>\n<p class=\"p-body-copy-02\">Uus Philips Essential Airfryer avab uute v\u00f5imaluste maailma: frittige, k\u00fcpsetage, grillige, r\u00f6stige v\u00f5i isegi soojendage! Toit tuleb v\u00e4lja t\u00e4iuslik iga kord olenemata sellest, mida otsustate valmistada.<\/p>\n<\/div>\n<\/div>\n<\/div>\n<div class=\"p-s12__row\">\n<div class=\"p-s12__feature-item p-spacing-bottom-c\">\n<div class=\"p-s12__feature-image p-spacing-bottom-a\"><img decoding=\"async\" class=\"\" src=\"https:\/\/images.philips.com\/is\/image\/philipsconsumer\/4e40171ff566487ea2e8ad1600ec635c?wid=305&amp;hei=173&amp;$jpglarge$\" alt=\"Nr 1 v\u00e4hese rasvaga frit\u00fc\u00fcr\" \/><\/div>\n<div class=\"p-s12__feature-description p-spacing-bottom-a\">\n<h3 class=\"p-heading-04-large p-heading-bold p-feature-title\">Nr 1 v\u00e4hese rasvaga frit\u00fc\u00fcr<\/h3>\n<p class=\"p-body-copy-02\">Philips on juhtiv v\u00e4hese rasvaga frit\u00fc\u00fcride tootja**<\/p>\n<\/div>\n<\/div>\n<div class=\"p-s12__feature-item p-spacing-bottom-c\">\n<div class=\"p-s12__feature-image p-spacing-bottom-a\"><img decoding=\"async\" class=\"\" src=\"https:\/\/images.philips.com\/is\/image\/philipsconsumer\/f6aa3341b9f44f0faa8ead1e0078fd0c?wid=305&amp;hei=173&amp;$jpglarge$\" alt=\"Kodus tehtud. Tehtud lihtsaks.\" \/><\/div>\n<div class=\"p-s12__feature-description p-spacing-bottom-a\">\n<h3 class=\"p-heading-04-large p-heading-bold p-feature-title\">Kodus tehtud. Tehtud lihtsaks.<\/h3>\n<p class=\"p-body-copy-02\">Kasutage oma \u00f5hufrit\u00fc\u00fcri t\u00e4it potentsiaali, et valmistada maitsvamaid ja tervislikumaid toite. Avastage aega s\u00e4\u00e4stvaid funktsioone ja parandage oma toiduvalmistamisoskusi, et valmistada iga p\u00e4ev koduseid toite, mida teie ja teie pere armastavad.<\/p>\n<\/div>\n<\/div>\n<div class=\"p-s12__feature-item p-spacing-bottom-c\">\n<div class=\"p-s12__feature-image p-spacing-bottom-a\"><img decoding=\"async\" class=\"\" src=\"https:\/\/images.philips.com\/is\/image\/philipsconsumer\/3d1c368ae57b4dacb426ad160152867d?wid=305&amp;hei=173&amp;$jpglarge$\" alt=\"\u00d5hufrit\u00fc\u00fcride eksperdid enam kui 10 aastat\" \/><\/div>\n<div class=\"p-s12__feature-description p-spacing-bottom-a\">\n<h3 class=\"p-heading-04-large p-heading-bold p-feature-title\">\u00d5hufrit\u00fc\u00fcride eksperdid enam kui 10 aastat<\/h3>\n<p class=\"p-body-copy-02\">Meie ekspertide r\u00fchm on \u00f5hufrit\u00fc\u00fcri tehnoloogiat t\u00e4iustanud \u00fcle 10 aasta.<\/p>\n<\/div>\n<\/div>\n<\/div>\n<div class=\"p-s12__row\">\n<div class=\"p-s12__feature-item p-spacing-bottom-c\">\n<div class=\"p-s12__feature-image p-spacing-bottom-a\"><img decoding=\"async\" class=\"\" src=\"https:\/\/images.philips.com\/is\/image\/philipsconsumer\/10d2bd56145f405d9d4ead250105afe8?wid=305&amp;hei=173&amp;$jpglarge$\" alt=\"Lihtne kasutada ja puhastada\" \/><\/div>\n<div class=\"p-s12__feature-description p-spacing-bottom-a\">\n<h3 class=\"p-heading-04-large p-heading-bold p-feature-title\">Lihtne kasutada ja puhastada<\/h3>\n<p class=\"p-body-copy-02\">K\u00f5ik eemaldatavad osad on n\u00f5udepesumasinas pestavad. Meie Airfryeri QuickClean-korvil on lihtsasti puhastatav mittenakkuv kate. \u00d5hu abil frittimine t\u00e4hendab ka seda, et teie kodus pole traditsioonilise frittimisega kaasnevat l\u00f5hna.<\/p>\n<\/div>\n<\/div>\n<\/div>\n<\/div>\n<\/div>\n<\/div>\n<\/div>\n<\/section>\n<\/div>","protected":false},"excerpt":{"rendered":"<p>Frittige, k\u00fcpsetage, grillige, r\u00f6stige, v\u00f5i isegi soojendage. Ainulaadse \u201emerit\u00e4he\u201d disainiga Rapid Airi tehnoloogia loob frit\u00fc\u00fcris 7 korda kiirema \u00f5huvoolu ja eritab v\u00e4hem rasva- ja toidul\u00f5hna. LED-ekraan. QuickCleani korv n\u00f5udepesumasinas pesatv. Kohandatav temperatuur 80\u00b0C\u2013200\u00b0C. NutriU rakendusest sadu retsepte saadaval!. Jahedaseinaline korpus, \u00fclekuumenemise kaitse, maht 1,2 kg, 6,2 l. , m\u00f5\u00f5dud 403 x 315 x 307 mm<\/p>\n<p>Galia 2000 W<\/p>","protected":false},"featured_media":17080,"template":"","meta":{"om_disable_all_campaigns":false,"_uf_show_specific_survey":0,"_uf_disable_surveys":false},"product_brand":[1101],"product_cat":[955],"product_tag":[606],"class_list":{"0":"post-10954","1":"product","2":"type-product","3":"status-publish","4":"has-post-thumbnail","6":"product_brand-philips-da","7":"product_cat-kodu","8":"product_tag-philips-da","10":"first","11":"instock","12":"taxable","13":"shipping-taxable","14":"purchasable","15":"product-type-simple"},"aioseo_notices":[],"_links":{"self":[{"href":"https:\/\/homeemotion.lt\/lt\/wp-json\/wp\/v2\/product\/10954","targetHints":{"allow":["GET"]}}],"collection":[{"href":"https:\/\/homeemotion.lt\/lt\/wp-json\/wp\/v2\/product"}],"about":[{"href":"https:\/\/homeemotion.lt\/lt\/wp-json\/wp\/v2\/types\/product"}],"wp:featuredmedia":[{"embeddable":true,"href":"https:\/\/homeemotion.lt\/lt\/wp-json\/wp\/v2\/media\/17080"}],"wp:attachment":[{"href":"https:\/\/homeemotion.lt\/lt\/wp-json\/wp\/v2\/media?parent=10954"}],"wp:term":[{"taxonomy":"product_brand","embeddable":true,"href":"https:\/\/homeemotion.lt\/lt\/wp-json\/wp\/v2\/product_brand?post=10954"},{"taxonomy":"product_cat","embeddable":true,"href":"https:\/\/homeemotion.lt\/lt\/wp-json\/wp\/v2\/product_cat?post=10954"},{"taxonomy":"product_tag","embeddable":true,"href":"https:\/\/homeemotion.lt\/lt\/wp-json\/wp\/v2\/product_tag?post=10954"}],"curies":[{"name":"wp","href":"https:\/\/api.w.org\/{rel}","templated":true}]}}