{"id":10942,"date":"2022-05-08T12:42:18","date_gmt":"2022-05-08T09:42:18","guid":{"rendered":"https:\/\/homeemotion.lt\/?post_type=product&#038;p=10942"},"modified":"2026-04-17T22:12:12","modified_gmt":"2026-04-17T19:12:12","slug":"roivaste-auruti-philips-3","status":"publish","type":"product","link":"https:\/\/homeemotion.lt\/lt\/toode\/roivaste-auruti-philips-3\/","title":{"rendered":"Drabu\u017ei\u0173 garintuvas \"Philips\" 1300 W"},"content":{"rendered":"<p><strong>Terviklik lahendus kortsude lihtsaks eemaldamiseks<\/strong><\/p>\n<p class=\"p-body-copy-02\">SmartFlow-kuumutusplaat lihtsustab aurutamist. Kasutage vertikaalselt v\u00f5i horisontaalselt raskesti triigitavate kohtade triikimiseks ja riiete v\u00e4rskendamiseks \u2013 p\u00f5letusj\u00e4ljed on v\u00e4listatud. T\u00e4nu kergele ja kompaktsele disainile on seda igal ajal ja igal pool lihtne kasutada. Lihtsalt aurutage ja ongi valmis!<\/p>\n<div id=\"see-all-benefits\" class=\"p-s01__pdp-overview-wraper\">\n<div class=\"s01highlight s01-highlights-banner component-base\">\n<section class=\"p-s01-highlights\">\n<div class=\"p-row-gutter p-comp-spacing-bottom\">\n<h3 class=\"p-heading-03 p-heading-medium p-s01__highlights-subtitle\">Parimate tulemuste saavutamiseks kasutage vertikaalselt v\u00f5i horisontaalselt<\/h3>\n<ul class=\"p-bullets p-large p-s01__bullets p-heading-medium\">\n<li class=\"p-s01__bullet\">1300 W kuni 24 g\/min<\/li>\n<li class=\"p-s01__bullet\">Horisontaalne ja vertikaalne aurutamine<\/li>\n<li class=\"p-s01__bullet\">70 ml eemaldatav veepaak<\/li>\n<li class=\"p-s01__bullet\">Kuumakindel kott hoiulepanekuks<\/li>\n<\/ul>\n<\/div>\n<\/section>\n<\/div>\n<\/div>\n<div class=\"productFeatures s12-product-features component-base\">\n<section class=\"p-complete p-s12-product-features\" data-close-popup-label=\"Tagasi\">\n<div class=\"p-row-gutter p-comp-spacing-bottom\">\n<div class=\"p-s12__feature-list\">\n<div class=\"p-s12__row\">\n<div class=\"p-s12__feature-item p-spacing-bottom-c\">\n<div class=\"p-s12__feature-image p-spacing-bottom-a\"><img decoding=\"async\" class=\"\" src=\"https:\/\/images.philips.com\/is\/image\/philipsconsumer\/9427e32274314b9e8228ad1e00793803?wid=305&amp;hei=173&amp;$jpglarge$\" alt=\"Vertikaalne ja horisontaalne aurutamine suuremaks mugavuseks\" \/><\/div>\n<div class=\"p-s12__feature-description p-spacing-bottom-a\">\n<h3 class=\"p-heading-04-large p-heading-bold p-feature-title\">Vertikaalne ja horisontaalne aurutamine suuremaks mugavuseks<\/h3>\n<p class=\"p-body-copy-02\">Vertikaalne aurutamine v\u00f5imaldab kortsud kiiresti eemaldada ja rippuvaid r\u00f5ivaid ilma triikrauata v\u00e4rskendada. Horisontaalselt aurutades saate ideaalse tulemuse raskesti ligip\u00e4\u00e4setavates kohtades, nt mansettidel ja kraedel. V\u00f5imas pidev auruvoog tagab m\u00f5lemas asendis suurep\u00e4rase tulemuse.<\/p>\n<\/div>\n<\/div>\n<div class=\"p-s12__feature-item p-spacing-bottom-c\">\n<div class=\"p-s12__feature-image p-spacing-bottom-a\"><img decoding=\"async\" class=\"\" src=\"https:\/\/images.philips.com\/is\/image\/philipsconsumer\/de7c6e30e7234af19a80ad1600fc00c2?wid=305&amp;hei=173&amp;$jpglarge$\" alt=\"SmartFlow-kuumutusplaat parimaks aurutustulemuseks*\" \/><\/div>\n<div class=\"p-s12__feature-description p-spacing-bottom-a\">\n<h3 class=\"p-heading-04-large p-heading-bold p-feature-title\">SmartFlow-kuumutusplaat parimaks aurutustulemuseks*<\/h3>\n<p class=\"p-body-copy-02\">T\u00e4nu SmartFlow-tehnoloogiale kuumutatakse auruplaat k\u00f5ikide kangaste jaoks ohutu optimaalse temperatuurini ja ennetatakse m\u00e4rgade plekkide teket. Kuumutatud auruplaat aitab horisontaalse aurutamise ajal kangast pressida, tagades veelgi parema aurutamistulemuse*.<\/p>\n<\/div>\n<\/div>\n<div class=\"p-s12__feature-item p-spacing-bottom-c\">\n<div class=\"p-s12__feature-image p-spacing-bottom-a\"><img decoding=\"async\" class=\"\" src=\"https:\/\/images.philips.com\/is\/image\/philipsconsumer\/9a16802885ab469f9561ad1e007aa9c8?wid=305&amp;hei=173&amp;$jpglarge$\" alt=\"Automaatne pidev auruvoog kortsude lihtsaks eemaldamiseks\" \/><\/div>\n<div class=\"p-s12__feature-description p-spacing-bottom-a\">\n<h3 class=\"p-heading-04-large p-heading-bold p-feature-title\">Automaatne pidev auruvoog kortsude lihtsaks eemaldamiseks<\/h3>\n<p class=\"p-body-copy-02\">Elektripump tagab automaatselt pideva auruvoo, et kortsusid saaks lihtsasti ja kiiresti eemaldada.<\/p>\n<\/div>\n<\/div>\n<\/div>\n<div class=\"p-s12__more-features p-s12__toggle-item\">\n<div class=\"p-s12__more-features--inner\">\n<div class=\"p-s12__row\">\n<div class=\"p-s12__feature-item p-spacing-bottom-c\">\n<div class=\"p-s12__feature-image p-spacing-bottom-a\"><img decoding=\"async\" class=\"\" src=\"https:\/\/images.philips.com\/is\/image\/philipsconsumer\/24250645172d4cc8bf2dad1600bf3985?wid=305&amp;hei=173&amp;$jpglarge$\" alt=\"Harjatarvik paksemale materjalile\" \/><\/div>\n<div class=\"p-s12__feature-description p-spacing-bottom-a\">\n<h3 class=\"p-heading-04-large p-heading-bold p-feature-title\">Harjatarvik paksemale materjalile<\/h3>\n<p class=\"p-body-copy-02\">Harjatarvik avab kangakiud ja aitab aurul imenduda. See on eriti hea paksemast materjalist r\u00f5ivaste, n\u00e4iteks jakkide ja mantlite puhul. Samuti aitab see mustust ja plekke eemaldada.<\/p>\n<\/div>\n<\/div>\n<div class=\"p-s12__feature-item p-spacing-bottom-c\">\n<div class=\"p-s12__feature-image p-spacing-bottom-a\"><img decoding=\"async\" class=\"\" src=\"https:\/\/images.philips.com\/is\/image\/philipsconsumer\/6d2cc2a92f164f05899fad1600a49525?wid=305&amp;hei=173&amp;$jpglarge$\" alt=\"Ohutu k\u00f5ikidele triigitavatele kangastele, p\u00f5letusj\u00e4lgede tekkimine on v\u00e4listatud\" \/><\/div>\n<div class=\"p-s12__feature-description p-spacing-bottom-a\">\n<h3 class=\"p-heading-04-large p-heading-bold p-feature-title\">Ohutu k\u00f5ikidele triigitavatele kangastele, p\u00f5letusj\u00e4lgede tekkimine on v\u00e4listatud<\/h3>\n<p class=\"p-body-copy-02\">Aurutit on lihtne kasutada k\u00f5ikide triigitavate kangaste ja riideesemete puhul. Auruplaadi saab ohutult mis tahes riideeseme vastu asetada, muretsemata p\u00f5letusj\u00e4lgede tekkimise p\u00e4rast \u2013 suurep\u00e4rane lahendus \u00f5rna kanga, nt siidi t\u00f6\u00f6tlemiseks.<\/p>\n<\/div>\n<\/div>\n<div class=\"p-s12__feature-item p-spacing-bottom-c\">\n<div class=\"p-s12__feature-image p-spacing-bottom-a\"><img decoding=\"async\" class=\"\" src=\"https:\/\/images.philips.com\/is\/image\/philipsconsumer\/4c70ca2344fc43af8b31ad16015d376a?wid=305&amp;hei=173&amp;$jpglarge$\" alt=\"Triikimislauda pole vaja\" \/><\/div>\n<div class=\"p-s12__feature-description p-spacing-bottom-a\">\n<h3 class=\"p-heading-04-large p-heading-bold p-feature-title\">Triikimislauda pole vaja<\/h3>\n<p class=\"p-body-copy-02\">Rippuvate riideesemete puhul riiete aurutit kasutades ei ole triikimislauda vaja \u2013 seega on kortsude eemaldamine lihtne ja mugav.<\/p>\n<\/div>\n<\/div>\n<\/div>\n<div class=\"p-s12__row\">\n<div class=\"p-s12__feature-item p-spacing-bottom-c\">\n<div class=\"p-s12__feature-image p-spacing-bottom-a\"><img decoding=\"async\" class=\"\" src=\"https:\/\/images.philips.com\/is\/image\/philipsconsumer\/08217819113c45e0bc2cad1e00783637?wid=305&amp;hei=173&amp;$jpglarge$\" alt=\"Kompaktne disain mugavaks kasutamiseks, hoiulepanekuks ja reisimiseks\" \/><\/div>\n<div class=\"p-s12__feature-description p-spacing-bottom-a\">\n<h3 class=\"p-heading-04-large p-heading-bold p-feature-title\">Kompaktne disain mugavaks kasutamiseks, hoiulepanekuks ja reisimiseks<\/h3>\n<p class=\"p-body-copy-02\">K\u00e4eshoitav riiete auruti on ergonoomiliselt disainitud, kerge, kompaktne ja mugavalt kasutatav. Lihtsalt vajutage nuppu ning kortsud ja voldid kaovad kiiresti.<\/p>\n<\/div>\n<\/div>\n<div class=\"p-s12__feature-item p-spacing-bottom-c\">\n<div class=\"p-s12__feature-image p-spacing-bottom-a\"><img decoding=\"async\" class=\"\" src=\"https:\/\/images.philips.com\/is\/image\/philipsconsumer\/a85fa53ce6234326a6e7ad1600abd234?wid=305&amp;hei=173&amp;$jpglarge$\" alt=\"Eemaldatav veepaak h\u00f5lpsamaks veega t\u00e4itmiseks\" \/><\/div>\n<div class=\"p-s12__feature-description p-spacing-bottom-a\">\n<h3 class=\"p-heading-04-large p-heading-bold p-feature-title\">Eemaldatav veepaak h\u00f5lpsamaks veega t\u00e4itmiseks<\/h3>\n<p class=\"p-body-copy-02\">Veepaagi eemaldamine ja kraaniveega t\u00e4itmine on lihtne.<\/p>\n<\/div>\n<\/div>\n<div class=\"p-s12__feature-item p-spacing-bottom-c\">\n<div class=\"p-s12__feature-image p-spacing-bottom-a\"><img decoding=\"async\" class=\"\" src=\"https:\/\/images.philips.com\/is\/image\/philipsconsumer\/15ef9683a841406487aead1e007a45cc?wid=305&amp;hei=173&amp;$jpglarge$\" alt=\"2,5 m juhe ulatub kaugemale\" \/><\/div>\n<div class=\"p-s12__feature-description p-spacing-bottom-a\">\n<h3 class=\"p-heading-04-large p-heading-bold p-feature-title\">2,5 m juhe ulatub kaugemale<\/h3>\n<p class=\"p-body-copy-02\">ulatub kaugemale<\/p>\n<\/div>\n<\/div>\n<\/div>\n<div class=\"p-s12__row\">\n<div class=\"p-s12__feature-item p-spacing-bottom-c\">\n<div class=\"p-s12__feature-image p-spacing-bottom-a\"><img decoding=\"async\" class=\"\" src=\"https:\/\/images.philips.com\/is\/image\/philipsconsumer\/804bc6d5f07b41d386a6ad1600a3c9c1?wid=305&amp;hei=173&amp;$jpglarge$\" alt=\"Kuumakindel kott h\u00f5lpsaks hoidmiseks\" \/><\/div>\n<div class=\"p-s12__feature-description p-spacing-bottom-a\">\n<h3 class=\"p-heading-04-large p-heading-bold p-feature-title\">Kuumakindel kott h\u00f5lpsaks hoidmiseks<\/h3>\n<p class=\"p-body-copy-02\">Kasutage kaasasolevat hoiukotti k\u00e4eshoitava auruti hoidmiseks p\u00e4rast kasutamist v\u00f5i reisile kaasa v\u00f5tmiseks.<\/p>\n<\/div>\n<\/div>\n<div class=\"p-s12__feature-item p-spacing-bottom-c\">\n<div class=\"p-s12__feature-image p-spacing-bottom-a\"><img decoding=\"async\" class=\"\" src=\"https:\/\/images.philips.com\/is\/image\/philipsconsumer\/d3ccd00db4aa499ca055ad1600c0df70?wid=305&amp;hei=173&amp;$jpglarge$\" alt=\"V\u00f5imas pidev auruvoog eemaldab l\u00f5hna ja tapab 99,9%* bakteritest\" \/><\/div>\n<div class=\"p-s12__feature-description p-spacing-bottom-a\">\n<h3 class=\"p-heading-04-large p-heading-bold p-feature-title\">V\u00f5imas pidev auruvoog eemaldab l\u00f5hna ja tapab 99,9%* bakteritest<\/h3>\n<p class=\"p-body-copy-02\">Kuum aur v\u00e4rskendab teie riideid ja tapab kuni 99,9% bakteritest*. Harvemini pesemine ja kuivpuhastamine s\u00e4\u00e4stab aega ja raha ning aitab riietel kauem vastu pidada.<\/p>\n<\/div>\n<\/div>\n<\/div>\n<\/div>\n<\/div>\n<\/div>\n<\/div>\n<\/section>\n<\/div>","protected":false},"excerpt":{"rendered":"<p>Terviklik lahendus kortsude lihtsaks eemaldamiseks, v\u00e4rv must. . Vertikaalne ja horisontaalne aur, ohutu \u00f5rnale kangale. . Auruvoog 24 g\/min, eemaldatav veepaak 70 ml. . L\u00fchike kuumenemisaeg 30 sek. Kuumakindel kott. . Juhtme pikkus 2,5 m<\/p>\n<p>V\u00f5imsus 1300 W<\/p>","protected":false},"featured_media":17033,"template":"","meta":{"om_disable_all_campaigns":false,"_uf_show_specific_survey":0,"_uf_disable_surveys":false},"product_brand":[1101],"product_cat":[1001],"product_tag":[606],"class_list":{"0":"post-10942","1":"product","2":"type-product","3":"status-publish","4":"has-post-thumbnail","6":"product_brand-philips-da","7":"product_cat-tehnika","8":"product_tag-philips-da","10":"first","11":"instock","12":"taxable","13":"shipping-taxable","14":"purchasable","15":"product-type-simple"},"aioseo_notices":[],"_links":{"self":[{"href":"https:\/\/homeemotion.lt\/lt\/wp-json\/wp\/v2\/product\/10942","targetHints":{"allow":["GET"]}}],"collection":[{"href":"https:\/\/homeemotion.lt\/lt\/wp-json\/wp\/v2\/product"}],"about":[{"href":"https:\/\/homeemotion.lt\/lt\/wp-json\/wp\/v2\/types\/product"}],"wp:featuredmedia":[{"embeddable":true,"href":"https:\/\/homeemotion.lt\/lt\/wp-json\/wp\/v2\/media\/17033"}],"wp:attachment":[{"href":"https:\/\/homeemotion.lt\/lt\/wp-json\/wp\/v2\/media?parent=10942"}],"wp:term":[{"taxonomy":"product_brand","embeddable":true,"href":"https:\/\/homeemotion.lt\/lt\/wp-json\/wp\/v2\/product_brand?post=10942"},{"taxonomy":"product_cat","embeddable":true,"href":"https:\/\/homeemotion.lt\/lt\/wp-json\/wp\/v2\/product_cat?post=10942"},{"taxonomy":"product_tag","embeddable":true,"href":"https:\/\/homeemotion.lt\/lt\/wp-json\/wp\/v2\/product_tag?post=10942"}],"curies":[{"name":"wp","href":"https:\/\/api.w.org\/{rel}","templated":true}]}}