{"id":10839,"date":"2022-02-15T15:44:58","date_gmt":"2022-02-15T12:44:58","guid":{"rendered":"https:\/\/homeemotion.lt\/?post_type=product&#038;p=10839"},"modified":"2026-04-18T12:11:32","modified_gmt":"2026-04-18T09:11:32","slug":"jaakuubikute-valmistaja-domo-pro","status":"publish","type":"product","link":"https:\/\/homeemotion.lt\/lt\/toode\/jaakuubikute-valmistaja-domo-pro\/","title":{"rendered":"Ledo kubeli\u0173 gamintojas Domo PRO 2,8l"},"content":{"rendered":"<p>Olge \u00fcllatunud, kui kiiresti saate k\u00f5igi oma lahedate jookide jaoks v\u00e4rskendavaid j\u00e4\u00e4kuubikuid valmistada<\/p>","protected":false},"excerpt":{"rendered":"<p>Veepaak 2,8 L. Iga 8 minutiga valmib 9 j\u00e4\u00e4kuubikut. Valmistab 24 tunni jooksul 15 kg j\u00e4\u00e4d. V\u00f5imalik valmistada kahte suurust j\u00e4\u00e4kuubikuid. Eemaldatava korviga. Veetaseme indikaator. T\u00e4iskorvi indikaator. Kompressori ja jahutusvedelikuga R600a. M\u00f5\u00f5tmed: 40,4 x 24,6 x 43 cm. Metallist korpus<\/p>","protected":false},"featured_media":16976,"template":"","meta":{"om_disable_all_campaigns":false,"_uf_show_specific_survey":0,"_uf_disable_surveys":false},"product_brand":[933],"product_cat":[955],"product_tag":[116],"class_list":{"0":"post-10839","1":"product","2":"type-product","3":"status-publish","4":"has-post-thumbnail","6":"product_brand-domo","7":"product_cat-kodu","8":"product_tag-domo","10":"first","11":"instock","12":"taxable","13":"shipping-taxable","14":"purchasable","15":"product-type-simple"},"aioseo_notices":[],"_links":{"self":[{"href":"https:\/\/homeemotion.lt\/lt\/wp-json\/wp\/v2\/product\/10839","targetHints":{"allow":["GET"]}}],"collection":[{"href":"https:\/\/homeemotion.lt\/lt\/wp-json\/wp\/v2\/product"}],"about":[{"href":"https:\/\/homeemotion.lt\/lt\/wp-json\/wp\/v2\/types\/product"}],"wp:featuredmedia":[{"embeddable":true,"href":"https:\/\/homeemotion.lt\/lt\/wp-json\/wp\/v2\/media\/16976"}],"wp:attachment":[{"href":"https:\/\/homeemotion.lt\/lt\/wp-json\/wp\/v2\/media?parent=10839"}],"wp:term":[{"taxonomy":"product_brand","embeddable":true,"href":"https:\/\/homeemotion.lt\/lt\/wp-json\/wp\/v2\/product_brand?post=10839"},{"taxonomy":"product_cat","embeddable":true,"href":"https:\/\/homeemotion.lt\/lt\/wp-json\/wp\/v2\/product_cat?post=10839"},{"taxonomy":"product_tag","embeddable":true,"href":"https:\/\/homeemotion.lt\/lt\/wp-json\/wp\/v2\/product_tag?post=10839"}],"curies":[{"name":"wp","href":"https:\/\/api.w.org\/{rel}","templated":true}]}}