{"id":10805,"date":"2022-01-17T17:24:43","date_gmt":"2022-01-17T14:24:43","guid":{"rendered":"https:\/\/homeemotion.lt\/?post_type=product&#038;p=10805"},"modified":"2026-04-17T20:36:28","modified_gmt":"2026-04-17T17:36:28","slug":"friikartuli-loikur-vahetatavate-teradega-7-9-mm-zyliss","status":"publish","type":"product","link":"https:\/\/homeemotion.lt\/lt\/toode\/friikartuli-loikur-vahetatavate-teradega-7-9-mm-zyliss\/","title":{"rendered":"Bulvi\u0173 pjaustykl\u0117 su kei\u010diamais a\u0161menimis 7\/9 mm Zyliss"},"content":{"rendered":"","protected":false},"excerpt":{"rendered":"<p>Kartuli- ja k\u00f6\u00f6giviljahakkur Zyliss on mitmek\u00fclgne toode, mis v\u00f5imaldab t\u00e4nu t\u00f5husale pressk\u00e4epidemele ja kahele l\u00f5iketerale valikuliselt laastudeks l\u00f5igata kas kartuleid v\u00f5i muid tihedaid k\u00f6\u00f6givilju. . K\u00e4epidemele vajutades l\u00f5igatakse kartul hetkega kas 7mm v\u00f5i 9mm t\u00fckkideks.. Mitte libisevad kummist jalad, et hakkur oleks k\u00f6\u00f6gipinnal paigal.. Kergelt vajutatav ja mitte libisev k\u00e4epide, et hakkuriga t\u00f6\u00f6 l\u00e4heks sujuvalt.<\/p>","protected":false},"featured_media":16995,"template":"","meta":{"om_disable_all_campaigns":false,"_uf_show_specific_survey":0,"_uf_disable_surveys":false},"product_brand":[1104],"product_cat":[955],"product_tag":[677],"class_list":{"0":"post-10805","1":"product","2":"type-product","3":"status-publish","4":"has-post-thumbnail","6":"product_brand-zyliss","7":"product_cat-kodu","8":"product_tag-zyliss","10":"first","11":"instock","12":"taxable","13":"shipping-taxable","14":"purchasable","15":"product-type-simple"},"aioseo_notices":[],"_links":{"self":[{"href":"https:\/\/homeemotion.lt\/lt\/wp-json\/wp\/v2\/product\/10805","targetHints":{"allow":["GET"]}}],"collection":[{"href":"https:\/\/homeemotion.lt\/lt\/wp-json\/wp\/v2\/product"}],"about":[{"href":"https:\/\/homeemotion.lt\/lt\/wp-json\/wp\/v2\/types\/product"}],"wp:featuredmedia":[{"embeddable":true,"href":"https:\/\/homeemotion.lt\/lt\/wp-json\/wp\/v2\/media\/16995"}],"wp:attachment":[{"href":"https:\/\/homeemotion.lt\/lt\/wp-json\/wp\/v2\/media?parent=10805"}],"wp:term":[{"taxonomy":"product_brand","embeddable":true,"href":"https:\/\/homeemotion.lt\/lt\/wp-json\/wp\/v2\/product_brand?post=10805"},{"taxonomy":"product_cat","embeddable":true,"href":"https:\/\/homeemotion.lt\/lt\/wp-json\/wp\/v2\/product_cat?post=10805"},{"taxonomy":"product_tag","embeddable":true,"href":"https:\/\/homeemotion.lt\/lt\/wp-json\/wp\/v2\/product_tag?post=10805"}],"curies":[{"name":"wp","href":"https:\/\/api.w.org\/{rel}","templated":true}]}}