{"id":10692,"date":"2021-11-24T16:30:19","date_gmt":"2021-11-24T13:30:19","guid":{"rendered":"https:\/\/homeemotion.lt\/?post_type=product&#038;p=10692"},"modified":"2026-04-17T17:36:35","modified_gmt":"2026-04-17T14:36:35","slug":"philips-sonicare-f1-standard-nozzle-veepritsi-otsakud","status":"publish","type":"product","link":"https:\/\/homeemotion.lt\/lt\/toode\/philips-sonicare-f1-standard-nozzle-veepritsi-otsakud\/","title":{"rendered":"\"Philips Sonicare F1\" standartinis antgalis - Vandens pur\u0161kimo antgaliai"},"content":{"rendered":"<div id=\"see-all-benefits\" class=\"p-s01__pdp-overview-wraper\">\n<div class=\"s01highlight s01-highlights-banner component-base\">\n<section class=\"p-s01-highlights\">\n<div class=\"p-row-gutter p-comp-spacing-bottom\">\n<h2 class=\"p-heading-02 p-heading-medium p-s01__highlights-title\">V\u00f5imas veevoog<\/h2>\n<h3 class=\"p-heading-03 p-heading-medium p-s01__highlights-subtitle\">Tavalise puhastuse jaoks<\/h3>\n<ul class=\"p-bullets p-large p-s01__bullets p-heading-medium\">\n<li class=\"p-s01__bullet\">2 otsakut<\/li>\n<\/ul>\n<\/div>\n<\/section>\n<\/div>\n<\/div>\n<div class=\"productFeatures s12-product-features component-base\">\n<section class=\"p-complete p-s12-product-features\" data-close-popup-label=\"Tagasi\">\n<div class=\"p-row-gutter p-comp-spacing-bottom\">\n<div class=\"p-s12__feature-list\">\n<div class=\"p-s12__row\">\n<div class=\"p-s12__feature-item p-spacing-bottom-c\">\n<div class=\"p-s12__feature-description p-spacing-bottom-a\">\n<h3 class=\"p-heading-04-large p-heading-bold p-feature-title\">F1 tavaline otsak tavalise puhastuse jaoks<\/h3>\n<p class=\"p-body-copy-02\">Regulaarseks puhastuseks kasutage tavalist otsakut. See kasutab prahi eemaldamiseks ja hammaste vahel p\u00f5hjalikult puhastamiseks \u00fchte veevoolu.<\/p>\n<\/div>\n<\/div>\n<div class=\"p-s12__feature-item p-spacing-bottom-c\">\n<div class=\"p-s12__feature-description p-spacing-bottom-a\">\n<h3 class=\"p-heading-04-large p-heading-bold p-feature-title\">Juhtots tagab \u00f5ige paigutuse<\/h3>\n<p class=\"p-body-copy-02\">T\u00e4nu \u00f5hukesele kaldus otsakule ja juhtotsale on \u00f5ige paigutamine lihtne. Asetage otsaku tipp igemejoone kohale, vajutage \u00f5rnalt, et otsaku tipp puutuks kokku igemejoone ja hammastega ning libistage \u00fchelt hambalt teisele.<\/p>\n<\/div>\n<\/div>\n<\/div>\n<\/div>\n<\/div>\n<\/section>\n<\/div>","protected":false},"excerpt":{"rendered":"<p>Sonicare Power Flosser hambavahepuhastaja otsakud. Komplektis 2tk. otsakut peaks vahetama iga 6 kuu j\u00e4rel<\/p>","protected":false},"featured_media":17123,"template":"","meta":{"om_disable_all_campaigns":false,"_uf_show_specific_survey":0,"_uf_disable_surveys":false},"product_brand":[1096],"product_cat":[985],"product_tag":[618],"class_list":{"0":"post-10692","1":"product","2":"type-product","3":"status-publish","4":"has-post-thumbnail","6":"product_brand-philips-ph","7":"product_cat-ilu","8":"product_tag-philips-ph","10":"first","11":"instock","12":"taxable","13":"shipping-taxable","14":"purchasable","15":"product-type-simple"},"aioseo_notices":[],"_links":{"self":[{"href":"https:\/\/homeemotion.lt\/lt\/wp-json\/wp\/v2\/product\/10692","targetHints":{"allow":["GET"]}}],"collection":[{"href":"https:\/\/homeemotion.lt\/lt\/wp-json\/wp\/v2\/product"}],"about":[{"href":"https:\/\/homeemotion.lt\/lt\/wp-json\/wp\/v2\/types\/product"}],"wp:featuredmedia":[{"embeddable":true,"href":"https:\/\/homeemotion.lt\/lt\/wp-json\/wp\/v2\/media\/17123"}],"wp:attachment":[{"href":"https:\/\/homeemotion.lt\/lt\/wp-json\/wp\/v2\/media?parent=10692"}],"wp:term":[{"taxonomy":"product_brand","embeddable":true,"href":"https:\/\/homeemotion.lt\/lt\/wp-json\/wp\/v2\/product_brand?post=10692"},{"taxonomy":"product_cat","embeddable":true,"href":"https:\/\/homeemotion.lt\/lt\/wp-json\/wp\/v2\/product_cat?post=10692"},{"taxonomy":"product_tag","embeddable":true,"href":"https:\/\/homeemotion.lt\/lt\/wp-json\/wp\/v2\/product_tag?post=10692"}],"curies":[{"name":"wp","href":"https:\/\/api.w.org\/{rel}","templated":true}]}}