{"id":10662,"date":"2021-11-24T14:18:00","date_gmt":"2021-11-24T11:18:00","guid":{"rendered":"https:\/\/homeemotion.lt\/?post_type=product&#038;p=10662"},"modified":"2026-04-17T20:11:52","modified_gmt":"2026-04-17T17:11:52","slug":"elektriline-hambahari-philips-sonicare-protectiveclean-4500","status":"publish","type":"product","link":"https:\/\/homeemotion.lt\/lt\/toode\/elektriline-hambahari-philips-sonicare-protectiveclean-4500\/","title":{"rendered":"Elektrinis dant\u0173 \u0161epet\u0117lis \"Philips Sonicare ProtectiveClean 4500"},"content":{"rendered":"<div id=\"see-all-benefits\" class=\"p-s01__pdp-overview-wraper\">\n<div class=\"s01highlight s01-highlights-banner component-base\">\n<section class=\"p-s01-highlights\">\n<div class=\"p-row-gutter p-comp-spacing-bottom\">\n<h2 class=\"p-heading-02 p-heading-medium p-s01__highlights-title\">Valgemad hambad. \u00d5rn puhastamine.<\/h2>\n<h3 class=\"p-heading-03 p-heading-medium p-s01__highlights-subtitle\">Muudab hambad valgemaks vaid 1 n\u00e4dalaga.<\/h3>\n<ul class=\"p-bullets p-large p-s01__bullets p-heading-medium\">\n<li class=\"p-s01__bullet\">Sisseehitatud surveandur<\/li>\n<li class=\"p-s01__bullet\">2 puhastusre\u017eiimi<\/li>\n<li class=\"p-s01__bullet\">1 \u00d7 BrushSynci funktsioon<\/li>\n<li class=\"p-s01__bullet\">Reisivutlar<\/li>\n<\/ul>\n<\/div>\n<\/section>\n<\/div>\n<\/div>\n<div class=\"productFeatures s12-product-features component-base\">\n<section class=\"p-complete p-s12-product-features\" data-close-popup-label=\"Tagasi\">\n<div class=\"p-row-gutter p-comp-spacing-bottom\">\n<div class=\"p-s12__feature-list\">\n<div class=\"p-s12__row\">\n<div class=\"p-s12__feature-item p-spacing-bottom-c\">\n<div class=\"p-s12__feature-image p-spacing-bottom-a\"><img decoding=\"async\" class=\"\" src=\"https:\/\/images.philips.com\/is\/image\/philipsconsumer\/dc851aff0fdc4d1b88a4ac62002ccc4d?wid=305&amp;hei=173&amp;$jpglarge$\" alt=\"Muudab hambad valgemaks vaid \u00fche n\u00e4dalaga\" \/><\/div>\n<div class=\"p-s12__feature-description p-spacing-bottom-a\">\n<h3 class=\"p-heading-04-large p-heading-bold p-feature-title\">Muudab hambad valgemaks vaid \u00fche n\u00e4dalaga<\/h3>\n<p class=\"p-body-copy-02\">Plekkide eemaldamiseks ja valgema naeratuse saavutamiseks kl\u00f5psake k\u00fclge W2 Optimal White\u2019i harjapea. On kliiniliselt t\u00f5estatud, et selle keskosas tihedalt paiknevad plekke eemaldavad harjased muudavad hambad valgemaks vaid \u00fche n\u00e4dalaga.<\/p>\n<\/div>\n<\/div>\n<div class=\"p-s12__feature-item p-spacing-bottom-c\">\n<div class=\"p-s12__feature-image p-spacing-bottom-a\"><img decoding=\"async\" class=\"\" src=\"https:\/\/images.philips.com\/is\/image\/philipsconsumer\/dab33599f1c049f880a9adbb0105a7f6?wid=305&amp;hei=173&amp;$jpglarge$\" alt=\"Re\u017eiim Clean &amp; White\" \/><\/div>\n<div class=\"p-s12__feature-description p-spacing-bottom-a\">\n<h3 class=\"p-heading-04-large p-heading-bold p-feature-title\">Re\u017eiim Clean &amp; White<\/h3>\n<p class=\"p-body-copy-02\">Meil on lahendus nii hambakatu eemaldamiseks kui ka hammaste v\u00e4limuse parandamiseks: puhastusre\u017eiim Clean tagab p\u00f5hjaliku puhastamise ja valgendusre\u017eiim White sobib ideaalselt hammaste pindmiste plekkide eemaldamiseks.<\/p>\n<\/div>\n<\/div>\n<div class=\"p-s12__feature-item p-spacing-bottom-c\">\n<div class=\"p-s12__feature-image p-spacing-bottom-a\"><img decoding=\"async\" class=\"\" src=\"https:\/\/images.philips.com\/is\/image\/philipsconsumer\/995fb0c4427a4a058109adb9011c7c15?wid=305&amp;hei=173&amp;$jpglarge$\" alt=\"Ohutu ja \u00f5rn tundlikes piirkondades; sobib kasutamiseks ortodontilise ravi ja hambaravi korral\" \/><\/div>\n<div class=\"p-s12__feature-description p-spacing-bottom-a\">\n<h3 class=\"p-heading-04-large p-heading-bold p-feature-title\">Ohutu ja \u00f5rn tundlikes piirkondades; sobib kasutamiseks ortodontilise ravi ja hambaravi korral<\/h3>\n<p class=\"p-body-copy-02\">Ohutu harjamiskogemus on tagatud: meie Sonic-tehnoloogia sobib kasutamiseks hambaklambrite, t\u00e4idiste, kroonide ja laminaatidega ning aitab ennetada hambaaukude teket ja parandab igemete tervist.<\/p>\n<\/div>\n<\/div>\n<\/div>\n<div class=\"p-s12__more-features p-s12__toggle-item\">\n<div class=\"p-s12__more-features--inner\">\n<div class=\"p-s12__row\">\n<div class=\"p-s12__feature-item p-spacing-bottom-c\">\n<div class=\"p-s12__feature-image p-spacing-bottom-a\"><img decoding=\"async\" class=\"\" src=\"https:\/\/images.philips.com\/is\/image\/philipsconsumer\/21337d5a07334f8fbcc4adb9010433e9?wid=305&amp;hei=173&amp;$jpglarge$\" alt=\"Annab teile m\u00e4rku, kui vajutate liiga tugevalt\" \/><\/div>\n<div class=\"p-s12__feature-description p-spacing-bottom-a\">\n<h3 class=\"p-heading-04-large p-heading-bold p-feature-title\">Annab teile m\u00e4rku, kui vajutate liiga tugevalt<\/h3>\n<p class=\"p-body-copy-02\">Te ei pruugi liiga tugevat harjamist ise t\u00e4hele panna, kuid teie surveanduriga elektriline hambahari m\u00e4rkab seda. Kui harjate igemetele liiga tugevat survet avaldades, hakkab hambahari tegema pulseerivat heli, andes m\u00e4rku vajadusest \u00f5rnemalt harjata.<\/p>\n<\/div>\n<\/div>\n<div class=\"p-s12__feature-item p-spacing-bottom-c\">\n<div class=\"p-s12__feature-image p-spacing-bottom-a\"><img decoding=\"async\" class=\"\" src=\"https:\/\/images.philips.com\/is\/image\/philipsconsumer\/199f91812d7642dfbfd5adbb01053372?wid=305&amp;hei=173&amp;$jpglarge$\" alt=\"\u00dchendab hambaharja nutika k\u00e4epideme ja nutikad harjapead\" \/><\/div>\n<div class=\"p-s12__feature-description p-spacing-bottom-a\">\n<h3 class=\"p-heading-04-large p-heading-bold p-feature-title\">\u00dchendab hambaharja nutika k\u00e4epideme ja nutikad harjapead<\/h3>\n<p class=\"p-body-copy-02\">Tootel Philips Sonicare 4500 on mikrokiibi \u00fchilduvusega tehnoloogia, mis tuvastab nutika harjapea ja s\u00fcnkroonib selle nutika k\u00e4epidemega. Nutikas k\u00e4epide ja nutikas harjapea moodustavad v\u00f5imsa kombinatsiooni, edastades teile nutikaid vahetamise meeldetuletusi.<\/p>\n<\/div>\n<\/div>\n<div class=\"p-s12__feature-item p-spacing-bottom-c\">\n<div class=\"p-s12__feature-image p-spacing-bottom-a\"><img decoding=\"async\" class=\"\" src=\"https:\/\/images.philips.com\/is\/image\/philipsconsumer\/8e42a9ef48b5429f9d25adba00931411?wid=305&amp;hei=173&amp;$jpglarge$\" alt=\"Teadke alati, millal on vaja harjapead vahetada\" \/><\/div>\n<div class=\"p-s12__feature-description p-spacing-bottom-a\">\n<h3 class=\"p-heading-04-large p-heading-bold p-feature-title\">Teadke alati, millal on vaja harjapead vahetada<\/h3>\n<p class=\"p-body-copy-02\">\u00dckski harjapea ei ole igavene. Meie BrushSynci tehnoloogia peab arvestust harjapea kasutusaja ja selle \u00fcle, kui tugevalt olete harjanud. Kui vahetamisaeg on k\u00e4es, s\u00fcttib k\u00e4epidemel m\u00e4rgutuli ja kostub l\u00fchike piiks. Nii saate olla kindel, et harjapea t\u00f6\u00f6tab t\u00f5husalt.<\/p>\n<\/div>\n<\/div>\n<\/div>\n<div class=\"p-s12__row\">\n<div class=\"p-s12__feature-item p-spacing-bottom-c\">\n<div class=\"p-s12__feature-image p-spacing-bottom-a\"><img decoding=\"async\" class=\"\" src=\"https:\/\/images.philips.com\/is\/image\/philipsconsumer\/9d7130f0724d464a9171adb9009d9272?wid=305&amp;hei=173&amp;$jpglarge$\" alt=\"Julgustab p\u00f5hjalikult harjama\" \/><\/div>\n<div class=\"p-s12__feature-description p-spacing-bottom-a\">\n<h3 class=\"p-heading-04-large p-heading-bold p-feature-title\">Julgustab p\u00f5hjalikult harjama<\/h3>\n<p class=\"p-body-copy-02\">Kas vajate taimeriga elektrilist hambaharja? Funktsioon QuadPacer teavitab teid, kui olete iga suu osa piisava aja harjanud, ja funktsioon Smartimer annab m\u00e4rku, kui olete harjanud soovitatavad kaks minutit.<\/p>\n<\/div>\n<\/div>\n<div class=\"p-s12__feature-item p-spacing-bottom-c\">\n<div class=\"p-s12__feature-image p-spacing-bottom-a\"><img decoding=\"async\" class=\"\" src=\"https:\/\/images.philips.com\/is\/image\/philipsconsumer\/cac4ebb1e8934740ba12adb900077a83?wid=305&amp;hei=173&amp;$jpglarge$\" alt=\"Philips Sonicare'i t\u00e4iustatud Sonic-tehnoloogia\" \/><\/div>\n<div class=\"p-s12__feature-description p-spacing-bottom-a\">\n<h3 class=\"p-heading-04-large p-heading-bold p-feature-title\">Philips Sonicare&#8217;i t\u00e4iustatud Sonic-tehnoloogia<\/h3>\n<p class=\"p-body-copy-02\">Philips Sonicare&#8217;i t\u00e4iustatud Sonic-tehnoloogia suunab vett hammaste vahele ning selle harjased aitavad l\u00f5hustada ja eemaldada hambakattu, tagades silmapaistva igap\u00e4evase puhtuse.<\/p>\n<\/div>\n<\/div>\n<div class=\"p-s12__feature-item p-spacing-bottom-c\">\n<div class=\"p-s12__feature-image p-spacing-bottom-a\"><img decoding=\"async\" class=\"\" src=\"https:\/\/images.philips.com\/is\/image\/philipsconsumer\/2447db71ec0f46bb9284adba0103f8f6?wid=305&amp;hei=173&amp;$jpglarge$\" alt=\"Suurep\u00e4rane viis uue hambaharjaga harjumiseks\" \/><\/div>\n<div class=\"p-s12__feature-description p-spacing-bottom-a\">\n<h3 class=\"p-heading-04-large p-heading-bold p-feature-title\">Suurep\u00e4rane viis uue hambaharjaga harjumiseks<\/h3>\n<p class=\"p-body-copy-02\">Uue harjumuse omaksv\u00f5tmine v\u00f5ib aega v\u00f5tta. Meie lihtsad alustamisprogrammid aitavad teil uue Philips Sonicare ProtectiveClean 4500 hambaharjaga j\u00e4rk-j\u00e4rgult harjuda \u2013 suurendada harjamisv\u00f5imsust aeglaselt esimese 14 kasutuskorra jooksul.<\/p>\n<\/div>\n<\/div>\n<\/div>\n<div class=\"p-s12__row\">\n<div class=\"p-s12__feature-item p-spacing-bottom-c\">\n<div class=\"p-s12__feature-image p-spacing-bottom-a\"><img decoding=\"async\" class=\"\" src=\"https:\/\/images.philips.com\/is\/image\/philipsconsumer\/2eaaa35bd8f0428db956adba009dd7a0?wid=305&amp;hei=173&amp;$jpglarge$\" alt=\"Muudab reisimise lihtsamaks\" \/><\/div>\n<div class=\"p-s12__feature-description p-spacing-bottom-a\">\n<h3 class=\"p-heading-04-large p-heading-bold p-feature-title\">Muudab reisimise lihtsamaks<\/h3>\n<p class=\"p-body-copy-02\">Meie kvaliteetse reisivutlariga saate oma hambaharja h\u00fcgieeniliselt kaasa pakkida ja meie kompaktne laadimisalus tagab liikvel olles laetud aku. \u00dche t\u00e4ieliku laadimiskorraga saate hambaharja kaks n\u00e4dalat tavap\u00e4raselt kasutada. Pikematele reisidele soovitame kaasa v\u00f5tta laadija.<\/p>\n<\/div>\n<\/div>\n<\/div>\n<\/div>\n<\/div>\n<\/div>\n<\/div>\n<\/section>\n<\/div>","protected":false},"excerpt":{"rendered":"<p>Sonicare ProtectiveClean 4500 hambahari. Sisseehitatud surveandur. BrushSynci harjapea vahetamise meeldetuletus. 2 puhastusre\u017eiimi. Aku kuni 2 n\u00e4dalat. vutlar. Loe kampaania tingimuste kohta t\u00e4psemalt<\/p>","protected":false},"featured_media":17131,"template":"","meta":{"om_disable_all_campaigns":false,"_uf_show_specific_survey":0,"_uf_disable_surveys":false},"product_brand":[1096],"product_cat":[985],"product_tag":[618],"class_list":{"0":"post-10662","1":"product","2":"type-product","3":"status-publish","4":"has-post-thumbnail","6":"product_brand-philips-ph","7":"product_cat-ilu","8":"product_tag-philips-ph","10":"first","11":"instock","12":"taxable","13":"shipping-taxable","14":"purchasable","15":"product-type-simple"},"aioseo_notices":[],"_links":{"self":[{"href":"https:\/\/homeemotion.lt\/lt\/wp-json\/wp\/v2\/product\/10662","targetHints":{"allow":["GET"]}}],"collection":[{"href":"https:\/\/homeemotion.lt\/lt\/wp-json\/wp\/v2\/product"}],"about":[{"href":"https:\/\/homeemotion.lt\/lt\/wp-json\/wp\/v2\/types\/product"}],"wp:featuredmedia":[{"embeddable":true,"href":"https:\/\/homeemotion.lt\/lt\/wp-json\/wp\/v2\/media\/17131"}],"wp:attachment":[{"href":"https:\/\/homeemotion.lt\/lt\/wp-json\/wp\/v2\/media?parent=10662"}],"wp:term":[{"taxonomy":"product_brand","embeddable":true,"href":"https:\/\/homeemotion.lt\/lt\/wp-json\/wp\/v2\/product_brand?post=10662"},{"taxonomy":"product_cat","embeddable":true,"href":"https:\/\/homeemotion.lt\/lt\/wp-json\/wp\/v2\/product_cat?post=10662"},{"taxonomy":"product_tag","embeddable":true,"href":"https:\/\/homeemotion.lt\/lt\/wp-json\/wp\/v2\/product_tag?post=10662"}],"curies":[{"name":"wp","href":"https:\/\/api.w.org\/{rel}","templated":true}]}}