{"id":10661,"date":"2021-11-24T14:05:13","date_gmt":"2021-11-24T11:05:13","guid":{"rendered":"https:\/\/homeemotion.lt\/?post_type=product&#038;p=10661"},"modified":"2026-04-17T19:11:34","modified_gmt":"2026-04-17T16:11:34","slug":"elektriline-hambahari-philips-sonicare-protectiveclean-5100","status":"publish","type":"product","link":"https:\/\/homeemotion.lt\/lt\/toode\/elektriline-hambahari-philips-sonicare-protectiveclean-5100\/","title":{"rendered":"\"Sonicare ProtectiveClean 5100\" elektrinis dant\u0173 \u0161epet\u0117lis"},"content":{"rendered":"<div id=\"see-all-benefits\" class=\"p-s01__pdp-overview-wraper\">\n<div class=\"s01highlight s01-highlights-banner component-base\">\n<section class=\"p-s01-highlights\">\n<div class=\"p-row-gutter p-comp-spacing-bottom\">\n<h2 class=\"p-heading-02 p-heading-medium p-s01__highlights-title\">Valgemad hambad. \u00d5rn puhastamine.<\/h2>\n<h3 class=\"p-heading-03 p-heading-medium p-s01__highlights-subtitle\">Muudab hambad valgemaks vaid 1 n\u00e4dalaga.<\/h3>\n<ul class=\"p-bullets p-large p-s01__bullets p-heading-medium\">\n<li class=\"p-s01__bullet\">Sisseehitatud surveandur<\/li>\n<li class=\"p-s01__bullet\">Kolm re\u017eiimi<\/li>\n<li class=\"p-s01__bullet\">1 \u00d7 BrushSynci funktsioon<\/li>\n<li class=\"p-s01__bullet\">Reisivutlar<\/li>\n<\/ul>\n<\/div>\n<\/section>\n<\/div>\n<\/div>\n<div class=\"productFeatures s12-product-features component-base\">\n<section class=\"p-complete p-s12-product-features\" data-close-popup-label=\"Tagasi\">\n<div class=\"p-row-gutter p-comp-spacing-bottom\">\n<div class=\"p-s12__feature-list\">\n<div class=\"p-s12__row\">\n<div class=\"p-s12__feature-item p-spacing-bottom-c\">\n<div class=\"p-s12__feature-image p-spacing-bottom-a\"><img decoding=\"async\" class=\"\" src=\"https:\/\/images.philips.com\/is\/image\/philipsconsumer\/dc851aff0fdc4d1b88a4ac62002ccc4d?wid=305&amp;hei=173&amp;$jpglarge$\" alt=\"Muudab hambad valgemaks vaid \u00fche n\u00e4dalaga\" \/><\/div>\n<div class=\"p-s12__feature-description p-spacing-bottom-a\">\n<h3 class=\"p-heading-04-large p-heading-bold p-feature-title\">Muudab hambad valgemaks vaid \u00fche n\u00e4dalaga<\/h3>\n<p class=\"p-body-copy-02\">Plekkide eemaldamiseks ja valgema naeratuse saavutamiseks kl\u00f5psake k\u00fclge W2 Optimal White\u2019i harjapea. On kliiniliselt t\u00f5estatud, et selle keskosas tihedalt paiknevad plekke eemaldavad harjased muudavad hambad valgemaks vaid \u00fche n\u00e4dalaga.<\/p>\n<\/div>\n<\/div>\n<div class=\"p-s12__feature-item p-spacing-bottom-c\">\n<div class=\"p-s12__feature-image p-spacing-bottom-a\"><img decoding=\"async\" class=\"\" src=\"https:\/\/images.philips.com\/is\/image\/philipsconsumer\/995fb0c4427a4a058109adb9011c7c15?wid=305&amp;hei=173&amp;$jpglarge$\" alt=\"Ohutu ja \u00f5rn tundlikes piirkondades; sobib kasutamiseks ortodontilise ravi ja hambaravi korral\" \/><\/div>\n<div class=\"p-s12__feature-description p-spacing-bottom-a\">\n<h3 class=\"p-heading-04-large p-heading-bold p-feature-title\">Ohutu ja \u00f5rn tundlikes piirkondades; sobib kasutamiseks ortodontilise ravi ja hambaravi korral<\/h3>\n<p class=\"p-body-copy-02\">Ohutu harjamiskogemus on tagatud: meie Sonic-tehnoloogia sobib kasutamiseks hambaklambrite, t\u00e4idiste, kroonide ja laminaatidega ning aitab ennetada hambaaukude teket ja parandab igemete tervist.<\/p>\n<\/div>\n<\/div>\n<div class=\"p-s12__feature-item p-spacing-bottom-c\">\n<div class=\"p-s12__feature-image p-spacing-bottom-a\"><img decoding=\"async\" class=\"\" src=\"https:\/\/images.philips.com\/is\/image\/philipsconsumer\/21337d5a07334f8fbcc4adb9010433e9?wid=305&amp;hei=173&amp;$jpglarge$\" alt=\"Annab teile m\u00e4rku, kui vajutate liiga tugevalt\" \/><\/div>\n<div class=\"p-s12__feature-description p-spacing-bottom-a\">\n<h3 class=\"p-heading-04-large p-heading-bold p-feature-title\">Annab teile m\u00e4rku, kui vajutate liiga tugevalt<\/h3>\n<p class=\"p-body-copy-02\">Te ei pruugi liiga tugevat harjamist ise t\u00e4hele panna, kuid teie surveanduriga elektriline hambahari m\u00e4rkab seda. Kui harjate igemetele liiga tugevat survet avaldades, hakkab hambahari tegema pulseerivat heli, andes m\u00e4rku vajadusest \u00f5rnemalt harjata.<\/p>\n<\/div>\n<\/div>\n<\/div>\n<div class=\"p-s12__more-features p-s12__toggle-item\">\n<div class=\"p-s12__more-features--inner\">\n<div class=\"p-s12__row\">\n<div class=\"p-s12__feature-item p-spacing-bottom-c\">\n<div class=\"p-s12__feature-image p-spacing-bottom-a\"><img decoding=\"async\" class=\"\" src=\"https:\/\/images.philips.com\/is\/image\/philipsconsumer\/5cbf3a49f51c45c5a7d8adb900fc1077?wid=305&amp;hei=173&amp;$jpglarge$\" alt=\"\u00dchendab hambaharja nutika k\u00e4epideme ja nutikad harjapead\" \/><\/div>\n<div class=\"p-s12__feature-description p-spacing-bottom-a\">\n<h3 class=\"p-heading-04-large p-heading-bold p-feature-title\">\u00dchendab hambaharja nutika k\u00e4epideme ja nutikad harjapead<\/h3>\n<p class=\"p-body-copy-02\">Mikrokiibi \u00fchilduvusega tehnoloogia, mis tuvastab nutika harjapea ja s\u00fcnkroonib selle nutika k\u00e4epidemega. Nutikas k\u00e4epide ja nutikas harjapea moodustavad v\u00f5imsa kombinatsiooni, edastades teile nutikaid vahetamise meeldetuletusi.<\/p>\n<\/div>\n<\/div>\n<div class=\"p-s12__feature-item p-spacing-bottom-c\">\n<div class=\"p-s12__feature-image p-spacing-bottom-a\"><img decoding=\"async\" class=\"\" src=\"https:\/\/images.philips.com\/is\/image\/philipsconsumer\/5f99a3d44b62446db2b1adba01106e62?wid=305&amp;hei=173&amp;$jpglarge$\" alt=\"Teadke alati, millal on vaja harjapead vahetada\" \/><\/div>\n<div class=\"p-s12__feature-description p-spacing-bottom-a\">\n<h3 class=\"p-heading-04-large p-heading-bold p-feature-title\">Teadke alati, millal on vaja harjapead vahetada<\/h3>\n<p class=\"p-body-copy-02\">\u00dckski harjapea ei ole igavene. Meie BrushSynci tehnoloogia peab arvestust harjapea kasutusaja ja selle \u00fcle, kui tugevalt olete harjanud. Kui vahetamisaeg on k\u00e4es, s\u00fcttib k\u00e4epidemel m\u00e4rgutuli ja kostub l\u00fchike piiks. Nii saate olla kindel, et harjapea t\u00f6\u00f6tab t\u00f5husalt.<\/p>\n<\/div>\n<\/div>\n<div class=\"p-s12__feature-item p-spacing-bottom-c\">\n<div class=\"p-s12__feature-image p-spacing-bottom-a\"><img decoding=\"async\" class=\"\" src=\"https:\/\/images.philips.com\/is\/image\/philipsconsumer\/45f816c45b2b4308bbcdadba00a7d1dc?wid=305&amp;hei=173&amp;$jpglarge$\" alt=\"Julgustab p\u00f5hjalikult harjama\" \/><\/div>\n<div class=\"p-s12__feature-description p-spacing-bottom-a\">\n<h3 class=\"p-heading-04-large p-heading-bold p-feature-title\">Julgustab p\u00f5hjalikult harjama<\/h3>\n<p class=\"p-body-copy-02\">Meie QuadPacer teavitab teid, kui olete kulutanud piisavalt aega iga suupiirkonna puhastamiseks, ja nutikas taimer annab m\u00e4rku, kui olete harjanud soovitatavad kaks minutit.<\/p>\n<\/div>\n<\/div>\n<\/div>\n<div class=\"p-s12__row\">\n<div class=\"p-s12__feature-item p-spacing-bottom-c\">\n<div class=\"p-s12__feature-image p-spacing-bottom-a\"><img decoding=\"async\" class=\"\" src=\"https:\/\/images.philips.com\/is\/image\/philipsconsumer\/a8efcd01015d4035a855ac610143d7f9?wid=305&amp;hei=173&amp;$jpglarge$\" alt=\"Philips Sonicare'i t\u00e4iustatud Sonic-tehnoloogia\" \/><\/div>\n<div class=\"p-s12__feature-description p-spacing-bottom-a\">\n<h3 class=\"p-heading-04-large p-heading-bold p-feature-title\">Philips Sonicare&#8217;i t\u00e4iustatud Sonic-tehnoloogia<\/h3>\n<p class=\"p-body-copy-02\">Philips Sonicare&#8217;i t\u00e4iustatud Sonic-tehnoloogia suunab vett hammaste vahele ning selle harjased aitavad l\u00f5hustada ja eemaldada hambakattu, tagades silmapaistva igap\u00e4evase puhtuse.<\/p>\n<\/div>\n<\/div>\n<div class=\"p-s12__feature-item p-spacing-bottom-c\">\n<div class=\"p-s12__feature-image p-s12__feature-image--hide p-spacing-bottom-a\" aria-hidden=\"true\"><img decoding=\"async\" class=\"\" src=\"https:\/\/images.philips.com\/is\/image\/PhilipsConsumer\/IM130930_TRANSPARENT_IMAGE-DTO-global-001?wid=305&amp;hei=173&amp;$jpglarge$\" alt=\"\" \/><\/div>\n<div class=\"p-s12__feature-description p-spacing-bottom-a\">\n<h3 class=\"p-heading-04-large p-heading-bold p-feature-title\">Valige kolme re\u017eiimi vahel<\/h3>\n<p class=\"p-body-copy-02\">Selle hambaharjaga saate harjamist vastavalt oma soovile kohandada, kombineerides kolme re\u017eiimi ja kolme intensiivsust. Puhastusre\u017eiim Clean on standardre\u017eiim \u00fclima puhtuse tagamiseks. Re\u017eiim White sobib ideaalselt pinnaplekkide eemaldamiseks. Ja igemete eest hoolitsemise re\u017eiimis Gum Care harjatakse hambaid \u00fcks minut v\u00e4iksema v\u00f5imsusega, et saaksite oma igemeid \u00f5rnalt masseerida. Kolm intensiivsuse taset v\u00f5imaldavad l\u00fclituda \u00fclemiselt hambakaarelt alumisele ning muuta intensiivsust vasakul ja paremal poolel.<\/p>\n<\/div>\n<\/div>\n<div class=\"p-s12__feature-item p-spacing-bottom-c\">\n<div class=\"p-s12__feature-image p-s12__feature-image--hide p-spacing-bottom-a\" aria-hidden=\"true\"><img decoding=\"async\" class=\"\" src=\"https:\/\/images.philips.com\/is\/image\/PhilipsConsumer\/IM130930_TRANSPARENT_IMAGE-DTO-global-001?wid=305&amp;hei=173&amp;$jpglarge$\" alt=\"\" \/><\/div>\n<div class=\"p-s12__feature-description p-spacing-bottom-a\">\n<h3 class=\"p-heading-04-large p-heading-bold p-feature-title\">Muudab reisimise lihtsamaks<\/h3>\n<p class=\"p-body-copy-02\">Meie kvaliteetse reisivutlariga saate oma hambaharja h\u00fcgieeniliselt kaasa pakkida ja meie kompaktne laadimisalus tagab liikvel olles laetud aku. \u00dche t\u00e4ieliku laadimiskorraga saate hambaharja kaks n\u00e4dalat tavap\u00e4raselt kasutada. Pikematele reisidele soovitame kaasa v\u00f5tta laadija.<\/p>\n<\/div>\n<\/div>\n<\/div>\n<\/div>\n<\/div>\n<\/div>\n<\/div>\n<\/section>\n<\/div>","protected":false},"excerpt":{"rendered":"<p>Sonicare ProtectiveClean 5100 hambahari. Sisseehitatud surveandur. BrushSynci harjapea vahetamise meeldetuletus. Reisivutlar (laadijata). 1 hambahari (must). Kaasas 1 harjapea. 3 puhastusre\u017eiimi. Aku kuni 2 n\u00e4dalat. Loe kampaania tingimuste kohta t\u00e4psemalt<\/p>","protected":false},"featured_media":17132,"template":"","meta":{"om_disable_all_campaigns":false,"_uf_show_specific_survey":0,"_uf_disable_surveys":false},"product_brand":[1096],"product_cat":[985],"product_tag":[618],"class_list":{"0":"post-10661","1":"product","2":"type-product","3":"status-publish","4":"has-post-thumbnail","6":"product_brand-philips-ph","7":"product_cat-ilu","8":"product_tag-philips-ph","10":"first","11":"instock","12":"taxable","13":"shipping-taxable","14":"purchasable","15":"product-type-simple"},"aioseo_notices":[],"_links":{"self":[{"href":"https:\/\/homeemotion.lt\/lt\/wp-json\/wp\/v2\/product\/10661","targetHints":{"allow":["GET"]}}],"collection":[{"href":"https:\/\/homeemotion.lt\/lt\/wp-json\/wp\/v2\/product"}],"about":[{"href":"https:\/\/homeemotion.lt\/lt\/wp-json\/wp\/v2\/types\/product"}],"wp:featuredmedia":[{"embeddable":true,"href":"https:\/\/homeemotion.lt\/lt\/wp-json\/wp\/v2\/media\/17132"}],"wp:attachment":[{"href":"https:\/\/homeemotion.lt\/lt\/wp-json\/wp\/v2\/media?parent=10661"}],"wp:term":[{"taxonomy":"product_brand","embeddable":true,"href":"https:\/\/homeemotion.lt\/lt\/wp-json\/wp\/v2\/product_brand?post=10661"},{"taxonomy":"product_cat","embeddable":true,"href":"https:\/\/homeemotion.lt\/lt\/wp-json\/wp\/v2\/product_cat?post=10661"},{"taxonomy":"product_tag","embeddable":true,"href":"https:\/\/homeemotion.lt\/lt\/wp-json\/wp\/v2\/product_tag?post=10661"}],"curies":[{"name":"wp","href":"https:\/\/api.w.org\/{rel}","templated":true}]}}