{"id":10621,"date":"2021-11-09T17:49:36","date_gmt":"2021-11-09T14:49:36","guid":{"rendered":"https:\/\/homeemotion.lt\/?post_type=product&#038;p=10621"},"modified":"2026-04-17T21:37:01","modified_gmt":"2026-04-17T18:37:01","slug":"parmesani-riiv-zyliss","status":"publish","type":"product","link":"https:\/\/homeemotion.lt\/lt\/toode\/parmesani-riiv-zyliss\/","title":{"rendered":"\"Zyliss\" s\u016brio riva"},"content":{"rendered":"","protected":false},"excerpt":{"rendered":"<p>Zyliss parmesani riiv on lihtsasti kasutatav t\u00e4nu mugavale k\u00e4epidemele ja alumisele toele.. n\u00f5udepesumasinas pestav<\/p>","protected":false},"featured_media":16993,"template":"","meta":{"om_disable_all_campaigns":false,"_uf_show_specific_survey":0,"_uf_disable_surveys":false},"product_brand":[1104],"product_cat":[955],"product_tag":[677],"class_list":{"0":"post-10621","1":"product","2":"type-product","3":"status-publish","4":"has-post-thumbnail","6":"product_brand-zyliss","7":"product_cat-kodu","8":"product_tag-zyliss","10":"first","11":"instock","12":"taxable","13":"shipping-taxable","14":"purchasable","15":"product-type-simple"},"aioseo_notices":[],"_links":{"self":[{"href":"https:\/\/homeemotion.lt\/lt\/wp-json\/wp\/v2\/product\/10621","targetHints":{"allow":["GET"]}}],"collection":[{"href":"https:\/\/homeemotion.lt\/lt\/wp-json\/wp\/v2\/product"}],"about":[{"href":"https:\/\/homeemotion.lt\/lt\/wp-json\/wp\/v2\/types\/product"}],"wp:featuredmedia":[{"embeddable":true,"href":"https:\/\/homeemotion.lt\/lt\/wp-json\/wp\/v2\/media\/16993"}],"wp:attachment":[{"href":"https:\/\/homeemotion.lt\/lt\/wp-json\/wp\/v2\/media?parent=10621"}],"wp:term":[{"taxonomy":"product_brand","embeddable":true,"href":"https:\/\/homeemotion.lt\/lt\/wp-json\/wp\/v2\/product_brand?post=10621"},{"taxonomy":"product_cat","embeddable":true,"href":"https:\/\/homeemotion.lt\/lt\/wp-json\/wp\/v2\/product_cat?post=10621"},{"taxonomy":"product_tag","embeddable":true,"href":"https:\/\/homeemotion.lt\/lt\/wp-json\/wp\/v2\/product_tag?post=10621"}],"curies":[{"name":"wp","href":"https:\/\/api.w.org\/{rel}","templated":true}]}}