{"id":10611,"date":"2021-11-09T16:29:49","date_gmt":"2021-11-09T13:29:49","guid":{"rendered":"https:\/\/homeemotion.lt\/?post_type=product&#038;p=10611"},"modified":"2026-04-17T20:36:33","modified_gmt":"2026-04-17T17:36:33","slug":"juhtmevaba-mini-koogikombain-cuisinart","status":"publish","type":"product","link":"https:\/\/homeemotion.lt\/lt\/toode\/juhtmevaba-mini-koogikombain-cuisinart\/","title":{"rendered":"Cuisinart belaidis mini virtuv\u0117s kombainas"},"content":{"rendered":"","protected":false},"excerpt":{"rendered":"<p>anuma maht: 900 ml. juhtmevaba kasutamine. 115 min laadimist, 15 minutit kasutust( mille jooksul saab n\u00e4iteks hakkida 60 sibulat). li-ion aku. indikaatortuli n\u00e4itab aku laetust. k\u00f5rge kvaliteediga terad tagavad kiire ja efektiivse t\u00fckelduse. Ideaalne v\u00e4ikeste koguste t\u00fckeldamiseks, purustamiseks v\u00f5i p\u00fcreestamiseks.. Ultra v\u00f5imas mootor liigutab toitu kiirelt k\u00f6\u00f6gikombainis ringi, seega toiduained segunevad kiirelt.. hakkimise v\u00f5i jahvatamise funktsioon.. kompaktne ja kerge disain, kaanele integreeritud ava,et saaks lisada vedelikke kasutamise ajal.. k\u00f5ik eemaldatavad osad on n\u00f5udepesumasinas pestavad.. sisaldab usb kaablit ja adapterit, et kiirelt ja mugavalt kombaini laadida.<\/p>","protected":false},"featured_media":17180,"template":"","meta":{"om_disable_all_campaigns":false,"_uf_show_specific_survey":0,"_uf_disable_surveys":false},"product_brand":[1100],"product_cat":[955,973,1022],"product_tag":[56],"class_list":{"0":"post-10611","1":"product","2":"type-product","3":"status-publish","4":"has-post-thumbnail","6":"product_brand-cuisinart","7":"product_cat-kodu","8":"product_cat-koogitehnika","9":"product_cat-mikserid","10":"product_tag-cuisinart","12":"first","13":"instock","14":"taxable","15":"shipping-taxable","16":"purchasable","17":"product-type-simple"},"aioseo_notices":[],"_links":{"self":[{"href":"https:\/\/homeemotion.lt\/lt\/wp-json\/wp\/v2\/product\/10611","targetHints":{"allow":["GET"]}}],"collection":[{"href":"https:\/\/homeemotion.lt\/lt\/wp-json\/wp\/v2\/product"}],"about":[{"href":"https:\/\/homeemotion.lt\/lt\/wp-json\/wp\/v2\/types\/product"}],"wp:featuredmedia":[{"embeddable":true,"href":"https:\/\/homeemotion.lt\/lt\/wp-json\/wp\/v2\/media\/17180"}],"wp:attachment":[{"href":"https:\/\/homeemotion.lt\/lt\/wp-json\/wp\/v2\/media?parent=10611"}],"wp:term":[{"taxonomy":"product_brand","embeddable":true,"href":"https:\/\/homeemotion.lt\/lt\/wp-json\/wp\/v2\/product_brand?post=10611"},{"taxonomy":"product_cat","embeddable":true,"href":"https:\/\/homeemotion.lt\/lt\/wp-json\/wp\/v2\/product_cat?post=10611"},{"taxonomy":"product_tag","embeddable":true,"href":"https:\/\/homeemotion.lt\/lt\/wp-json\/wp\/v2\/product_tag?post=10611"}],"curies":[{"name":"wp","href":"https:\/\/api.w.org\/{rel}","templated":true}]}}