{"id":10610,"date":"2021-11-09T16:24:27","date_gmt":"2021-11-09T13:24:27","guid":{"rendered":"https:\/\/homeemotion.lt\/?post_type=product&#038;p=10610"},"modified":"2026-04-17T20:36:29","modified_gmt":"2026-04-17T17:36:29","slug":"mini-koogikombain-cuisinart","status":"publish","type":"product","link":"https:\/\/homeemotion.lt\/lt\/toode\/mini-koogikombain-cuisinart\/","title":{"rendered":"\"Cuisinart\" mini virtuvinis kombainas"},"content":{"rendered":"","protected":false},"excerpt":{"rendered":"<p>anuma maht: 900 ml. k\u00f5rge kvaliteediga terad tagavad kiire ja efektiivse t\u00fckelduse. Ideaalne v\u00e4ikeste koguste t\u00fckeldamiseks, purustamiseks v\u00f5i p\u00fcreestamiseks.. hakkimise v\u00f5i jahvatamise funktsioon.. eksklusiivne patenteeritud BladeLock System.. kompaktne ja kerge disain, kaanele integreeritud ava,et saaks lisada vedelikke kasutamise ajal.. k\u00f5ik eemaldatavad osad on n\u00f5udepesumasinas pestavad.<\/p>","protected":false},"featured_media":17009,"template":"","meta":{"om_disable_all_campaigns":false,"_uf_show_specific_survey":0,"_uf_disable_surveys":false},"product_brand":[1100],"product_cat":[955,1033,973],"product_tag":[56],"class_list":{"0":"post-10610","1":"product","2":"type-product","3":"status-publish","4":"has-post-thumbnail","6":"product_brand-cuisinart","7":"product_cat-kodu","8":"product_cat-koogikombainid","9":"product_cat-koogitehnika","10":"product_tag-cuisinart","12":"first","13":"instock","14":"taxable","15":"shipping-taxable","16":"purchasable","17":"product-type-simple"},"aioseo_notices":[],"_links":{"self":[{"href":"https:\/\/homeemotion.lt\/lt\/wp-json\/wp\/v2\/product\/10610","targetHints":{"allow":["GET"]}}],"collection":[{"href":"https:\/\/homeemotion.lt\/lt\/wp-json\/wp\/v2\/product"}],"about":[{"href":"https:\/\/homeemotion.lt\/lt\/wp-json\/wp\/v2\/types\/product"}],"wp:featuredmedia":[{"embeddable":true,"href":"https:\/\/homeemotion.lt\/lt\/wp-json\/wp\/v2\/media\/17009"}],"wp:attachment":[{"href":"https:\/\/homeemotion.lt\/lt\/wp-json\/wp\/v2\/media?parent=10610"}],"wp:term":[{"taxonomy":"product_brand","embeddable":true,"href":"https:\/\/homeemotion.lt\/lt\/wp-json\/wp\/v2\/product_brand?post=10610"},{"taxonomy":"product_cat","embeddable":true,"href":"https:\/\/homeemotion.lt\/lt\/wp-json\/wp\/v2\/product_cat?post=10610"},{"taxonomy":"product_tag","embeddable":true,"href":"https:\/\/homeemotion.lt\/lt\/wp-json\/wp\/v2\/product_tag?post=10610"}],"curies":[{"name":"wp","href":"https:\/\/api.w.org\/{rel}","templated":true}]}}