{"id":10605,"date":"2021-11-09T15:53:40","date_gmt":"2021-11-09T12:53:40","guid":{"rendered":"https:\/\/homeemotion.lt\/?post_type=product&#038;p=10605"},"modified":"2026-04-17T17:14:58","modified_gmt":"2026-04-17T14:14:58","slug":"lainelokitangid-babyliss","status":"publish","type":"product","link":"https:\/\/homeemotion.lt\/lt\/toode\/lainelokitangid-babyliss\/","title":{"rendered":"Lainelokitangid Babyliss W"},"content":{"rendered":"","protected":false},"excerpt":{"rendered":"<p>laiad turmaliin-keraamilised plaadid. Maksimaalne temperatuur 220C. Advanced ceramics heating system &#8211; kuumus jaotub \u00fchtlaselt ja kiirelt lokitangidesse, tagades kiire ja ilusa tulemuse. 3 temperatuuri astet (160-180-220). indikaatortulega sisse\/v\u00e4lja l\u00fclitusnupp. Mittekuumenevad otsad. 2,5 meetrine p\u00f6\u00f6rlev juhe. kuumusekindel kott<\/p>","protected":false},"featured_media":17214,"template":"","meta":{"om_disable_all_campaigns":false,"_uf_show_specific_survey":0,"_uf_disable_surveys":false},"product_brand":[1087],"product_cat":[985,986,987],"product_tag":[19],"class_list":{"0":"post-10605","1":"product","2":"type-product","3":"status-publish","4":"has-post-thumbnail","6":"product_brand-babyliss","7":"product_cat-ilu","8":"product_cat-ilutooted","9":"product_cat-lokitangid","10":"product_tag-babyliss","12":"first","13":"instock","14":"taxable","15":"shipping-taxable","16":"purchasable","17":"product-type-simple"},"aioseo_notices":[],"_links":{"self":[{"href":"https:\/\/homeemotion.lt\/lt\/wp-json\/wp\/v2\/product\/10605","targetHints":{"allow":["GET"]}}],"collection":[{"href":"https:\/\/homeemotion.lt\/lt\/wp-json\/wp\/v2\/product"}],"about":[{"href":"https:\/\/homeemotion.lt\/lt\/wp-json\/wp\/v2\/types\/product"}],"wp:featuredmedia":[{"embeddable":true,"href":"https:\/\/homeemotion.lt\/lt\/wp-json\/wp\/v2\/media\/17214"}],"wp:attachment":[{"href":"https:\/\/homeemotion.lt\/lt\/wp-json\/wp\/v2\/media?parent=10605"}],"wp:term":[{"taxonomy":"product_brand","embeddable":true,"href":"https:\/\/homeemotion.lt\/lt\/wp-json\/wp\/v2\/product_brand?post=10605"},{"taxonomy":"product_cat","embeddable":true,"href":"https:\/\/homeemotion.lt\/lt\/wp-json\/wp\/v2\/product_cat?post=10605"},{"taxonomy":"product_tag","embeddable":true,"href":"https:\/\/homeemotion.lt\/lt\/wp-json\/wp\/v2\/product_tag?post=10605"}],"curies":[{"name":"wp","href":"https:\/\/api.w.org\/{rel}","templated":true}]}}