{"id":10571,"date":"2021-11-09T14:21:13","date_gmt":"2021-11-09T11:21:13","guid":{"rendered":"https:\/\/homeemotion.lt\/?post_type=product&#038;p=10571"},"modified":"2026-04-17T23:36:35","modified_gmt":"2026-04-17T20:36:35","slug":"juukseloikusmasin-babyliss-2","status":"publish","type":"product","link":"https:\/\/homeemotion.lt\/lt\/toode\/juukseloikusmasin-babyliss-2\/","title":{"rendered":"Plauk\u0173 kirpimo ma\u0161in\u0117l\u0117 \"Babyliss"},"content":{"rendered":"","protected":false},"excerpt":{"rendered":"<p>saab kasutada nii juhtmega kui juhtmeta. 60 minutit juhtmeta kasutamist. 8 tundi laadimist. S\u00fcsinik-titaan terad. 26 l\u00f5ikek\u00f5rgust. 0,5\u201325 mm (t\u00e4psus 1 mm). Reguleerimisketas. 1 x juuksel\u00f5ikusjuhend. 1 x habeme l\u00f5ikamise juhend. Akutoitel t\u00e4ppistrimmer. Eemaldatavad ja vee all pestavad terad. S\u00e4ilituskarp. 3 aastat garantiid. v\u00e4rvus tumehall<\/p>","protected":false},"featured_media":17274,"template":"","meta":{"om_disable_all_campaigns":false,"_uf_show_specific_survey":0,"_uf_disable_surveys":false},"product_brand":[1087],"product_cat":[985],"product_tag":[19],"class_list":{"0":"post-10571","1":"product","2":"type-product","3":"status-publish","4":"has-post-thumbnail","6":"product_brand-babyliss","7":"product_cat-ilu","8":"product_tag-babyliss","10":"first","11":"instock","12":"taxable","13":"shipping-taxable","14":"purchasable","15":"product-type-simple"},"aioseo_notices":[],"_links":{"self":[{"href":"https:\/\/homeemotion.lt\/lt\/wp-json\/wp\/v2\/product\/10571","targetHints":{"allow":["GET"]}}],"collection":[{"href":"https:\/\/homeemotion.lt\/lt\/wp-json\/wp\/v2\/product"}],"about":[{"href":"https:\/\/homeemotion.lt\/lt\/wp-json\/wp\/v2\/types\/product"}],"wp:featuredmedia":[{"embeddable":true,"href":"https:\/\/homeemotion.lt\/lt\/wp-json\/wp\/v2\/media\/17274"}],"wp:attachment":[{"href":"https:\/\/homeemotion.lt\/lt\/wp-json\/wp\/v2\/media?parent=10571"}],"wp:term":[{"taxonomy":"product_brand","embeddable":true,"href":"https:\/\/homeemotion.lt\/lt\/wp-json\/wp\/v2\/product_brand?post=10571"},{"taxonomy":"product_cat","embeddable":true,"href":"https:\/\/homeemotion.lt\/lt\/wp-json\/wp\/v2\/product_cat?post=10571"},{"taxonomy":"product_tag","embeddable":true,"href":"https:\/\/homeemotion.lt\/lt\/wp-json\/wp\/v2\/product_tag?post=10571"}],"curies":[{"name":"wp","href":"https:\/\/api.w.org\/{rel}","templated":true}]}}