{"id":10564,"date":"2021-11-09T14:02:17","date_gmt":"2021-11-09T11:02:17","guid":{"rendered":"https:\/\/homeemotion.lt\/?post_type=product&#038;p=10564"},"modified":"2026-04-17T19:11:28","modified_gmt":"2026-04-17T16:11:28","slug":"juukseloikusmasin-babyliss","status":"publish","type":"product","link":"https:\/\/homeemotion.lt\/lt\/toode\/juukseloikusmasin-babyliss\/","title":{"rendered":"Kirpykla Babyliss+trimmeris"},"content":{"rendered":"","protected":false},"excerpt":{"rendered":"<p>saab kasutada nii juhtmega kui juhtmeta. 60 minutit juhtmeta kasutamist. 8 tundi laadimist. s\u00fcsinikust terad. 26 l\u00f5ikek\u00f5rgust. 0,5\u201325 mm (t\u00e4psus 1 mm). Reguleerimisketas. 1 x juuksel\u00f5ikusjuhend. 1 x habeme l\u00f5ikamise juhend. Akutoitel t\u00e4ppistrimmer. Eemaldatavad ja vee all pestavad terad. S\u00e4ilituskarp. 3 aastat garantiid. v\u00e4rvus roostevaba teras<\/p>","protected":false},"featured_media":17002,"template":"","meta":{"om_disable_all_campaigns":false,"_uf_show_specific_survey":0,"_uf_disable_surveys":false},"product_brand":[1087],"product_cat":[985,986,1049],"product_tag":[19],"class_list":{"0":"post-10564","1":"product","2":"type-product","3":"status-publish","4":"has-post-thumbnail","6":"product_brand-babyliss","7":"product_cat-ilu","8":"product_cat-ilutooted","9":"product_cat-juukseloikurid","10":"product_tag-babyliss","12":"first","13":"instock","14":"taxable","15":"shipping-taxable","16":"purchasable","17":"product-type-simple"},"aioseo_notices":[],"_links":{"self":[{"href":"https:\/\/homeemotion.lt\/lt\/wp-json\/wp\/v2\/product\/10564","targetHints":{"allow":["GET"]}}],"collection":[{"href":"https:\/\/homeemotion.lt\/lt\/wp-json\/wp\/v2\/product"}],"about":[{"href":"https:\/\/homeemotion.lt\/lt\/wp-json\/wp\/v2\/types\/product"}],"wp:featuredmedia":[{"embeddable":true,"href":"https:\/\/homeemotion.lt\/lt\/wp-json\/wp\/v2\/media\/17002"}],"wp:attachment":[{"href":"https:\/\/homeemotion.lt\/lt\/wp-json\/wp\/v2\/media?parent=10564"}],"wp:term":[{"taxonomy":"product_brand","embeddable":true,"href":"https:\/\/homeemotion.lt\/lt\/wp-json\/wp\/v2\/product_brand?post=10564"},{"taxonomy":"product_cat","embeddable":true,"href":"https:\/\/homeemotion.lt\/lt\/wp-json\/wp\/v2\/product_cat?post=10564"},{"taxonomy":"product_tag","embeddable":true,"href":"https:\/\/homeemotion.lt\/lt\/wp-json\/wp\/v2\/product_tag?post=10564"}],"curies":[{"name":"wp","href":"https:\/\/api.w.org\/{rel}","templated":true}]}}