{"id":10552,"date":"2021-11-09T13:27:10","date_gmt":"2021-11-09T10:27:10","guid":{"rendered":"https:\/\/homeemotion.lt\/?post_type=product&#038;p=10552"},"modified":"2026-04-17T21:37:01","modified_gmt":"2026-04-17T18:37:01","slug":"koogikaal-domo-xl","status":"publish","type":"product","link":"https:\/\/homeemotion.lt\/lt\/toode\/koogikaal-domo-xl\/","title":{"rendered":"Virtuv\u0117s svarstykl\u0117s Domo XL"},"content":{"rendered":"","protected":false},"excerpt":{"rendered":"<p>T\u00e4psus kuni 1 g. K\u00f6\u00f6gikaaluga saab kaaluda maksimaalselt 5 kg. Puutetundlike nuppudega LCD-ekraan &#8211; 6,6 cm X 2,9 cm. Roostevabast terasest kaalupind. Taarafunktsioon. Automaatne v\u00e4ljal\u00fclitus. T\u00fchja aku ja \u00fclekoormuse n\u00e4it. Erinevate \u00fchikute valik: g, oz, ml, lb\u2019oz, fl\u2019oz. m\u00f5\u00f5dud &#8211; 21.7 x 18.7 x 1.65 cm. t\u00f6\u00f6tab AAA patareidega( ei kuulu komplekti)<\/p>","protected":false},"featured_media":16974,"template":"","meta":{"om_disable_all_campaigns":false,"_uf_show_specific_survey":0,"_uf_disable_surveys":false},"product_brand":[933],"product_cat":[1150,1006,1001],"product_tag":[116],"class_list":{"0":"post-10552","1":"product","2":"type-product","3":"status-publish","4":"has-post-thumbnail","6":"product_brand-domo","7":"product_cat-kaalud-koogitehnika-tehnika","8":"product_cat-koogitehnika-tehnika","9":"product_cat-tehnika","10":"product_tag-domo","12":"first","13":"instock","14":"taxable","15":"shipping-taxable","16":"purchasable","17":"product-type-simple"},"aioseo_notices":[],"_links":{"self":[{"href":"https:\/\/homeemotion.lt\/lt\/wp-json\/wp\/v2\/product\/10552","targetHints":{"allow":["GET"]}}],"collection":[{"href":"https:\/\/homeemotion.lt\/lt\/wp-json\/wp\/v2\/product"}],"about":[{"href":"https:\/\/homeemotion.lt\/lt\/wp-json\/wp\/v2\/types\/product"}],"wp:featuredmedia":[{"embeddable":true,"href":"https:\/\/homeemotion.lt\/lt\/wp-json\/wp\/v2\/media\/16974"}],"wp:attachment":[{"href":"https:\/\/homeemotion.lt\/lt\/wp-json\/wp\/v2\/media?parent=10552"}],"wp:term":[{"taxonomy":"product_brand","embeddable":true,"href":"https:\/\/homeemotion.lt\/lt\/wp-json\/wp\/v2\/product_brand?post=10552"},{"taxonomy":"product_cat","embeddable":true,"href":"https:\/\/homeemotion.lt\/lt\/wp-json\/wp\/v2\/product_cat?post=10552"},{"taxonomy":"product_tag","embeddable":true,"href":"https:\/\/homeemotion.lt\/lt\/wp-json\/wp\/v2\/product_tag?post=10552"}],"curies":[{"name":"wp","href":"https:\/\/api.w.org\/{rel}","templated":true}]}}