{"id":10551,"date":"2021-11-09T13:24:20","date_gmt":"2021-11-09T10:24:20","guid":{"rendered":"https:\/\/homeemotion.lt\/?post_type=product&#038;p=10551"},"modified":"2021-11-11T10:24:54","modified_gmt":"2021-11-11T07:24:54","slug":"asendus-harjapead-domo-elektrilisele-hambaharjale","status":"publish","type":"product","link":"https:\/\/homeemotion.lt\/lt\/toode\/asendus-harjapead-domo-elektrilisele-hambaharjale\/","title":{"rendered":"\"Domo\" elektrinio dant\u0173 \u0161epet\u0117lio atsargin\u0117 galvut\u0117"},"content":{"rendered":"","protected":false},"excerpt":{"rendered":"<ul>\n<li>komplektis 6 asendus harjapead Domo elektrilisele hambaharjale<\/li>\n<li>sobib mudelile DO9233TB<\/li>\n<\/ul>","protected":false},"featured_media":10538,"template":"","meta":{"om_disable_all_campaigns":false,"_uf_show_specific_survey":0,"_uf_disable_surveys":false},"product_brand":[],"product_cat":[109],"product_tag":[],"class_list":{"0":"post-10551","1":"product","2":"type-product","3":"status-publish","4":"has-post-thumbnail","6":"product_cat-uncategorized","8":"first","9":"instock","10":"taxable","11":"shipping-taxable","12":"purchasable","13":"product-type-simple"},"aioseo_notices":[],"_links":{"self":[{"href":"https:\/\/homeemotion.lt\/lt\/wp-json\/wp\/v2\/product\/10551","targetHints":{"allow":["GET"]}}],"collection":[{"href":"https:\/\/homeemotion.lt\/lt\/wp-json\/wp\/v2\/product"}],"about":[{"href":"https:\/\/homeemotion.lt\/lt\/wp-json\/wp\/v2\/types\/product"}],"wp:featuredmedia":[{"embeddable":true,"href":"https:\/\/homeemotion.lt\/lt\/wp-json\/wp\/v2\/media\/10538"}],"wp:attachment":[{"href":"https:\/\/homeemotion.lt\/lt\/wp-json\/wp\/v2\/media?parent=10551"}],"wp:term":[{"taxonomy":"product_brand","embeddable":true,"href":"https:\/\/homeemotion.lt\/lt\/wp-json\/wp\/v2\/product_brand?post=10551"},{"taxonomy":"product_cat","embeddable":true,"href":"https:\/\/homeemotion.lt\/lt\/wp-json\/wp\/v2\/product_cat?post=10551"},{"taxonomy":"product_tag","embeddable":true,"href":"https:\/\/homeemotion.lt\/lt\/wp-json\/wp\/v2\/product_tag?post=10551"}],"curies":[{"name":"wp","href":"https:\/\/api.w.org\/{rel}","templated":true}]}}