{"id":10364,"date":"2021-11-02T16:32:55","date_gmt":"2021-11-02T13:32:55","guid":{"rendered":"https:\/\/homeemotion.lt\/?post_type=product&#038;p=10364"},"modified":"2026-04-17T19:11:33","modified_gmt":"2026-04-17T16:11:33","slug":"ohuniisutaja-philips-3","status":"publish","type":"product","link":"https:\/\/homeemotion.lt\/lt\/toode\/ohuniisutaja-philips-3\/","title":{"rendered":"Oro dr\u0117kintuvas Philips"},"content":{"rendered":"<p>Philipsi \u00f5huniisutaja seeria 2000 niisutab kuiva keskkonda vaikselt ja h\u00fcgieeniliselt, tagades mugavalt tervisliku \u00f5hu. NanoCloudi aurustamistehnoloogia levitab 99% v\u00e4hem baktereid kui ultraheliniisuti.<\/p>\n<div id=\"see-all-benefits\" class=\"p-s01__pdp-overview-wraper\">\n<div class=\"s01highlight s01-highlights-banner component-base\">\n<section class=\"p-s01-highlights\">\n<div class=\"p-row-gutter p-comp-spacing-bottom\">\n<div id=\"see-all-benefits\" class=\"p-s01__pdp-overview-wraper\">\n<div class=\"s01highlight s01-highlights-banner component-base\">\n<section class=\"p-s01-highlights\">\n<div class=\"p-row-gutter p-comp-spacing-bottom\">\n<h2 class=\"p-heading-02 p-heading-medium p-s01__highlights-title\">Kerge hingata, rahulik magada<\/h2>\n<h3 class=\"p-heading-03 p-heading-medium p-s01__highlights-subtitle\">Niisutage kuiva \u00f5hku nii p\u00e4eval kui ka \u00f6\u00f6sel<\/h3>\n<ul class=\"p-bullets p-large p-s01__bullets p-heading-medium\">\n<li class=\"p-s01__bullet\">Kuni 32 m\u00b2<\/li>\n<li class=\"p-s01__bullet\">P\u00e4rsib bakterite levikut 99%*<\/li>\n<li class=\"p-s01__bullet\">Unere\u017eiim, mis tagab vaikse t\u00f6\u00f6<\/li>\n<\/ul>\n<\/div>\n<\/section>\n<\/div>\n<\/div>\n<div class=\"productFeatures s12-product-features component-base\">\n<section class=\"p-complete p-s12-product-features\" data-close-popup-label=\"Tagasi\">\n<div class=\"p-row-gutter p-comp-spacing-bottom\">\n<div class=\"p-s12__feature-list\">\n<div class=\"p-s12__row\">\n<div class=\"p-s12__feature-item p-spacing-bottom-c\">\n<div class=\"p-s12__feature-image p-spacing-bottom-a\"><img decoding=\"async\" class=\"\" src=\"https:\/\/images.philips.com\/is\/image\/philipsconsumer\/2f4262374ed544a2925aad1601103e05?wid=305&amp;hei=173&amp;$jpglarge$\" alt=\"NanoCloudi aurustamistehnoloogia levitab 99% v\u00e4hem baktereid*\" \/><\/div>\n<div class=\"p-s12__feature-description p-spacing-bottom-a\">\n<h3 class=\"p-heading-04-large p-heading-bold p-feature-title\">NanoCloudi aurustamistehnoloogia levitab 99% v\u00e4hem baktereid*<\/h3>\n<p class=\"p-body-copy-02\">Kuna veeauru molekulid on nii v\u00e4ikesed, ei kanna nad \u00f5hku nii palju baktereid. Meie laboritestid kinnitavad, et NanoCloudi tehnoloogia levitab 99% v\u00e4hem baktereid kui ultrahelil t\u00f6\u00f6tavad niisutid*.<\/p>\n<\/div>\n<\/div>\n<div class=\"p-s12__feature-item p-spacing-bottom-c\">\n<div class=\"p-s12__feature-image p-spacing-bottom-a\"><img decoding=\"async\" class=\"\" src=\"https:\/\/images.philips.com\/is\/image\/philipsconsumer\/833dda99a029452c8c99ad160161eaf9?wid=305&amp;hei=173&amp;$jpglarge$\" alt=\"Nanosuuruses molekulid ei j\u00e4ta valget tolmu ega m\u00e4rgi laike\" \/><\/div>\n<div class=\"p-s12__feature-description p-spacing-bottom-a\">\n<h3 class=\"p-heading-04-large p-heading-bold p-feature-title\">Nanosuuruses molekulid ei j\u00e4ta valget tolmu ega m\u00e4rgi laike<\/h3>\n<p class=\"p-body-copy-02\">T\u00e4nu 360\u00b0 disainile levitab niisuti niisutatud \u00f5hku \u00fchtlasemalt, ennetades m\u00e4rgade laikude teket p\u00f5randatel ja teistel pindadel. NanoCloudi tehnoloogia v\u00e4hendab ka mineraalide sattumist \u00f5hku, mist\u00f5ttu ei kogune m\u00f6\u00f6blile valget tolmu.<\/p>\n<\/div>\n<\/div>\n<div class=\"p-s12__feature-item p-spacing-bottom-c\">\n<div class=\"p-s12__feature-image p-spacing-bottom-a\"><img decoding=\"async\" class=\"\" src=\"https:\/\/images.philips.com\/is\/image\/philipsconsumer\/4f0507fda09f4e5ab34cad1600a36c66?wid=305&amp;hei=173&amp;$jpglarge$\" alt=\"Kolm niisutusseadistust tagavad optimaalse niiskuse vahemikus 40\u201360%\" \/><\/div>\n<div class=\"p-s12__feature-description p-spacing-bottom-a\">\n<h3 class=\"p-heading-04-large p-heading-bold p-feature-title\">Kolm niisutusseadistust tagavad optimaalse niiskuse vahemikus 40\u201360%<\/h3>\n<p class=\"p-body-copy-02\">Niiskusseadistustega saate m\u00e4\u00e4rata sobiva \u00f5huniiskuse. Valige kas 40%, 50% v\u00f5i 60% ja nautige maksimaalset mugavust.<\/p>\n<\/div>\n<\/div>\n<\/div>\n<div class=\"p-s12__more-features p-s12__toggle-item\">\n<div class=\"p-s12__more-features--inner\">\n<div class=\"p-s12__row\">\n<div class=\"p-s12__feature-item p-spacing-bottom-c\">\n<div class=\"p-s12__feature-image p-spacing-bottom-a\"><img decoding=\"async\" class=\"\" src=\"https:\/\/images.philips.com\/is\/image\/philipsconsumer\/cf8d50cf967c46a2a94aad1600c5e9df?wid=305&amp;hei=173&amp;$jpglarge$\" alt=\"Stiilne disain ja suurus, mis sobib kuni 32\u00a0m\u00b2 toale\" \/><\/div>\n<div class=\"p-s12__feature-description p-spacing-bottom-a\">\n<h3 class=\"p-heading-04-large p-heading-bold p-feature-title\">Stiilne disain ja suurus, mis sobib kuni 32\u00a0m\u00b2 toale<\/h3>\n<p class=\"p-body-copy-02\">Philipsi niisutis kasutatakse kolme ventilaatori kiirust ja suurima seadistuse puhul aurutamisj\u00f5udlust 200\u00a0ml\/h. Sobib ideaalselt v\u00e4iksemate, st kuni 32\u00a0m\u00b2 tubade niisutamiseks.**<\/p>\n<\/div>\n<\/div>\n<div class=\"p-s12__feature-item p-spacing-bottom-c\">\n<div class=\"p-s12__feature-image p-spacing-bottom-a\"><img decoding=\"async\" class=\"\" src=\"https:\/\/images.philips.com\/is\/image\/philipsconsumer\/9e38b0ede7754bdb9044ad16015de32d?wid=305&amp;hei=173&amp;$jpglarge$\" alt=\"Reaalajas tagasiside niiskustaseme kohta\" \/><\/div>\n<div class=\"p-s12__feature-description p-spacing-bottom-a\">\n<h3 class=\"p-heading-04-large p-heading-bold p-feature-title\">Reaalajas tagasiside niiskustaseme kohta<\/h3>\n<p class=\"p-body-copy-02\">Digitaalsel ekraanil kuvatakse niiskuse kohta reaalajas tagasisidet. Lisaks n\u00e4idatakse veetaset, taimerit ja re\u017eiime.<\/p>\n<\/div>\n<\/div>\n<div class=\"p-s12__feature-item p-spacing-bottom-c\">\n<div class=\"p-s12__feature-image p-s12__feature-image--hide p-spacing-bottom-a\" aria-hidden=\"true\"><img decoding=\"async\" class=\"\" src=\"https:\/\/images.philips.com\/is\/image\/PhilipsConsumer\/IM130930_TRANSPARENT_IMAGE-DTO-global-001?wid=305&amp;hei=173&amp;$jpglarge$\" alt=\"\" \/><\/div>\n<div class=\"p-s12__feature-description p-spacing-bottom-a\">\n<h3 class=\"p-heading-04-large p-heading-bold p-feature-title\">Aitab hoida naha niiskust ja v\u00e4hendab s\u00fcgelust<\/h3>\n<p class=\"p-body-copy-02\">NanoCloudi tehnoloogia kasutab loomulikku ja h\u00fcgieenilist aurustamisprotsessi, mis tagab optimaalse j\u00f5udluse. Kuiv \u00f5hk t\u00f5mmatakse seadmesse, kus \u00f5hule lisatakse nanosuuruses veemolekulid. Seej\u00e4rel liigub niisutatud \u00f5hk ruumi tagasi. See aitab hoida teie naha niiskust ja v\u00e4hendab seel\u00e4bi naha s\u00fcgelust (eriti talvekuudel).<\/p>\n<\/div>\n<\/div>\n<\/div>\n<div class=\"p-s12__row\">\n<div class=\"p-s12__feature-item p-spacing-bottom-c\">\n<div class=\"p-s12__feature-description p-spacing-bottom-a\">\n<h3 class=\"p-heading-04-large p-heading-bold p-feature-title\">Tuvastab automaatselt \u00f5hu niiskustaset iga 3\u00a0sekundi tagant<\/h3>\n<p class=\"p-body-copy-02\">Digitaalne andur j\u00e4lgib \u00f5hu niiskust iga 3\u00a0sekundi tagant ja l\u00fclitab teie niisuti vajadusel sisse ja v\u00e4lja. Nii saate alati nautida sobiva niiskustasemega \u00f5hku.<\/p>\n<\/div>\n<\/div>\n<div class=\"p-s12__feature-item p-spacing-bottom-c\">\n<div class=\"p-s12__feature-description p-spacing-bottom-a\">\n<h3 class=\"p-heading-04-large p-heading-bold p-feature-title\">Unere\u017eiim: niisutab \u00f5hku vaikselt, ent t\u00f5husalt<\/h3>\n<p class=\"p-body-copy-02\">Spetsiaalne unere\u017eiim niisutab \u00f5hku minimaalse m\u00fcratasemega, tagades samal ajal t\u00f5husa t\u00f6\u00f6.<\/p>\n<\/div>\n<\/div>\n<\/div>\n<\/div>\n<\/div>\n<\/div>\n<\/div>\n<\/section>\n<\/div>\n<\/div>\n<\/section>\n<\/div>\n<\/div>","protected":false},"excerpt":{"rendered":"<p>\u00d5huniisuti NanoCloudi tehnoloogiaga. Soovitatav ruumi suurus 32 m\u00b2. Unere\u017eiim, mis tagab vaikse t\u00f6\u00f6. T\u00f6\u00f6aeg 9h. Veepaak 2L. Niisutusj\u00f5udlus 200 ml\/h. Automaatne v\u00e4ljal\u00fclitus<\/p>","protected":false},"featured_media":17121,"template":"","meta":{"om_disable_all_campaigns":false,"_uf_show_specific_survey":0,"_uf_disable_surveys":false},"product_brand":[1101],"product_cat":[1001],"product_tag":[606],"class_list":{"0":"post-10364","1":"product","2":"type-product","3":"status-publish","4":"has-post-thumbnail","6":"product_brand-philips-da","7":"product_cat-tehnika","8":"product_tag-philips-da","10":"first","11":"instock","12":"taxable","13":"shipping-taxable","14":"purchasable","15":"product-type-simple"},"aioseo_notices":[],"_links":{"self":[{"href":"https:\/\/homeemotion.lt\/lt\/wp-json\/wp\/v2\/product\/10364","targetHints":{"allow":["GET"]}}],"collection":[{"href":"https:\/\/homeemotion.lt\/lt\/wp-json\/wp\/v2\/product"}],"about":[{"href":"https:\/\/homeemotion.lt\/lt\/wp-json\/wp\/v2\/types\/product"}],"wp:featuredmedia":[{"embeddable":true,"href":"https:\/\/homeemotion.lt\/lt\/wp-json\/wp\/v2\/media\/17121"}],"wp:attachment":[{"href":"https:\/\/homeemotion.lt\/lt\/wp-json\/wp\/v2\/media?parent=10364"}],"wp:term":[{"taxonomy":"product_brand","embeddable":true,"href":"https:\/\/homeemotion.lt\/lt\/wp-json\/wp\/v2\/product_brand?post=10364"},{"taxonomy":"product_cat","embeddable":true,"href":"https:\/\/homeemotion.lt\/lt\/wp-json\/wp\/v2\/product_cat?post=10364"},{"taxonomy":"product_tag","embeddable":true,"href":"https:\/\/homeemotion.lt\/lt\/wp-json\/wp\/v2\/product_tag?post=10364"}],"curies":[{"name":"wp","href":"https:\/\/api.w.org\/{rel}","templated":true}]}}