{"id":10348,"date":"2021-11-02T16:00:22","date_gmt":"2021-11-02T13:00:22","guid":{"rendered":"https:\/\/homeemotion.lt\/?post_type=product&#038;p=10348"},"modified":"2026-04-17T17:36:37","modified_gmt":"2026-04-17T14:36:37","slug":"roivaste-auruti-philips","status":"publish","type":"product","link":"https:\/\/homeemotion.lt\/lt\/toode\/roivaste-auruti-philips\/","title":{"rendered":"Drabu\u017ei\u0173 garintuvas \"Philips\" 1000W"},"content":{"rendered":"<p>Meie k\u00e4eshoitav 3000 seeria auruti on kerge, kompaktne ja kokkupandav, tagades lihtsa kasutamise ja hoiustamise. Nii saate nautida v\u00e4rsket riietust igal pool ja igal ajal. See on ideaalne kaaslane nii kodus kui ka liikvel olles.<\/p>\n<div id=\"see-all-benefits\" class=\"p-s01__pdp-overview-wraper\">\n<div class=\"s01highlight s01-highlights-banner component-base\">\n<section class=\"p-s01-highlights\">\n<div class=\"p-row-gutter p-comp-spacing-bottom\">\n<div id=\"see-all-benefits\" class=\"p-s01__pdp-overview-wraper\">\n<div class=\"s01highlight s01-highlights-banner component-base\">\n<section class=\"p-s01-highlights\">\n<div class=\"p-row-gutter p-comp-spacing-bottom\">\n<h2 class=\"p-heading-02 p-heading-medium p-s01__highlights-title\">Kompaktne kokkupandav lahendus<\/h2>\n<h3 class=\"p-heading-03 p-heading-medium p-s01__highlights-subtitle\">Lihtne kasutada nii kodus kui ka liikvel olles<\/h3>\n<ul class=\"p-bullets p-large p-s01__bullets p-heading-medium\">\n<li class=\"p-s01__bullet\">Kompaktne ja kokkupandav<\/li>\n<li class=\"p-s01__bullet\">Kasutusvalmis umbes 30 sekundiga<\/li>\n<li class=\"p-s01__bullet\">1000 W, kuni 20 g\/min<\/li>\n<li class=\"p-s01__bullet\">Triikimislauda pole vaja<\/li>\n<\/ul>\n<\/div>\n<\/section>\n<\/div>\n<\/div>\n<div class=\"productFeatures s12-product-features component-base\">\n<section class=\"p-complete p-s12-product-features\" data-close-popup-label=\"Tagasi\">\n<div class=\"p-row-gutter p-comp-spacing-bottom\">\n<div class=\"p-s12__feature-list\">\n<div class=\"p-s12__row\">\n<div class=\"p-s12__feature-item p-spacing-bottom-c\">\n<div class=\"p-s12__feature-image p-spacing-bottom-a\"><img decoding=\"async\" class=\"\" src=\"https:\/\/images.philips.com\/is\/image\/philipsconsumer\/bcc81cc2e0394da8ade0ad1f012211b1?wid=305&amp;hei=173&amp;$jpglarge$\" alt=\"Kompaktne ja kokkupandav auruti, lihtne kasutada ja hoida\" \/><\/div>\n<div class=\"p-s12__feature-description p-spacing-bottom-a\">\n<h3 class=\"p-heading-04-large p-heading-bold p-feature-title\">Kompaktne ja kokkupandav auruti, lihtne kasutada ja hoida<\/h3>\n<p class=\"p-body-copy-02\">Meie k\u00e4eshoitav 3000 seeria auruti on kerge, kompaktne ja kokkupandav, tagades lihtsa kasutamise ja hoiustamise. Nii saate nautida v\u00e4rsket riietust igal pool ja igal ajal. See on ideaalne kaaslane nii kodus kui ka liikvel olles.<\/p>\n<\/div>\n<\/div>\n<div class=\"p-s12__feature-item p-spacing-bottom-c\">\n<div class=\"p-s12__feature-image p-spacing-bottom-a\"><img decoding=\"async\" class=\"\" src=\"https:\/\/images.philips.com\/is\/image\/philipsconsumer\/bd63a535574b4fdb8565ad160154fa83?wid=305&amp;hei=173&amp;$jpglarge$\" alt=\"Kasutusvalmis k\u00f5igest 30 sekundiga\" \/><\/div>\n<div class=\"p-s12__feature-description p-spacing-bottom-a\">\n<h3 class=\"p-heading-04-large p-heading-bold p-feature-title\">Kasutusvalmis k\u00f5igest 30 sekundiga<\/h3>\n<p class=\"p-body-copy-02\">Valmis aurutamist alustama k\u00f5igest 30 sekundiga. M\u00e4rgutuli n\u00e4itab, millal v\u00f5ite alustada, nii et saate t\u00f6\u00f6ga k\u00e4rmelt \u00fchele poole. Ei ootamist ega vaeva.<\/p>\n<\/div>\n<\/div>\n<div class=\"p-s12__feature-item p-spacing-bottom-c\">\n<div class=\"p-s12__feature-image p-spacing-bottom-a\"><img decoding=\"async\" class=\"\" src=\"https:\/\/images.philips.com\/is\/image\/philipsconsumer\/7c00e622426e4fd59fc7ad1e0078e18a?wid=305&amp;hei=173&amp;$jpglarge$\" alt=\"1000\u00a0W ja pidev auruvoog kuni 20 g\/min\" \/><\/div>\n<div class=\"p-s12__feature-description p-spacing-bottom-a\">\n<h3 class=\"p-heading-04-large p-heading-bold p-feature-title\">1000\u00a0W ja pidev auruvoog kuni 20 g\/min<\/h3>\n<p class=\"p-body-copy-02\">T\u00e4nu oma 1000\u00a0W v\u00f5imsusele annab meie k\u00e4eshoitav auruti pideva auruvoo kuni 20 g\/min. Nii on aurutamine kiire ja mugav.<\/p>\n<\/div>\n<\/div>\n<\/div>\n<div class=\"p-s12__more-features p-s12__toggle-item\">\n<div class=\"p-s12__more-features--inner\">\n<div class=\"p-s12__row\">\n<div class=\"p-s12__feature-item p-spacing-bottom-c\">\n<div class=\"p-s12__feature-image p-spacing-bottom-a\"><img decoding=\"async\" class=\"\" src=\"https:\/\/images.philips.com\/is\/image\/philipsconsumer\/544907df98a64211aa1ead160161b652?wid=305&amp;hei=173&amp;$jpglarge$\" alt=\"Triikimislauda ei ole vaja. S\u00e4\u00e4stab aega ja vaeva.\" \/><\/div>\n<div class=\"p-s12__feature-description p-spacing-bottom-a\">\n<h3 class=\"p-heading-04-large p-heading-bold p-feature-title\">Triikimislauda ei ole vaja. S\u00e4\u00e4stab aega ja vaeva.<\/h3>\n<p class=\"p-body-copy-02\">Vaevata aurutamine. Hoiab aega kokku, kui kiirustate, triikimislauda pole vaja \u00fcles panna.<\/p>\n<\/div>\n<\/div>\n<div class=\"p-s12__feature-item p-spacing-bottom-c\">\n<div class=\"p-s12__feature-image p-spacing-bottom-a\"><img decoding=\"async\" class=\"\" src=\"https:\/\/images.philips.com\/is\/image\/philipsconsumer\/ffa7c4ac71f747c19127ad16015c103d?wid=305&amp;hei=173&amp;$jpglarge$\" alt=\"\u00c4rav\u00f5etav 100\u00a0ml veepaak h\u00f5lpsaks veega t\u00e4itmiseks\" \/><\/div>\n<div class=\"p-s12__feature-description p-spacing-bottom-a\">\n<h3 class=\"p-heading-04-large p-heading-bold p-feature-title\">\u00c4rav\u00f5etav 100\u00a0ml veepaak h\u00f5lpsaks veega t\u00e4itmiseks<\/h3>\n<p class=\"p-body-copy-02\">Seeria 3000 k\u00e4eshoitaval aurutil on \u00e4rav\u00f5etav 100\u00a0ml veepaak, mis v\u00f5imaldab l\u00e4bi aurutada terve r\u00f5ivakomplekti, ilma et paaki oleks vaja vahepeal t\u00e4ita. Veepaagi saab kergesti aurutist eraldada ja valamu kohal t\u00e4ita.<\/p>\n<\/div>\n<\/div>\n<div class=\"p-s12__feature-item p-spacing-bottom-c\">\n<div class=\"p-s12__feature-image p-spacing-bottom-a\"><img decoding=\"async\" class=\"\" src=\"https:\/\/images.philips.com\/is\/image\/philipsconsumer\/2d7c78c1de8e40a9af32ad1600a40449?wid=305&amp;hei=173&amp;$jpglarge$\" alt=\"Aur h\u00e4vitab kuni 99,9% bakteritest*\" \/><\/div>\n<div class=\"p-s12__feature-description p-spacing-bottom-a\">\n<h3 class=\"p-heading-04-large p-heading-bold p-feature-title\">Aur h\u00e4vitab kuni 99,9% bakteritest*<\/h3>\n<p class=\"p-body-copy-02\">Viimased kuud on pannud meid otsima tervislikumaid ja h\u00fcgieenilisemaid lahendusi. Meie k\u00e4eshoitav r\u00f5ivaauruti h\u00e4vitab kuni 99,9% bakteritest*. Saate aurutada isegi oma kardinaid ja voodilinu.<\/p>\n<\/div>\n<\/div>\n<\/div>\n<div class=\"p-s12__row\">\n<div class=\"p-s12__feature-item p-spacing-bottom-c\">\n<div class=\"p-s12__feature-image p-spacing-bottom-a\"><img decoding=\"async\" class=\"\" src=\"https:\/\/images.philips.com\/is\/image\/philipsconsumer\/c7b854559c4a4571a2d1ad16015a81c5?wid=305&amp;hei=173&amp;$jpglarge$\" alt=\"R\u00f5ivaste v\u00e4rskendamine, l\u00f5hnade k\u00f5rvaldamine, v\u00e4hem pesemist\" \/><\/div>\n<div class=\"p-s12__feature-description p-spacing-bottom-a\">\n<h3 class=\"p-heading-04-large p-heading-bold p-feature-title\">R\u00f5ivaste v\u00e4rskendamine, l\u00f5hnade k\u00f5rvaldamine, v\u00e4hem pesemist<\/h3>\n<p class=\"p-body-copy-02\">Meie seeria 3000 k\u00e4eshoitava r\u00f5ivaauruti kuum aur v\u00e4rskendab teie \u00f5rnad r\u00f5ivad hetkega, k\u00f5rvaldades l\u00f5hnad. V\u00e4hem pesu ja v\u00e4hem triikimist\u00a0\u2013 s\u00e4\u00e4state energiat ja pikendate oma r\u00f5ivaste kasutusiga.<\/p>\n<\/div>\n<\/div>\n<div class=\"p-s12__feature-item p-spacing-bottom-c\">\n<div class=\"p-s12__feature-image p-spacing-bottom-a\"><img decoding=\"async\" class=\"\" src=\"https:\/\/images.philips.com\/is\/image\/philipsconsumer\/63472194e1b04e3ab1f2ad1600abac80?wid=305&amp;hei=173&amp;$jpglarge$\" alt=\"Ohutu k\u00f5ikidele triigitavatele kangastele, p\u00f5letusj\u00e4lgede tekkimine on v\u00e4listatud.\" \/><\/div>\n<div class=\"p-s12__feature-description p-spacing-bottom-a\">\n<h3 class=\"p-heading-04-large p-heading-bold p-feature-title\">Ohutu k\u00f5ikidele triigitavatele kangastele, p\u00f5letusj\u00e4lgede tekkimine on v\u00e4listatud.<\/h3>\n<p class=\"p-body-copy-02\">Aurutit on lihtne kasutada k\u00f5igi triigitavate kangaste ja riideesemete puhul. Meie auruplaadi v\u00f5ib ohutult mis tahes riideeseme vastu asetada, muretsemata p\u00f5letusj\u00e4lgede tekkimise p\u00e4rast\u00a0\u2013 suurep\u00e4rane lahendus \u00f5rna kanga, nt siidi jaoks.<\/p>\n<\/div>\n<\/div>\n<div class=\"p-s12__feature-item p-spacing-bottom-c\">\n<div class=\"p-s12__feature-image p-spacing-bottom-a\"><img decoding=\"async\" class=\"\" src=\"https:\/\/images.philips.com\/is\/image\/philipsconsumer\/934d05c4f26548d3a1e1ad1601628fcc?wid=305&amp;hei=173&amp;$jpglarge$\" alt=\"Kaasas kott lihtsaks hoiustamiseks\" \/><\/div>\n<div class=\"p-s12__feature-description p-spacing-bottom-a\">\n<h3 class=\"p-heading-04-large p-heading-bold p-feature-title\">Kaasas kott lihtsaks hoiustamiseks<\/h3>\n<p class=\"p-body-copy-02\">Philipsi seeria 3000 k\u00e4eshoitava aurutiga on kaasas kott, mida on mugav kasutada reisil v\u00f5i lihtsalt kodus seadme hoiustamiseks.<\/p>\n<\/div>\n<\/div>\n<\/div>\n<\/div>\n<\/div>\n<\/div>\n<\/div>\n<\/section>\n<\/div>\n<\/div>\n<\/section>\n<\/div>\n<\/div>","protected":false},"excerpt":{"rendered":"<p>Terviklik lahendus kortsude lihtsaks eemaldamiseks, v\u00e4rv roheline. . Vertikaalne aur, ohutu \u00f5rnale kangale. . Auruvoog 20 g\/min, eemaldatav veepaak 100 ml. . Kokkupandav k\u00e4epide. . L\u00fchike kuumenemisaeg 30 sek. . Komplektis hoiusatmiskott. . Juhtme pikkus 2 m<\/p>\n<p>Galia 1000 W<\/p>","protected":false},"featured_media":17207,"template":"","meta":{"om_disable_all_campaigns":false,"_uf_show_specific_survey":0,"_uf_disable_surveys":false},"product_brand":[1101],"product_cat":[1001],"product_tag":[606],"class_list":{"0":"post-10348","1":"product","2":"type-product","3":"status-publish","4":"has-post-thumbnail","6":"product_brand-philips-da","7":"product_cat-tehnika","8":"product_tag-philips-da","10":"first","11":"instock","12":"taxable","13":"shipping-taxable","14":"purchasable","15":"product-type-simple"},"aioseo_notices":[],"_links":{"self":[{"href":"https:\/\/homeemotion.lt\/lt\/wp-json\/wp\/v2\/product\/10348","targetHints":{"allow":["GET"]}}],"collection":[{"href":"https:\/\/homeemotion.lt\/lt\/wp-json\/wp\/v2\/product"}],"about":[{"href":"https:\/\/homeemotion.lt\/lt\/wp-json\/wp\/v2\/types\/product"}],"wp:featuredmedia":[{"embeddable":true,"href":"https:\/\/homeemotion.lt\/lt\/wp-json\/wp\/v2\/media\/17207"}],"wp:attachment":[{"href":"https:\/\/homeemotion.lt\/lt\/wp-json\/wp\/v2\/media?parent=10348"}],"wp:term":[{"taxonomy":"product_brand","embeddable":true,"href":"https:\/\/homeemotion.lt\/lt\/wp-json\/wp\/v2\/product_brand?post=10348"},{"taxonomy":"product_cat","embeddable":true,"href":"https:\/\/homeemotion.lt\/lt\/wp-json\/wp\/v2\/product_cat?post=10348"},{"taxonomy":"product_tag","embeddable":true,"href":"https:\/\/homeemotion.lt\/lt\/wp-json\/wp\/v2\/product_tag?post=10348"}],"curies":[{"name":"wp","href":"https:\/\/api.w.org\/{rel}","templated":true}]}}