{"id":10343,"date":"2021-11-02T15:47:31","date_gmt":"2021-11-02T12:47:31","guid":{"rendered":"https:\/\/homeemotion.lt\/?post_type=product&#038;p=10343"},"modified":"2026-04-17T20:36:34","modified_gmt":"2026-04-17T17:36:34","slug":"tolmukotita-tolmuimeja-philips","status":"publish","type":"product","link":"https:\/\/homeemotion.lt\/lt\/toode\/tolmukotita-tolmuimeja-philips\/","title":{"rendered":"Dulki\u0173 siurblys su mai\u0161eliu Philips"},"content":{"rendered":"<p>Philipsi 2000 seeria tolmukotita tolmuimeja pakub v\u00f5imast puhastust ja lihtsat hooldust. Nautige iga kord suurep\u00e4raseid puhastustulemusi\u00a0\u2013 seda t\u00e4nu PoweCyclone 4 tehnoloogiale ja mitmeotstarbelisele otsakule, mis sobib mis tahes p\u00f5randat\u00fc\u00fcbile.<\/p>\n<div class=\"p-tc11-accordion-wrapper\">\n<div class=\"p-layout-row\">\n<div class=\"p-layout-inner\">\n<div class=\"p-tc11-item-toggle\">\n<div id=\"see-all-benefits\" class=\"p-s01__pdp-overview-wraper\">\n<div class=\"s01highlight s01-highlights-banner component-base\">\n<section class=\"p-s01-highlights\">\n<div class=\"p-row-gutter p-comp-spacing-bottom\">\n<h2 class=\"p-heading-02 p-heading-medium p-s01__highlights-title\">Suur imemisj\u00f5udlus ja v\u00f5imas mootor<\/h2>\n<h3 class=\"p-heading-03 p-heading-medium p-s01__highlights-subtitle\">Vastupidav ja usaldusv\u00e4\u00e4rne disain<\/h3>\n<ul class=\"p-bullets p-large p-s01__bullets p-heading-medium\">\n<li class=\"p-s01__bullet\">850 W<\/li>\n<li class=\"p-s01__bullet\">PowerCyclone 4<\/li>\n<li class=\"p-s01__bullet\">Filter Super Clean Air<\/li>\n<\/ul>\n<\/div>\n<\/section>\n<\/div>\n<\/div>\n<div class=\"productFeatures s12-product-features component-base\">\n<section class=\"p-complete p-s12-product-features\" data-close-popup-label=\"Tagasi\">\n<div class=\"p-row-gutter p-comp-spacing-bottom\">\n<div class=\"p-s12__feature-list\">\n<div class=\"p-s12__row\">\n<div class=\"p-s12__feature-item p-spacing-bottom-c\">\n<div class=\"p-s12__feature-image p-spacing-bottom-a\"><img decoding=\"async\" class=\"\" src=\"https:\/\/images.philips.com\/is\/image\/philipsconsumer\/fc0422a086c34b67a4daad1e0086ab77?wid=305&amp;hei=173&amp;$jpglarge$\" alt=\"850\u00a0W mootor suure imemisv\u00f5imsuse jaoks\" \/><\/div>\n<div class=\"p-s12__feature-description p-spacing-bottom-a\">\n<h3 class=\"p-heading-04-large p-heading-bold p-feature-title\">850\u00a0W mootor suure imemisv\u00f5imsuse jaoks<\/h3>\n<p class=\"p-body-copy-02\">\u201eDidelio na\u0161umo 900 W variklis u\u017etikrina didel\u0119 siurbimo gali\u0105 ir tokiu b\u016bdu \u2013 kruop\u0161t\u0173 valym\u0105.\u201c.<\/p>\n<\/div>\n<\/div>\n<div class=\"p-s12__feature-item p-spacing-bottom-c\">\n<div class=\"p-s12__feature-image p-spacing-bottom-a\"><img decoding=\"async\" class=\"\" src=\"https:\/\/images.philips.com\/is\/image\/philipsconsumer\/808e7afd777840da8dffad16011607e6?wid=305&amp;hei=173&amp;$jpglarge$\" alt=\"99,9% tolmu eemaldamine* suurep\u00e4raseks s\u00fcgavpuhastamiseks\" \/><\/div>\n<div class=\"p-s12__feature-description p-spacing-bottom-a\">\n<h3 class=\"p-heading-04-large p-heading-bold p-feature-title\">99,9% tolmu eemaldamine* suurep\u00e4raseks s\u00fcgavpuhastamiseks<\/h3>\n<p class=\"p-body-copy-02\">Mitmeotstarbeline otsak ja suur imemisv\u00f5imsus tagavad 99,9% peene tolmu eemaldamise*.<\/p>\n<\/div>\n<\/div>\n<div class=\"p-s12__feature-item p-spacing-bottom-c\">\n<div class=\"p-s12__feature-image p-spacing-bottom-a\"><img decoding=\"async\" class=\"\" src=\"https:\/\/images.philips.com\/is\/image\/philipsconsumer\/7612d63a53dc439c9c30ad25010170e1?wid=305&amp;hei=173&amp;$jpglarge$\" alt=\"PowerCyclone 4 tagab kauem kestva suure j\u00f5udluse\" \/><\/div>\n<div class=\"p-s12__feature-description p-spacing-bottom-a\">\n<h3 class=\"p-heading-04-large p-heading-bold p-feature-title\">PowerCyclone 4 tagab kauem kestva suure j\u00f5udluse<\/h3>\n<p class=\"p-body-copy-02\">PowerCyclone 4 tehnoloogia kiirendab silindrilise kambri \u00f5huvoolu, et eraldada tolmu \u00f5hust ning hoida suuremat v\u00f5imsust kauem.<\/p>\n<\/div>\n<\/div>\n<\/div>\n<div class=\"p-s12__more-features p-s12__toggle-item\">\n<div class=\"p-s12__more-features--inner\">\n<div class=\"p-s12__row\">\n<div class=\"p-s12__feature-item p-spacing-bottom-c\">\n<div class=\"p-s12__feature-image p-spacing-bottom-a\"><img decoding=\"async\" class=\"\" src=\"https:\/\/images.philips.com\/is\/image\/philipsconsumer\/7bf9d417088f4f9fabbead1e007b12c3?wid=305&amp;hei=173&amp;$jpglarge$\" alt=\"Mitmeotstarbeline otsak p\u00f5hjalikuks puhastamiseks\" \/><\/div>\n<div class=\"p-s12__feature-description p-spacing-bottom-a\">\n<h3 class=\"p-heading-04-large p-heading-bold p-feature-title\">Mitmeotstarbeline otsak p\u00f5hjalikuks puhastamiseks<\/h3>\n<p class=\"p-body-copy-02\">Mitmeotstarbelist otsakut saab jalapedaali abil h\u00f5lpsalt reguleerida, et seda saaks k\u00f5va p\u00f5randa v\u00f5i vaiba jaoks optimaalselt kasutada.<\/p>\n<\/div>\n<\/div>\n<div class=\"p-s12__feature-item p-spacing-bottom-c\">\n<div class=\"p-s12__feature-image p-spacing-bottom-a\"><img decoding=\"async\" class=\"\" src=\"https:\/\/images.philips.com\/is\/image\/philipsconsumer\/e55215c3f7bf4b5fb22dad1600f97966?wid=305&amp;hei=173&amp;$jpglarge$\" alt=\"Dulki\u0173 komora, leid\u017eianti higieni\u0161kai i\u0161tu\u0161tinti viena ranka\" \/><\/div>\n<div class=\"p-s12__feature-description p-spacing-bottom-a\">\n<h3 class=\"p-heading-04-large p-heading-bold p-feature-title\">Dulki\u0173 komora, leid\u017eianti higieni\u0161kai i\u0161tu\u0161tinti viena ranka<\/h3>\n<p class=\"p-body-copy-02\">Lengvai i\u0161tu\u0161tinamas dulki\u0173 konteineris leid\u017eia higieni\u0161kai i\u0161tu\u0161tinti vienu rankos judesiu ir padeda i\u0161vengti dulki\u0173 debes\u0117lio susidarymo.<\/p>\n<\/div>\n<\/div>\n<div class=\"p-s12__feature-item p-spacing-bottom-c\">\n<div class=\"p-s12__feature-image p-spacing-bottom-a\"><img decoding=\"async\" class=\"\" src=\"https:\/\/images.philips.com\/is\/image\/philipsconsumer\/ddad77a06932427995fdad160091df39?wid=305&amp;hei=173&amp;$jpglarge$\" alt=\"Kompakti\u0161kas ir lengvas dizainas, u\u017etikrinantis lengv\u0105 transportavim\u0105\" \/><\/div>\n<div class=\"p-s12__feature-description p-spacing-bottom-a\">\n<h3 class=\"p-heading-04-large p-heading-bold p-feature-title\">Kompakti\u0161kas ir lengvas dizainas, u\u017etikrinantis lengv\u0105 transportavim\u0105<\/h3>\n<p class=\"p-body-copy-02\">Kompakti\u0161kas ir lengvas dizainas u\u017etikrina, kad dulki\u0173 siurbl\u012f b\u016bt\u0173 lengva laikyti ir transportuoti.<\/p>\n<\/div>\n<\/div>\n<\/div>\n<div class=\"p-s12__row\">\n<div class=\"p-s12__feature-item p-spacing-bottom-c\">\n<div class=\"p-s12__feature-image p-spacing-bottom-a\"><img decoding=\"async\" class=\"\" src=\"https:\/\/images.philips.com\/is\/image\/philipsconsumer\/6a8642a7a59043ce885ead160091e620?wid=305&amp;hei=173&amp;$jpglarge$\" alt=\"Pikk 9-meetrine kasutusulatus ilma pistikut vooluv\u00f5rgust eemaldamata\" \/><\/div>\n<div class=\"p-s12__feature-description p-spacing-bottom-a\">\n<h3 class=\"p-heading-04-large p-heading-bold p-feature-title\">Pikk 9-meetrine kasutusulatus ilma pistikut vooluv\u00f5rgust eemaldamata<\/h3>\n<p class=\"p-body-copy-02\">9-meetrine ulatus pistikust otsakuni v\u00f5imaldab pikemat kasutamist ilma pistikupesast lahti \u00fchendamata.<\/p>\n<\/div>\n<\/div>\n<div class=\"p-s12__feature-item p-spacing-bottom-c\">\n<div class=\"p-s12__feature-image p-spacing-bottom-a\"><img decoding=\"async\" class=\"\" src=\"https:\/\/images.philips.com\/is\/image\/philipsconsumer\/841ae8fab3654e38bddfad1600f82231?wid=305&amp;hei=173&amp;$jpglarge$\" alt=\"Integreeritud tarvik: mugavalt paigutatud, alati k\u00e4ep\u00e4rast\" \/><\/div>\n<div class=\"p-s12__feature-description p-spacing-bottom-a\">\n<h3 class=\"p-heading-04-large p-heading-bold p-feature-title\">Integreeritud tarvik: mugavalt paigutatud, alati k\u00e4ep\u00e4rast<\/h3>\n<p class=\"p-body-copy-02\">Piluotsak on integreeritud vaakumiga, nii et see on h\u00f5lpsasti k\u00e4ttesaadav kasutamaks alati, kui vaja.<\/p>\n<\/div>\n<\/div>\n<div class=\"p-s12__feature-item p-spacing-bottom-c\">\n<div class=\"p-s12__feature-image p-s12__feature-image--hide p-spacing-bottom-a\" aria-hidden=\"true\"><img decoding=\"async\" class=\"\" src=\"https:\/\/images.philips.com\/is\/image\/PhilipsConsumer\/IM130930_TRANSPARENT_IMAGE-DTO-global-001?wid=305&amp;hei=173&amp;$jpglarge$\" alt=\"\" \/><\/div>\n<div class=\"p-s12__feature-description p-spacing-bottom-a\">\n<h3 class=\"p-heading-04-large p-heading-bold p-feature-title\">\u00d5hufilter Super Clean Air p\u00fc\u00fcab kinni &gt;99%** osakestest<\/h3>\n<p class=\"p-body-copy-02\">\u00d5hufilter Super Clean Air p\u00fc\u00fcab kinni &gt;99%** v\u00e4ikestest tolmuosakestest, lastes teie koju puhtama \u00f5hu.<\/p>\n<\/div>\n<\/div>\n<\/div>\n<div class=\"p-s12__row\">\n<div class=\"p-s12__feature-item p-spacing-bottom-c\">\n<div class=\"p-s12__feature-description p-spacing-bottom-a\">\n<h3 class=\"p-heading-04-large p-heading-bold p-feature-title\">Hollandis v\u00e4lja t\u00f6\u00f6tatud ja disainitud<\/h3>\n<p class=\"p-body-copy-02\">Hollandis disainitud ja v\u00e4lja t\u00f6\u00f6tatud, tasuta kaheaastane garantii. Registreerige oma tolmuimeja veebi kaudu meie juures.<\/p>\n<\/div>\n<\/div>\n<div class=\"p-s12__feature-item\" aria-hidden=\"true\"><\/div>\n<div class=\"p-s12__feature-item\" aria-hidden=\"true\"><\/div>\n<\/div>\n<\/div>\n<\/div>\n<\/div>\n<\/div>\n<\/section>\n<\/div>\n<\/div>\n<\/div>\n<\/div>\n<\/div>\n<div class=\"p-tc11__trigger-buttons p-spacing-bottom-c\">\n<div class=\"p-layout-row p-row-gutter\"><\/div>\n<\/div>","protected":false},"excerpt":{"rendered":"<p>PowerPro Compact Tolmukotita tolmuimeja. . Tegevusraadius 9 m. Allergiavastane filter. Tolmumaht 1,5 L. Multifunktsionaalne otsak<\/p>\n<p>V\u00f5imsus 850 W<\/p>","protected":false},"featured_media":17215,"template":"","meta":{"om_disable_all_campaigns":false,"_uf_show_specific_survey":0,"_uf_disable_surveys":false},"product_brand":[1101],"product_cat":[1001],"product_tag":[606],"class_list":{"0":"post-10343","1":"product","2":"type-product","3":"status-publish","4":"has-post-thumbnail","6":"product_brand-philips-da","7":"product_cat-tehnika","8":"product_tag-philips-da","10":"first","11":"instock","12":"taxable","13":"shipping-taxable","14":"purchasable","15":"product-type-simple"},"aioseo_notices":[],"_links":{"self":[{"href":"https:\/\/homeemotion.lt\/lt\/wp-json\/wp\/v2\/product\/10343","targetHints":{"allow":["GET"]}}],"collection":[{"href":"https:\/\/homeemotion.lt\/lt\/wp-json\/wp\/v2\/product"}],"about":[{"href":"https:\/\/homeemotion.lt\/lt\/wp-json\/wp\/v2\/types\/product"}],"wp:featuredmedia":[{"embeddable":true,"href":"https:\/\/homeemotion.lt\/lt\/wp-json\/wp\/v2\/media\/17215"}],"wp:attachment":[{"href":"https:\/\/homeemotion.lt\/lt\/wp-json\/wp\/v2\/media?parent=10343"}],"wp:term":[{"taxonomy":"product_brand","embeddable":true,"href":"https:\/\/homeemotion.lt\/lt\/wp-json\/wp\/v2\/product_brand?post=10343"},{"taxonomy":"product_cat","embeddable":true,"href":"https:\/\/homeemotion.lt\/lt\/wp-json\/wp\/v2\/product_cat?post=10343"},{"taxonomy":"product_tag","embeddable":true,"href":"https:\/\/homeemotion.lt\/lt\/wp-json\/wp\/v2\/product_tag?post=10343"}],"curies":[{"name":"wp","href":"https:\/\/api.w.org\/{rel}","templated":true}]}}