{"id":10198,"date":"2021-10-11T12:41:06","date_gmt":"2021-10-11T09:41:06","guid":{"rendered":"https:\/\/homeemotion.lt\/?post_type=product&#038;p=10198"},"modified":"2026-04-19T20:36:53","modified_gmt":"2026-04-19T17:36:53","slug":"kuumaohu-frituur-domo-10l","status":"publish","type":"product","link":"https:\/\/homeemotion.lt\/lt\/toode\/kuumaohu-frituur-domo-10l\/","title":{"rendered":"Kar\u0161to oro keptuv\u0117 Domo 10L"},"content":{"rendered":"<p><iframe loading=\"lazy\" title=\"Deli-fryer oven (DO534FR) product video\" width=\"980\" height=\"551\" src=\"https:\/\/www.youtube.com\/embed\/cij5oi2FPk4?feature=oembed\" frameborder=\"0\" allow=\"accelerometer; autoplay; clipboard-write; encrypted-media; gyroscope; picture-in-picture\" allowfullscreen><\/iframe><\/p>","protected":false},"excerpt":{"rendered":"<p>Multifunktsionaalne seade: kuuma\u00f5huga frit\u00fc\u00fcr, ahi, p\u00f6\u00f6rlemis funktsioon, toidukuivati. Mahutavus: 10L. Reguleeritav temperatuur vahemikus 65 \u00b0 C kuni 200 \u00b0 C. Taimer kuni 60 minutit. 8 automaatprogrammi. Kaasas: korv k\u00e4epidemega, roostevabast terasest restid (3tk), k\u00fcpsetusplaadid (2tk). LED-ekraan. Sisemine valgus. Korpus plastikust, klaasiga. \u00dclekuumenemiskaitse<\/p>","protected":false},"featured_media":16931,"template":"","meta":{"om_disable_all_campaigns":false,"_uf_show_specific_survey":0,"_uf_disable_surveys":false},"product_brand":[933],"product_cat":[955],"product_tag":[116],"class_list":{"0":"post-10198","1":"product","2":"type-product","3":"status-publish","4":"has-post-thumbnail","6":"product_brand-domo","7":"product_cat-kodu","8":"product_tag-domo","10":"first","11":"instock","12":"taxable","13":"shipping-taxable","14":"purchasable","15":"product-type-simple"},"aioseo_notices":[],"_links":{"self":[{"href":"https:\/\/homeemotion.lt\/lt\/wp-json\/wp\/v2\/product\/10198","targetHints":{"allow":["GET"]}}],"collection":[{"href":"https:\/\/homeemotion.lt\/lt\/wp-json\/wp\/v2\/product"}],"about":[{"href":"https:\/\/homeemotion.lt\/lt\/wp-json\/wp\/v2\/types\/product"}],"wp:featuredmedia":[{"embeddable":true,"href":"https:\/\/homeemotion.lt\/lt\/wp-json\/wp\/v2\/media\/16931"}],"wp:attachment":[{"href":"https:\/\/homeemotion.lt\/lt\/wp-json\/wp\/v2\/media?parent=10198"}],"wp:term":[{"taxonomy":"product_brand","embeddable":true,"href":"https:\/\/homeemotion.lt\/lt\/wp-json\/wp\/v2\/product_brand?post=10198"},{"taxonomy":"product_cat","embeddable":true,"href":"https:\/\/homeemotion.lt\/lt\/wp-json\/wp\/v2\/product_cat?post=10198"},{"taxonomy":"product_tag","embeddable":true,"href":"https:\/\/homeemotion.lt\/lt\/wp-json\/wp\/v2\/product_tag?post=10198"}],"curies":[{"name":"wp","href":"https:\/\/api.w.org\/{rel}","templated":true}]}}