{"id":10127,"date":"2021-10-11T12:32:15","date_gmt":"2021-10-11T09:32:15","guid":{"rendered":"https:\/\/homeemotion.lt\/?post_type=product&#038;p=10127"},"modified":"2026-04-17T20:36:25","modified_gmt":"2026-04-17T17:36:25","slug":"porandapuhastaja-domo","status":"publish","type":"product","link":"https:\/\/homeemotion.lt\/lt\/toode\/porandapuhastaja-domo\/","title":{"rendered":"Grind\u0173 valiklis \"Domo"},"content":{"rendered":"<p><iframe loading=\"lazy\" title=\"Floor cleaner PRO WET CLEANING (DO235SW)\" width=\"980\" height=\"551\" src=\"https:\/\/www.youtube.com\/embed\/50fntHpepC0?feature=oembed\" frameborder=\"0\" allow=\"accelerometer; autoplay; clipboard-write; encrypted-media; gyroscope; picture-in-picture\" allowfullscreen><\/iframe><\/p>","protected":false},"excerpt":{"rendered":"<p>Juhtmevaba p\u00f5randapuhastamine. Aku v\u00f5imsus 14,4 V. Laadimisaeg: 4-5 tundi, kasutusaeg: ca 30 min. Sobilik igat t\u00fc\u00fcpi k\u00f5vade p\u00f5randapindade jaoks. Kuivab kiiresti, sobib nii parkett kui ka laminaat p\u00f5randale. Kasutab 90% v\u00e4hem vett v\u00f5rreldes traditsiooniliste puhastusmeetoditega. Puhta vee paak: 350 ml. Musta vee paak: 180 ml. Must ja m\u00e4\u00e4rdunud vesi l\u00e4heb otse musta vee paaki, nii et puhastate alati puhta veega. Isepuhastuv funktsioon. Lihtne ja mugav kasutada, nii et isegi raskesti ligip\u00e4\u00e4setavad kohad ei tekita probleeme. Hoiustamise alus. M\u00f5\u00f5dud: 28,4 x 17,4 x 113 cm<\/p>","protected":false},"featured_media":16908,"template":"","meta":{"om_disable_all_campaigns":false,"_uf_show_specific_survey":0,"_uf_disable_surveys":false},"product_brand":[933],"product_cat":[1002,1001],"product_tag":[116],"class_list":{"0":"post-10127","1":"product","2":"type-product","3":"status-publish","4":"has-post-thumbnail","6":"product_brand-domo","7":"product_cat-kodutehnika","8":"product_cat-tehnika","9":"product_tag-domo","11":"first","12":"instock","13":"taxable","14":"shipping-taxable","15":"purchasable","16":"product-type-simple"},"aioseo_notices":[],"_links":{"self":[{"href":"https:\/\/homeemotion.lt\/lt\/wp-json\/wp\/v2\/product\/10127","targetHints":{"allow":["GET"]}}],"collection":[{"href":"https:\/\/homeemotion.lt\/lt\/wp-json\/wp\/v2\/product"}],"about":[{"href":"https:\/\/homeemotion.lt\/lt\/wp-json\/wp\/v2\/types\/product"}],"wp:featuredmedia":[{"embeddable":true,"href":"https:\/\/homeemotion.lt\/lt\/wp-json\/wp\/v2\/media\/16908"}],"wp:attachment":[{"href":"https:\/\/homeemotion.lt\/lt\/wp-json\/wp\/v2\/media?parent=10127"}],"wp:term":[{"taxonomy":"product_brand","embeddable":true,"href":"https:\/\/homeemotion.lt\/lt\/wp-json\/wp\/v2\/product_brand?post=10127"},{"taxonomy":"product_cat","embeddable":true,"href":"https:\/\/homeemotion.lt\/lt\/wp-json\/wp\/v2\/product_cat?post=10127"},{"taxonomy":"product_tag","embeddable":true,"href":"https:\/\/homeemotion.lt\/lt\/wp-json\/wp\/v2\/product_tag?post=10127"}],"curies":[{"name":"wp","href":"https:\/\/api.w.org\/{rel}","templated":true}]}}