{"id":4014,"date":"2018-12-09T22:01:58","date_gmt":"2018-12-09T19:01:58","guid":{"rendered":"http:\/\/marktrading.ee\/?page_id=4014"},"modified":"2020-05-11T14:09:41","modified_gmt":"2020-05-11T11:09:41","slug":"gdpr","status":"publish","type":"page","link":"https:\/\/homeemotion.lt\/lt\/gdpr\/","title":{"rendered":"BDAR"},"content":{"rendered":"<p>PRIVATUMO POLITIKA<\/p>\n<p>\"Home Emotion\" yra asmens duomen\u0173 tvarkymo duomen\u0173 valdytojas: Mark Trading O\u00dc, <span style=\"color: #808080;\"><a style=\"color: #808080;\">Valdm\u00e4e p\u00f5ik 2\/1, T\u00e4nassilma kaimas, Saku savivaldyb\u0117,\u00a0<\/a><a style=\"color: #808080;\">76406 Harjumaa<\/a>.<\/span><\/p>\n<p>Asmens duomen\u0173 apsauga<\/p>\n<p>Asmens duomenys - tai duomenys, kuriuos \"Home Emotion\" renka siekdama teikti paslaugas, nustatyti asmens tapatyb\u0119, susisiekti su asmeniu ir teikti paslaugas arba spr\u0119sti problemas.<br \/>\n\"Home Emotion\" yra \u012fsipareigojusi saugoti savo klient\u0173 ir naudotoj\u0173 asmens duomenis ir privatum\u0105. \"Home Emotion\" veikla internete atitinka visas susijusias veiklas ir atitinkamus Europos S\u0105jungos teis\u0117s aktus bei Estijos Respublikos \u012fstatymus, \u012fskaitant Europos Parlamento ir Tarybos reglament\u0105 (ES) 2016\/679. Home Emotion imasi vis\u0173 atsargumo priemoni\u0173 (\u012fskaitant administracines, technines ir fizines priemones), kad apsaugot\u0173 surinktus asmens duomenis. Prieiga prie duomen\u0173 keitimo ir tvarkymo suteikiama tik \u012fgaliotiems asmenims.<\/p>\n<p>Apsauga<\/p>\n<p>Visa asmenin\u0117 informacija, atskleista apsilankius \"Home Emotion\" svetain\u0117je ir perkant paskyros valdymo aplinkoje, bus laikoma konfidencialia informacija. U\u017e\u0161ifruotas duomen\u0173 perdavimo su bankais kanalas u\u017etikrina pirk\u0117jo asmens duomen\u0173 ir banko operacij\u0173 saugum\u0105.<\/p>\n<p>\"Home Emotion\" imasi vis\u0173 saugumo priemoni\u0173 (\u012fskaitant fizines, IT ir organizacines), kad apsaugot\u0173 tvarkomus asmens duomenis. Prieiga prie asmens duomen\u0173 suteikiama tik \u012fgaliotiems asmenims, o vis\u0173 \"Home Emotion\" klient\u0173 asmens duomenys laikomi konfidencialia informacija.<\/p>\n<ol>\n<li>Kokie duomenys renkami?<\/li>\n<\/ol>\n<ul>\n<li>informacija, kuri\u0105 pateikiate registruodamiesi kaip naudotojas (\u012fskaitant vard\u0105 ir pavard\u0119, asmens kod\u0105, el. pa\u0161to adres\u0105, pa\u0161to adres\u0105, pirkimo istorij\u0105);<\/li>\n<li>informacija, kuri\u0105 mums pateikiate u\u017esakydami prekes ir (arba) paslaugas ir elektroninio pa\u0161to prane\u0161imus;<\/li>\n<li>bet kokia kita informacija, kuri\u0105 pateikiate Home Emotion.<\/li>\n<\/ul>\n<p>Kai lankot\u0117s \"Home Emotion\" el. parduotuv\u0117je, apie jus renkama \u0161i neasmeni\u0161kai identifikuojama informacija:<\/p>\n<ul>\n<li>informacija apie tai, kaip naudotis el. parduotuve (\u012fskaitant. IP adres\u0105, geografin\u0119 viet\u0105, nar\u0161ykl\u0117s tip\u0105 ir versij\u0105, operacin\u0119 sistem\u0105, nuorod\u0173 \u0161altin\u012f, apsilankymo trukm\u0119, puslapi\u0173 per\u017ei\u016br\u0105, nar\u0161ym\u0105 svetain\u0117je, apsilankymo laik\u0105 ir dat\u0105 bei kitus statistinius duomenis. Be to, galime naudoti tre\u010di\u0173j\u0173 \u0161ali\u0173 paslaugas, pavyzd\u017eiui, \"Google Analytics\", \"Hotjar\", \"Facebook Pixel\", kad rinktume, steb\u0117tume ir analizuotume informacij\u0105 apie j\u016bs\u0173 s\u0105veik\u0105 su mumis arba susijusi\u0105 su m\u016bs\u0173 e. parduotuve, \u012fskaitant informacij\u0105 apie produktus ir paslaugas, kurias i\u0161 m\u016bs\u0173 \u012fsigijote;<\/li>\n<\/ul>\n<p>Duomenys apie apsilankymus ir buvim\u0105 svetain\u0117je renkami siekiant tobulinti svetain\u0119 ir padaryti j\u0105 patogesn\u0119 lankytojams.<\/p>\n<p>Tvarkydami juridini\u0173 asmen\u0173 duomenis, renkame \u012fmon\u0117s pavadinim\u0105, registracijos numer\u012f, PVM mok\u0117tojo kod\u0105, adres\u0105, el. pa\u0161to adresus, kuriais galima susisiekti ir i\u0161ra\u0161yti s\u0105skaitas fakt\u016bras, \u012fmonei atstovaujan\u010di\u0173 kontaktini\u0173 asmen\u0173 vardus ir pavardes, j\u0173 el. pa\u0161to adresus ir kontaktini\u0173 telefon\u0173 numerius.<\/p>\n<p>Jei u\u017e paslaugas atsiskaitoma kredito kortele arba banko ry\u0161io paslauga, prieig\u0105 prie banko kortel\u0117s informacijos ir banko rekvizit\u0173 turi tik \"Payment Centre AS\", kuris \"Home Emotion\" pateikia tik informacij\u0105 apie s\u0117kming\u0105 mok\u0117jim\u0105. M\u016bs\u0173 partneriai, teikiantys i\u0161simok\u0117tinai teikiamas banko paslaugas, yra \"LHV Pank AS\", \"BigBank AS\" ir \"Koduliising AS\".<\/p>\n<ol start=\"2\">\n<li>Asmens duomen\u0173 naudojimas<\/li>\n<\/ol>\n<p>\"Home Emotion\" gali naudoti j\u016bs\u0173 asmenin\u0119 informacij\u0105 \u0161iais tikslais:<\/p>\n<ul>\n<li>pirkimo-pardavimo sutar\u010diai vykdyti<\/li>\n<li>valdyti savo el. parduotuv\u0119;<\/li>\n<li>pritaikyti savo el. parduotuv\u0119 prie savo poreiki\u0173;<\/li>\n<li>kad gal\u0117tum\u0117te naudotis e. parduotuv\u0117s paslaugomis ir jomis naudotis;<\/li>\n<li>i\u0161si\u0173sti j\u016bs\u0173 \u012fsigytus produktus, dalijantis j\u016bs\u0173 pristatymo adresu su logistikos partneriais;<\/li>\n<li>si\u0173sti prane\u0161imus, apmok\u0117ti s\u0105skaitas ir gauti mok\u0117jimus;<\/li>\n<li>si\u0173sti norimus prane\u0161imus el. pa\u0161tu;<\/li>\n<li>nagrin\u0117ti u\u017eklausas, atsiliepimus ir skundus, kuriuos mums siun\u010diate d\u0117l m\u016bs\u0173 preki\u0173;<\/li>\n<li>periodi\u0161kai si\u0173sti jums el. lai\u0161kus apie naujus produktus, specialius pasi\u016blymus ar kit\u0105 informacij\u0105, kuri, m\u016bs\u0173 manymu, gali jus sudominti, naudojant j\u016bs\u0173 pateikt\u0105 el. pa\u0161to adres\u0105;<\/li>\n<li>taip pat naudoti j\u016bs\u0173 asmenin\u0119 informacij\u0105 susisiekti su jumis ir pra\u0161yti leidimo naudoti j\u016bs\u0173 apsipirkimo patirt\u012f m\u016bs\u0173 rinkodaros ar pardavimo med\u017eiagoje.<\/li>\n<\/ul>\n<ol start=\"4\">\n<li>Kiek laiko bus saugomi surinkti duomenys?<\/li>\n<\/ol>\n<p>Asmen\u0173, u\u017esiregistravusi\u0173 kaip \"Home Emotion\" lojal\u016bs klientai, duomenys bus saugomi neribot\u0105 laik\u0105. Duomenys, surinkti \"Home Emotion\" elektronin\u0117s parduotuv\u0117s neasmenin\u0117je technin\u0117je svetain\u0117je, bus saugomi neribot\u0105 laik\u0105.<br \/>\nAsmens duomenys, susij\u0119 su asmenin\u0117mis u\u017eklausomis ir (arba) sandoriais, bus saugomi ne ilgiau kaip 7 metus nuo paskutinio bendravimo su paslaug\u0173 teik\u0117ju d\u0117l Buhalterin\u0117s apskaitos \u012fstatyme nustatytos prievol\u0117s \u012frodyti sandorius.<br \/>\nS\u0105veika apima reagavim\u0105 \u012f tiesiogin\u0119 rinkodar\u0105 per\u017ei\u016brint arba spustelint nuorod\u0105.<\/p>\n<ol start=\"5\">\n<li>Kam gali b\u016bti perduodami surinkti duomenys?<\/li>\n<\/ol>\n<p>\"Home Emotion\" yra duomen\u0173 valdytojas. Home Emotion tvarkomi asmens duomenys be asmens sutikimo gali b\u016bti perduodami tik institucijai arba asmeniui, kuris turi tiesiogin\u0119 teisin\u0119 teis\u0119 (pvz., teismui arba ikiteisminio tyrimo institucijai) ir pagr\u012fst\u0105 poreik\u012f \u017einoti.<br \/>\nAsmens duomenys, kuriuos klientai tvarko pirkdami \"Home Emotion\", laikomi konfidencialiais, o u\u017e teis\u0119 tvarkyti, skelbti ar perduoti tokius duomenis atsako tik duomen\u0173 savininkas (klientas).<br \/>\n\"Home Emotion\" kliento pra\u0161ymu \"Home Emotion\" suteiks technin\u0119 pagalb\u0105 tvarkant duomenis, ta\u010diau tai nekei\u010dia \"Home Emotion\" nuosavyb\u0117s teis\u0117s \u012f duomenis ir atsakomyb\u0117s u\u017e juos.<\/p>\n<ol start=\"6\">\n<li>Kokias teises asmuo turi \u012f surinktus duomenis?<\/li>\n<\/ol>\n<p>Teis\u0117 susipa\u017einti, i\u0161taisyti, sustabdyti duomen\u0173 tvarkym\u0105.<\/p>\n<p>E. parduotuv\u0117je u\u017esiregistrav\u0119 klientai turi teis\u0119 pasiekti, keisti ir (arba) atnaujinti savo asmens duomenis e. parduotuv\u0117s paskyros valdymo aplinkoje. Jei asmens duomenys negali b\u016bti redaguojami, prieinami, atskleid\u017eiami interneto svetain\u0117je, pra\u0161ym\u0105 susipa\u017einti su duomenimis ar juos i\u0161taisyti reikia pateikti mums atpa\u017e\u012fstamu b\u016bdu. Jei \u012fmanoma, duomenys bus i\u0161duoti arba i\u0161taisyti per 7 darbo dienas.<\/p>\n<p>Jei norite atsisakyti tiesiogin\u0117s rinkodaros pasi\u016blym\u0173, tai galite padaryti i\u0161 karto naudodami nuorod\u0105 kiekvieno siun\u010diamo rinkodaros el. lai\u0161ko pabaigoje. Pakeitimas \u012fsigalios i\u0161 karto.<br \/>\nJei asmens duomen\u0173 tvarkymui, atskleidimui ar prieigos prie asmens duomen\u0173 suteikimui neb\u0117ra teis\u0117to pagrindo, galite pra\u0161yti nutraukti arba i\u0161trinti duomen\u0173 tvarkym\u0105, atskleidim\u0105 ar prieig\u0105 prie j\u0173. Tai reik\u0117t\u0173 padaryti pateikiant pra\u0161ym\u0105 identifikuojamu b\u016bdu.<\/p>\n<p>Turite teis\u0119 bet kuriuo metu pra\u0161yti nutraukti savo asmens duomen\u0173 tvarkym\u0105 arba i\u0161taisyti, i\u0161trinti ar u\u017eblokuoti savo asmens duomenis. \"Home Emotion\" atlieka atitinkamus veiksmus ne v\u0117liau kaip per tris darbo dienas nuo ra\u0161ti\u0161ko kliento pra\u0161ymo pateikimo.<\/p>\n<p>Jei klientas mano, kad tvarkant asmens duomenis buvo pa\u017eeistos jo teis\u0117s, jis turi teis\u0119 pareik\u0161ti ie\u0161kin\u012f \"Home Emotion\", Duomen\u0173 apsaugos inspekcijai arba teismui, kad b\u016bt\u0173 sustabdytas pa\u017eeidimas.<\/p>\n<ol start=\"7\">\n<li>Privatumo politikos s\u0105lygos ir pakeitimai<\/li>\n<\/ol>\n<p>Naudodamiesi \"Home Emotion\" svetaine, j\u016bs perskait\u0117te ir sutikote su \u0161iomis taisykl\u0117mis ir s\u0105lygomis. Mes pasiliekame teis\u0119 prireikus keisti bendr\u0105sias \u0161ios privatumo politikos s\u0105lygas, apie tai prane\u0161dami visoms susijusioms \u0161alims.<\/p>\n<p>Jei turite klausim\u0173 ar abejoni\u0173 d\u0117l m\u016bs\u0173 privatumo politikos ar duomen\u0173 tvarkymo, susisiekite su mumis \u0161iuo adresu.\u00a0<a href=\"mailto:info@marktrading.ee.\">info@marktrading.ee.<\/a><\/p>","protected":false},"excerpt":{"rendered":"<p>PRIVAATSUSPOLIITIKA Home Emotion isikuandmete t\u00f6\u00f6tlemise vastutavaks t\u00f6\u00f6tlejaks on: Mark Trading O\u00dc, Valdm\u00e4e p\u00f5ik 2\/1, T\u00e4nassilma k\u00fcla, Saku vald,\u00a076406 Harjumaa. Isikuandmete kaitse Isikuandmed on andmed, mida Home Emotion kogub teenuse osutamiseks, isiku tuvastamiseks, isikuga \u00fchenduse v\u00f5tmiseks teenuse osutamiseks v\u00f5i k\u00fcsimuste lahendamiseks. Home Emotion kohustub kaitsma klientide ja kasutajate isikuandmeid ning nende privaatsust. Home Emotion tegevus internetis [&hellip;]<\/p>\n","protected":false},"author":1,"featured_media":0,"parent":0,"menu_order":0,"comment_status":"closed","ping_status":"closed","template":"template-about.php","meta":{"om_disable_all_campaigns":false,"_uf_show_specific_survey":0,"_uf_disable_surveys":false,"footnotes":""},"class_list":["post-4014","page","type-page","status-publish","hentry"],"aioseo_notices":[],"_links":{"self":[{"href":"https:\/\/homeemotion.lt\/lt\/wp-json\/wp\/v2\/pages\/4014","targetHints":{"allow":["GET"]}}],"collection":[{"href":"https:\/\/homeemotion.lt\/lt\/wp-json\/wp\/v2\/pages"}],"about":[{"href":"https:\/\/homeemotion.lt\/lt\/wp-json\/wp\/v2\/types\/page"}],"author":[{"embeddable":true,"href":"https:\/\/homeemotion.lt\/lt\/wp-json\/wp\/v2\/users\/1"}],"replies":[{"embeddable":true,"href":"https:\/\/homeemotion.lt\/lt\/wp-json\/wp\/v2\/comments?post=4014"}],"version-history":[{"count":5,"href":"https:\/\/homeemotion.lt\/lt\/wp-json\/wp\/v2\/pages\/4014\/revisions"}],"predecessor-version":[{"id":6319,"href":"https:\/\/homeemotion.lt\/lt\/wp-json\/wp\/v2\/pages\/4014\/revisions\/6319"}],"wp:attachment":[{"href":"https:\/\/homeemotion.lt\/lt\/wp-json\/wp\/v2\/media?parent=4014"}],"curies":[{"name":"wp","href":"https:\/\/api.w.org\/{rel}","templated":true}]}}