{"id":3995,"date":"2018-12-06T18:29:04","date_gmt":"2018-12-06T15:29:04","guid":{"rendered":"http:\/\/marktrading.ee\/?page_id=3995"},"modified":"2023-06-01T15:16:39","modified_gmt":"2023-06-01T12:16:39","slug":"terms","status":"publish","type":"page","link":"https:\/\/homeemotion.lt\/lt\/terms\/","title":{"rendered":"S\u0105lygos"},"content":{"rendered":"<h2><strong>NAUDOJIMO S\u0104LYGOS<\/strong><\/h2>\n<p><strong>\u00a0<\/strong><\/p>\n<ol>\n<li style=\"list-style-type: none;\">\n<ol>\n<li><strong> Bendrosios s\u0105lygos<\/strong><br \/>\n1.1 \"Home Emotion\" elektronin\u0117je parduotuv\u0117je parduodami \"Mark Trading O\u00dc\" parduodami produktai (toliau - Produktai).<br \/>\n1.2. Taisykl\u0117s ir s\u0105lygos taikomos teisiniams santykiams tarp kliento (toliau - Klientas) ir Mark Trading (toliau - Pardav\u0117jas), prekybos aplinkos (toliau - el. parduotuv\u0117), esan\u010dios interneto adresu www.homeemotion.ee, savininko, susijusiems su Produkt\u0173 pirkimu i\u0161 el. parduotuv\u0117s. Be \u0161i\u0173 Taisykli\u0173 ir s\u0105lyg\u0173, teisinius santykius, kylan\u010dius d\u0117l Produkt\u0173 pirkimo i\u0161 e. parduotuv\u0117s, reglamentuoja Estijos Respublikoje galiojantys teis\u0117s aktai.<br \/>\n1.3. Pardav\u0117jo identifikaciniai duomenys: Mark Trading O\u00dc, kurio buvein\u0117s adresas.\u00a0<a>Valdm\u00e4e p\u00f5ik 2\/1, T\u00e4nassilma kaimas, Saku savivaldyb\u0117,\u00a0<\/a><a>76406 Harjumaa<\/a>. Reg. Kodas 14150950<\/li>\n<li><strong>Kainos<\/strong><br \/>\n2.1 Visos elektronin\u0117je parduotuv\u0117je nurodytos kainos yra eurais ir apima Estijos Respublikoje taikom\u0105 prid\u0117tin\u0117s vert\u0117s mokest\u012f.<\/li>\n<li><strong>Produktai<\/strong><br \/>\n3.1 Elektronin\u0117je parduotuv\u0117je rodomi produktai paprastai yra sand\u0117lyje. Min\u0117t\u0173 Produkt\u0173 prieinamumas negarantuojamas, nes jis gali b\u016bti klaidingas d\u0117l galim\u0173 technini\u0173 problem\u0173 elektronin\u0117s parduotuv\u0117s programose.<br \/>\n3.2 Jei Klientas pateikia u\u017esakym\u0105, ta\u010diau paai\u0161k\u0117ja, kad konkretaus Produkto n\u0117ra sand\u0117lyje, \"E-poel\" negal\u0117s \u012fvykdyti pateikto u\u017esakymo. Tokiu atveju E-parduotuv\u0117s darbuotojas susisieks su Pirk\u0117ju ir ne v\u0117liau kaip per 10 dien\u0173 pasi\u016blys pakaitin\u012f Produkt\u0105, galim\u0105 nauj\u0105 pristatymo laik\u0105 arba gr\u0105\u017eins Pirk\u0117jui sumok\u0117t\u0105 sum\u0105.<br \/>\n3.3 Elektronin\u0117je parduotuv\u0117je pateiktos Produkt\u0173 nuotraukos yra iliustracin\u0117s ir gali nety\u010dia \u0161iek tiek skirtis nuo tikrosios Produkto i\u0161vaizdos.<\/li>\n<li><strong>Pirkimas<\/strong><br \/>\n4.1. Klientas e. parduotuv\u0117je pasirenka norim\u0105 Produkt\u0105 ir prideda j\u012f \u012f pirkini\u0173 krep\u0161el\u012f paspausdamas mygtuk\u0105 \u201c\u012e krep\u0161el\u012f\u201d.<br \/>\n4.2. Nor\u0117damas pateikti u\u017esakym\u0105, Klientas turi paspausti mygtuk\u0105 \u201eEiti \u012f kas\u0105\u201c pirkini\u0173 krep\u0161elyje arba \u201epirkini\u0173 krep\u0161el\u012f\u201c, po to Klientas bus nukreiptas \u012f u\u017esakymo pateikimo puslap\u012f. \u012eved\u0119s reikiam\u0105 informacij\u0105, Klientas sumoka u\u017e Produkt\u0105 pasirinktu mok\u0117jimo b\u016bdu ir paspaud\u017eia mygtuk\u0105 \u201ePateikti u\u017esakym\u0105\u201c.<br \/>\n4.3. Apmok\u0117jus u\u017e Produkt\u0105, elektronin\u0117 parduotuv\u0117 i\u0161siun\u010dia u\u017esakymo patvirtinim\u0105 \u012f Kliento el. pa\u0161t\u0105.<br \/>\n4.4. Pateikdamas u\u017esakym\u0105 Klientas \u012fsipareigoja pateikti teising\u0105 informacij\u0105, reikaling\u0105 u\u017esakymui \u012fvykdyti.<br \/>\n4.5 Pardav\u0117jas neatsako u\u017e negal\u0117jim\u0105 \u012fvykdyti u\u017esakymo d\u0117l Kliento pateiktos neteisingos informacijos ar bet kokias su tuo susijusias pasekmes.<\/li>\n<li><strong> Teis\u0117 atsisakyti sutarties<\/strong><br \/>\n5.1 J\u016bs turite teis\u0119 pakeisti arba gr\u0105\u017einti u\u017esakyt\u0105 gamin\u012f per 14 dien\u0173. 14 dien\u0173 laikotarpis prasideda nuo gaminio gavimo dienos.<br \/>\n5.2. Nor\u0117damas atsisakyti sutarties, Klientas turi i\u0161si\u0173sti pra\u0161ym\u0105 d\u0117l sutarties atsisakymo \u0161iuo el. pa\u0161to adresu.\u00a0<u>i<\/u><u>nfo@marktrading.ee<\/u><br \/>\nAt\u0161aukimo ir keitimo el. pa\u0161to pavyzdys:<br \/>\na. Pirk\u0117jo pavadinimas<br \/>\nb. U\u017esakymo numeris<br \/>\nc. dalinio gr\u0105\u017einimo atveju - gr\u0105\u017einam\u0173 preki\u0173 kodas arba kodai.<br \/>\nd. Keitimo atveju - nauj\u0173 preki\u0173 produkto kodas<br \/>\ne. Gr\u0105\u017einimo prie\u017eastis (prie\u017eastis neprivaloma, mes vertiname atsiliepimus ir pra\u0161ome j\u0173, kad gal\u0117tume pagerinti paslaug\u0173 kokyb\u0119).<br \/>\n5.3. Gr\u0105\u017einant prekes laikomasi principo, kad prek\u0117s gr\u0105\u017einamos tokios pat, kokios buvo pristatytos pirk\u0117jui.<br \/>\n5.4. Naudojantis el. parduotuv\u0117s si\u016blomais gr\u0105\u017einimo b\u016bdais, Produkt\u0173 gr\u0105\u017einimas Klientui yra nemokamas. Naudojant kitus gr\u0105\u017einimo b\u016bdus, Pardav\u0117jas neprivalo kompensuoti Klientui d\u0117l gr\u0105\u017einimo patirt\u0173 transporto i\u0161laid\u0173.<br \/>\n5.5.Pardav\u0117jas gr\u0105\u017eina gr\u0105\u017eint\u0105 Produkt\u0105\/Produktus, \u012fskaitant Kliento patirtas pristatymo i\u0161laidas, \u012f Kliento banko s\u0105skait\u0105 per 14 dien\u0173 nuo pra\u0161ymo atsisakyti sutarties gavimo dienos. Pirk\u0117jas privalo gr\u0105\u017eintas Prekes pristatyti Pardav\u0117jui per 14 dien\u0173 nuo sutarties atsisakymo i\u0161siuntimo dienos. Jei per \u0161\u012f termin\u0105 Prek\u0117s nepasiek\u0117 Pardav\u0117jo, pinig\u0173 gr\u0105\u017einimo terminas prat\u0119siamas iki tos dienos, kai Prek\u0117s pasiek\u0117 Pardav\u0117j\u0105, arba iki tol, kol Pirk\u0117jas pateiks \u012frodymus, kad i\u0161siunt\u0117 Prekes, priklausomai nuo to, kuri data yra ankstesn\u0117.<span style=\"font-size: revert; color: initial;\">\u00a0Gr\u0105\u017einamas Produktas neturi b\u016bti naudotas, pa\u017eeistas, purvinas ar tur\u0117ti kit\u0173 naudojimo po\u017eymi\u0173. Gaminys turi b\u016bti sukomplektuotas (su gaminio pakuote ir visais gaminio pakuot\u0117je esan\u010diais elementais - instrukcijomis, sertifikatu ir kt.). Jei prek\u0117 buvo naudojama kitais tikslais, nei tie, kurie b\u016btini prek\u0117s pob\u016bd\u017eiui, savyb\u0117ms ir veikimui nustatyti, arba jei ji turi naudojimo ar nusid\u0117v\u0117jimo po\u017eymi\u0173, internetin\u0117 parduotuv\u0117 turi teis\u0119 gr\u0105\u017eintin\u0105 mokest\u012f suma\u017einti pagal suma\u017e\u0117jusi\u0105 prek\u0117s vert\u0119.<\/span><\/li>\n<li><strong> Skund\u0173 nagrin\u0117jimo proced\u016bra<\/strong><strong><br \/>\n<\/strong>6.1 I\u0161 e. parduotuv\u0117s parduodamiems Produktams taikomas PT\u012e 218 straipsnio 2 dalyje numatytas 2 met\u0173 skund\u0173 pateikimo terminas. Bet kokie nesutarimai tarp Pirk\u0117jo ir Pardav\u0117jo sprend\u017eiami derybomis.<br \/>\n6.2. Atsiradus defektams, Klientas turi teis\u0119 ne v\u0117liau kaip per du m\u0117nesius susisiekti su el. parduotuve, si\u0173sdamas el. lai\u0161k\u0105 \u0161iuo adresu. <u>info@marktrading.ee<\/u>arba skambinkite telefonu +372 5105004<br \/>\n6.3 Jei i\u0161 elektronin\u0117s parduotuv\u0117s \u012fsigytos prek\u0117s turi defekt\u0173, u\u017e kuriuos atsako Pardav\u0117jas, Pardav\u0117jas pataisys arba pakeis nekokybi\u0161kas prekes. Jei preki\u0173 negalima pataisyti ar pakeisti, Pardav\u0117jas gr\u0105\u017eina Pirk\u0117jui visus su pirkimo-pardavimo sutartimi susijusius mokes\u010dius.<br \/>\n6.4. Pardav\u0117jas atsako \u012f vartotojo skundus kuo grei\u010diau, bet ne v\u0117liau kaip per 15 dien\u0173 nuo skundo gavimo dienos.<br \/>\n6.5 Pagal Prievoli\u0173 teis\u0117s \u012fstatymo 222 straipsnio 1 dal\u012f Klientas turi teis\u0119 reikalauti pataisyti arba pakeisti Produkt\u0105, jei Produktas neatitinka sutarties s\u0105lyg\u0173. Gaminio neatitikimo sutarties s\u0105lygoms atveju Pardav\u0117jas padengia su Gaminio remontu ar pakeitimu susijusias i\u0161laidas, vis\u0173 pirma transporto, pa\u0161to, darbo, kelion\u0117s ir med\u017eiag\u0173 i\u0161laidas.<br \/>\n6.6 Pardav\u0117jas neatsako u\u017e \u017eal\u0105, atsiradusi\u0105 d\u0117l netinkamo u\u017esakyt\u0173 produkt\u0173 naudojimo, taip pat u\u017e v\u0117lavim\u0105 pristatyti prekes, jei tai \u012fvyko d\u0117l nuo Pardav\u0117jo nepriklausan\u010di\u0173 aplinkybi\u0173 ir (arba) d\u0117l force majeure.<\/li>\n<li><strong> Atsakomyb\u0117<\/strong><br \/>\n7.1 Pardav\u0117jas ir Klientas atsako vienas kitam u\u017e bet koki\u0105 \u017eal\u0105, padaryt\u0105 kitai \u0161aliai pa\u017eeidus \u0161ias Naudojimosi s\u0105lygas, Estijos Respublikoje galiojan\u010di\u0173 teis\u0117s akt\u0173 numatytais atvejais ir apimtimi.<br \/>\n7.2 Pardav\u0117jas atsako u\u017e Produkto pardavimo kain\u0105.<br \/>\n7.3 Klientas \u012fsipareigoja naudotis elektronin\u0117s parduotuv\u0117s paslauga tik tais tikslais, kurie atitinka \u012fstatymus ir ger\u0105j\u0105 praktik\u0105.<\/li>\n<li><strong> Naudojimo s\u0105lygos ir kaip jas pakeisti<\/strong><br \/>\n8.1 U\u017esiregistruodamas arba pirkdamas elektronin\u0117je parduotuv\u0117je, Klientas sutinka su elektronin\u0117s parduotuv\u0117s naudojimo s\u0105lygomis ir \u012fsipareigoja j\u0173 laikytis.<br \/>\n8.2 Pardav\u0117jo ir Pirk\u0117jo pirkimo-pardavimo sutartis \u012fsigalioja nuo pirkimo kainos gavimo \u012f Pardav\u0117jo atsiskaitom\u0105j\u0105 s\u0105skait\u0105 dienos.<br \/>\n8.3 Pardav\u0117jas gali keisti naudojimosi elektronine parduotuve s\u0105lygas ir Produkt\u0173 kainas be i\u0161ankstinio \u012fsp\u0117jimo. Prane\u0161imas apie pakeitimus bus paskelbtas E. parduotuv\u0117je. Sandoriui taikomos sandorio metu klientui matomos kainos ir kitos s\u0105lygos.<br \/>\n8.4 Pardav\u0117jas pasilieka teis\u0119 at\u0161aukti u\u017esakym\u0105, jei d\u0117l technin\u0117s klaidos elektronin\u0117je parduotuv\u0117je nurodyta neteisinga Prek\u0117s kaina.<\/li>\n<li><strong>Kitos s\u0105lygos<\/strong><br \/>\n9.1 Bet kokie Kliento ir Pardav\u0117jo nesutarimai sprend\u017eiami derybomis. Nepavykus susitarti, Pirk\u0117jas gali perduoti klausim\u0105 nagrin\u0117ti Vartotoj\u0173 gin\u010d\u0173 komisijai. 9.2. Vartotoj\u0173 gin\u010d\u0173 komisija yra kompetentinga spr\u0119sti gin\u010dus, kylan\u010dius i\u0161 Kliento ir Pardav\u0117jo sudarytos sutarties. Kliento skundo nagrin\u0117jimas Komisijoje yra nemokamas. Aktyvi nuoroda \u012f Vartotoj\u0173 gin\u010d\u0173 komisij\u0105: <a href=\"https:\/\/komisjon.ee\/et\" target=\"_blank\" rel=\"noopener\">https:\/\/komisjon.ee\/et<\/a><\/li>\n<\/ol>\n<\/li>\n<\/ol>\n<p>Klientas gali kreiptis \u012f Europos S\u0105jungos vartotoj\u0173 gin\u010d\u0173 sprendimo platform\u0105.\u00a0<a href=\"https:\/\/webgate.ec.europa.eu\/odr\/main\/index.cfm?event=main.home.chooseLanguage\" target=\"_blank\" rel=\"noopener\">link<\/a>.<\/p>\n<ol start=\"10\">\n<li><strong> Klient\u0173 aptarnavimas<\/strong><br \/>\n10.1. Klient\u0173 aptarnavimo telefono numeris yra. <a href=\"tel:+372 5105004\">+372 5105004 <\/a>(atsakymai darbo dienomis 09:00-17:00) ir el. pa\u0161to adresas:<a href=\"mailto:info@marktrading.ee\">info@marktrading.ee<\/a><\/li>\n<\/ol>","protected":false},"excerpt":{"rendered":"<p>KASUTUSTINGIMUSED \u00a0 \u00dcldtingimused 1.1. Home Emotion e-pood m\u00fc\u00fcb Mark Trading O\u00dc-s m\u00fc\u00fcdavaid tooteid (edaspidi Tooted). 1.2. Tingimused kehtivad \u00f5igussuhetele, mis tekivad kliendi (edaspidi Klient) ja internetiaadressil www.homeemotion.ee asuva ostukeskkonna (edaspidi e-pood) omaniku Mark Trading (edaspidi M\u00fc\u00fcja) vahel seoses e-poest Toodete ostmisega. Lisaks k\u00e4esolevatele tingimustele reguleerivad e-poest Toodete ostmisel tekkivaid \u00f5igussuhteid Eesti Vabariigis kehtivad \u00f5igusaktid. 1.3. [&hellip;]<\/p>\n","protected":false},"author":1,"featured_media":0,"parent":0,"menu_order":0,"comment_status":"closed","ping_status":"closed","template":"template-about.php","meta":{"om_disable_all_campaigns":false,"_uf_show_specific_survey":0,"_uf_disable_surveys":false,"footnotes":""},"class_list":["post-3995","page","type-page","status-publish","hentry"],"aioseo_notices":[],"_links":{"self":[{"href":"https:\/\/homeemotion.lt\/lt\/wp-json\/wp\/v2\/pages\/3995","targetHints":{"allow":["GET"]}}],"collection":[{"href":"https:\/\/homeemotion.lt\/lt\/wp-json\/wp\/v2\/pages"}],"about":[{"href":"https:\/\/homeemotion.lt\/lt\/wp-json\/wp\/v2\/types\/page"}],"author":[{"embeddable":true,"href":"https:\/\/homeemotion.lt\/lt\/wp-json\/wp\/v2\/users\/1"}],"replies":[{"embeddable":true,"href":"https:\/\/homeemotion.lt\/lt\/wp-json\/wp\/v2\/comments?post=3995"}],"version-history":[{"count":18,"href":"https:\/\/homeemotion.lt\/lt\/wp-json\/wp\/v2\/pages\/3995\/revisions"}],"predecessor-version":[{"id":12242,"href":"https:\/\/homeemotion.lt\/lt\/wp-json\/wp\/v2\/pages\/3995\/revisions\/12242"}],"wp:attachment":[{"href":"https:\/\/homeemotion.lt\/lt\/wp-json\/wp\/v2\/media?parent=3995"}],"curies":[{"name":"wp","href":"https:\/\/api.w.org\/{rel}","templated":true}]}}