{"id":27,"date":"2017-09-27T13:05:11","date_gmt":"2017-09-27T13:05:11","guid":{"rendered":"http:\/\/marktrading.ee\/?page_id=27"},"modified":"2025-07-24T12:34:51","modified_gmt":"2025-07-24T09:34:51","slug":"meist","status":"publish","type":"page","link":"https:\/\/homeemotion.lt\/lt\/meist\/","title":{"rendered":"MEiST"},"content":{"rendered":"<div class=\"col-sm-6 col-sm-offset-3\">\n<h2 class=\"module-title font-alt meet-out-team-title\">\u0160iek tiek apie mus<\/h2>\n<div class=\"module-subtitle font-serif meet-out-team-subtitle\">Ar taip pat manote, kad m\u016bs\u0173 gyvenimas dabar perpildytas gausyb\u0117s paslaug\u0173 ir produkt\u0173, o rasti tinkam\u0105 gali b\u016bti labai sunku? Tikrai taip, bet taip netur\u0117t\u0173 b\u016bti! \u0160tai \u010dia mes, Mark Trading, galime pad\u0117ti. M\u016bs\u0173 ilgamet\u0117 patirtis yra patikimumo ir kompetencijos garantas, nuolat sekame naujausias inovacijas ir poky\u010dius, tod\u0117l esame pasiry\u017e\u0119 kasdien teikti jums geriausius sprendimus. M\u016bs\u0173 produkt\u0173 ir paslaug\u0173 asortimentas sukurtas taip, kad ne tik palengvint\u0173 j\u016bs\u0173 kasdienyb\u0119, bet ir padaryt\u0173 j\u0105 laimingesn\u0119 bei kupin\u0105 nuostabi\u0173 emocij\u0173! Taigi nesir\u016bpinkite tinkamo ir geriausio gaminio bei paslaugos paie\u0161komis - palikite tai mums!<\/div>\n<h2 class=\"module-title font-alt meet-out-team-title\">Apie mus<\/h2>\n<div class=\"module-subtitle font-serif meet-out-team-subtitle\">Ar kartais neatrodo, kad m\u016bs\u0173 gyvenimas apkrautas daugybe paini\u0173 paslaug\u0173 ir produkt\u0173, ir tampa labai sunku rasti tinkamiausi\u0105 ir geriausi\u0105? Taip tikrai yra, bet taip netur\u0117t\u0173 b\u016bti! \u0160tai \u010dia mes, Mark Trading, galime b\u016bti naudingi. M\u016bs\u0173 ilgamet\u0117 patirtis \u0161ioje srityje yra patikimumo ir kompetencijos garantas, mes nuolat sekame naujausias inovacijas ir poky\u010dius ir esame pasiry\u017e\u0119 pateikti jums geriausius \u012fmanomus sprendimus kasdieniam gyvenimui. Tai, k\u0105 si\u016blome, yra skirta tam, kad j\u016bs\u0173 kasdienyb\u0117 tapt\u0173 ne tik lengvesn\u0117, bet ir laimingesn\u0117 bei pripildyta nuostabi\u0173 emocij\u0173! Taigi nesinervinkite ie\u0161kodami to tinkamo ir geriausio produkto bei paslaugos - tegul tai b\u016bna m\u016bs\u0173 darbas!<\/div>\n<\/div>\n\n\n\n<hr class=\"wp-block-separator has-alpha-channel-opacity\"\/>\n\n\n\n<section class=\"module2\" style=\"height: 300px; padding-top: 20px; text-align: center;\">\n<div class=\"container\" style=\"background-color: white;\">\n<div class=\"row\">\n<div class=\"col-sm-6 col-sm-offset-3\">\n<h2 class=\"module-title font-alt meet-out-team-title\">INIMESED<\/h2>\n<\/div>\n<\/div>\n<div class=\"row\">\n<div class=\"hero-slider about-team-member inimesed\">\n<div class=\"col-sm-6 col-md-3 mb-sm-20 fadeInUp\">\n<div class=\"team-item\">\n<div class=\"team-descr font-alt\">\n<div class=\"team-name\"><strong>Valdybos narys<\/strong><\/div>\n<div class=\"team-name\">Asso Laido<\/div>\n<div class=\"team-role\"><a href=\"mailto:asso@marktrading.ee\">asso@marktrading.ee<\/a><\/div>\n<\/div>\n<\/div>\n<\/div>\n<div class=\"col-sm-6 col-md-3 mb-sm-20 fadeInUp\">\n<div class=\"team-item\">\n<div class=\"team-descr font-alt\">\n<div class=\"team-name\"><strong>Pardavim\u0173 vadybininkas<\/strong><\/div>\n<div class=\"team-name\">Ene \u00dctt<\/div>\n<div class=\"team-role\"><a href=\"mailto:ene@marktrading.ee\">ene@marktrading.ee<\/a><\/div>\n<\/div>\n<\/div>\n<\/div>\n<div class=\"col-sm-6 col-md-3 mb-sm-20 fadeInUp\" style=\"z-index: 10000;\">\n<div class=\"team-item\">\n<div class=\"team-descr font-alt\">\n<div class=\"team-name\"><strong>Pardavim\u0173 vadybininkas<\/strong><\/div>\n<div class=\"team-name\">Gaire Hamburg<\/div>\n<div class=\"team-role\"><a href=\"mailto:gaire@marktrading.ee\">gaire@marktrading.ee<\/a><\/div>\n<\/div>\n<\/div>\n<\/div>\n<div class=\"col-sm-6 col-md-3 mb-sm-20 fadeInUp\" style=\"z-index: 10000;\">\n<div class=\"team-item\">\n<div class=\"team-descr font-alt\">\n<div class=\"team-name\"><strong>Sand\u0117lio vadovas<\/strong><\/div>\n<div class=\"team-name\">Margit P\u00e4rtel<\/div>\n<div class=\"team-role\"><a style=\"z-index: 10000;\" href=\"mailto:ladu@marktrading.ee\">ladu@marktrading.ee<\/a><\/div>\n<\/div>\n<\/div>\n<\/div>\n<div class=\"col-sm-6 col-md-3 mb-sm-20 fadeInUp\" style=\"z-index: 10000;\">\n<div class=\"team-item\">\n<div class=\"team-descr font-alt\">\n<div class=\"team-name\"><strong>Sand\u0117lio operatorius<\/strong><\/div>\n<div class=\"team-name\">Jaan Eenj\u00e4rv<\/div>\n<div class=\"team-role\"><a style=\"z-index: 10000;\" href=\"mailto:ladu@marktrading.ee\">ladu@marktrading.ee<\/a><\/div>\n<\/div>\n<\/div>\n<\/div>\n<\/div>\n<\/div>\n<p><a>&nbsp;<\/a><\/p>\n<p><a>&nbsp;<\/a><\/p>\n<p>&nbsp;<\/p>\n<div>&nbsp;&nbsp;<\/div>\n<p>&nbsp;<\/p>\n<p><a>&nbsp;<\/a><\/p>\n<\/section>\n\n\n\n<p><\/p>\n\n\n\n<p><\/p>","protected":false},"excerpt":{"rendered":"<p>Natukene meist Kas ka teile tundub, et meie elu on vahepeal \u00fcle kuhjatud segavust tekitavalt paljude teenuste ja toodetega ning nende k\u00f5ikide seast \u00f5ige ja parima leidmine v\u00f5ib olla super keeruline? Kindlasti tundub, aga see ei peaks nii olema! Siin saame meie Mark Trading\u2019ust teile abiks olla. Meie pikaajaline kogemus on usaldusv\u00e4\u00e4rsuse ja asjatundlikkuse garantiiks, [&hellip;]<\/p>\n","protected":false},"author":1,"featured_media":6808,"parent":0,"menu_order":0,"comment_status":"closed","ping_status":"closed","template":"template-about.php","meta":{"om_disable_all_campaigns":false,"_uf_show_specific_survey":0,"_uf_disable_surveys":false,"footnotes":""},"class_list":["post-27","page","type-page","status-publish","has-post-thumbnail","hentry"],"aioseo_notices":[],"_links":{"self":[{"href":"https:\/\/homeemotion.lt\/lt\/wp-json\/wp\/v2\/pages\/27","targetHints":{"allow":["GET"]}}],"collection":[{"href":"https:\/\/homeemotion.lt\/lt\/wp-json\/wp\/v2\/pages"}],"about":[{"href":"https:\/\/homeemotion.lt\/lt\/wp-json\/wp\/v2\/types\/page"}],"author":[{"embeddable":true,"href":"https:\/\/homeemotion.lt\/lt\/wp-json\/wp\/v2\/users\/1"}],"replies":[{"embeddable":true,"href":"https:\/\/homeemotion.lt\/lt\/wp-json\/wp\/v2\/comments?post=27"}],"version-history":[{"count":102,"href":"https:\/\/homeemotion.lt\/lt\/wp-json\/wp\/v2\/pages\/27\/revisions"}],"predecessor-version":[{"id":13429,"href":"https:\/\/homeemotion.lt\/lt\/wp-json\/wp\/v2\/pages\/27\/revisions\/13429"}],"wp:featuredmedia":[{"embeddable":true,"href":"https:\/\/homeemotion.lt\/lt\/wp-json\/wp\/v2\/media\/6808"}],"wp:attachment":[{"href":"https:\/\/homeemotion.lt\/lt\/wp-json\/wp\/v2\/media?parent=27"}],"curies":[{"name":"wp","href":"https:\/\/api.w.org\/{rel}","templated":true}]}}