{"id":247,"date":"2017-09-27T13:05:38","date_gmt":"2017-09-27T10:05:38","guid":{"rendered":"http:\/\/marktrading.ee\/?page_id=247"},"modified":"2025-03-07T10:30:01","modified_gmt":"2025-03-07T07:30:01","slug":"kontakt","status":"publish","type":"page","link":"https:\/\/homeemotion.lt\/lt\/kontakt\/","title":{"rendered":"Susisiekite su"},"content":{"rendered":"<h2>M\u016bs\u0173 duomenys<\/h2>\n<div>\n<h3>El. pa\u0161tas<\/h3>\n<p><a href=\"mailto:info@marktrading.ee\">info@marktrading.ee<\/a><\/p>\n<\/div>\n<div>\n<h3>Telefonas<\/h3>\n<p><a href=\"tel:+3725105004\">+372 51 05004<\/a><\/p>\n<\/div>\n<div>\n<h3>Adresas yra<\/h3>\n<p><a href=\"https:\/\/www.google.com\/maps\/place\/Lepatriinu+tee+4,+J%C3%A4lgim%C3%A4e,+76404+Harju+maakond\/@59.3327087,24.6147381,17z\/data=!3m1!4b1!4m6!3m5!1s0x4692bfb6b4bb96c1:0xa1405f7e70401907!8m2!3d59.332706!4d24.617313!16s%2Fg%2F11sttr2tpl?entry=ttu&amp;g_ep=EgoyMDI1MDMwNC4wIKXMDSoASAFQAw%3D%3D\" target=\"_blank\" rel=\"noopener\">Lepatriinu kelias 4-4, J\u00e4lgim\u00e4e<u><\/u><u><\/u><\/a><\/p>\n<p><a href=\"https:\/\/www.google.com\/maps\/place\/Lepatriinu+tee+4,+J%C3%A4lgim%C3%A4e,+76404+Harju+maakond\/@59.3327087,24.6147381,17z\/data=!3m1!4b1!4m6!3m5!1s0x4692bfb6b4bb96c1:0xa1405f7e70401907!8m2!3d59.332706!4d24.617313!16s%2Fg%2F11sttr2tpl?entry=ttu&amp;g_ep=EgoyMDI1MDMwNC4wIKXMDSoASAFQAw%3D%3D\" target=\"_blank\" rel=\"noopener\">76404 Harjumaa<\/a><u><\/u><u><\/u><\/p>\n<\/div>\n<div>\n<h3>Biuras\/Lado<\/h3>\n<h4>Atidaryta adresu<\/h4>\n<p><a>E-R: 09:00 - 17:00 VAL.<\/a><\/p>\n<\/div>\n<h3>Registracijos numeris<\/h3>\n<p>14150950<\/p>\n<h3>KMKR Ne<\/h3>\n<p>EE101925275<\/p>","protected":false},"excerpt":{"rendered":"<p>M\u016bs\u0173 duomenys El. pa\u0161tas info@marktrading.ee Telefonas +372 51 05004 Adresas Lepatriinu tee 4-4, J\u00e4lgim\u00e4e 76404 Harjumaa Biuras \/ biuro darbo laikas Dirbame pirmadieniais-penktadieniais: 09:00 - 17:00 Registracijos kodas 14150950 KMKR Nr. EE101925275<\/p>","protected":false},"author":1,"featured_media":6807,"parent":0,"menu_order":0,"comment_status":"closed","ping_status":"closed","template":"template-contact.php","meta":{"om_disable_all_campaigns":false,"_uf_show_specific_survey":0,"_uf_disable_surveys":false,"footnotes":""},"class_list":["post-247","page","type-page","status-publish","has-post-thumbnail","hentry"],"aioseo_notices":[],"_links":{"self":[{"href":"https:\/\/homeemotion.lt\/lt\/wp-json\/wp\/v2\/pages\/247","targetHints":{"allow":["GET"]}}],"collection":[{"href":"https:\/\/homeemotion.lt\/lt\/wp-json\/wp\/v2\/pages"}],"about":[{"href":"https:\/\/homeemotion.lt\/lt\/wp-json\/wp\/v2\/types\/page"}],"author":[{"embeddable":true,"href":"https:\/\/homeemotion.lt\/lt\/wp-json\/wp\/v2\/users\/1"}],"replies":[{"embeddable":true,"href":"https:\/\/homeemotion.lt\/lt\/wp-json\/wp\/v2\/comments?post=247"}],"version-history":[{"count":36,"href":"https:\/\/homeemotion.lt\/lt\/wp-json\/wp\/v2\/pages\/247\/revisions"}],"predecessor-version":[{"id":13337,"href":"https:\/\/homeemotion.lt\/lt\/wp-json\/wp\/v2\/pages\/247\/revisions\/13337"}],"wp:featuredmedia":[{"embeddable":true,"href":"https:\/\/homeemotion.lt\/lt\/wp-json\/wp\/v2\/media\/6807"}],"wp:attachment":[{"href":"https:\/\/homeemotion.lt\/lt\/wp-json\/wp\/v2\/media?parent=247"}],"curies":[{"name":"wp","href":"https:\/\/api.w.org\/{rel}","templated":true}]}}